{"id":20521,"date":"2023-04-04T13:08:54","date_gmt":"2023-04-04T11:08:54","guid":{"rendered":"https:\/\/www.dvc.video\/extreme-dark-tehnologija\/"},"modified":"2023-04-05T14:58:19","modified_gmt":"2023-04-05T12:58:19","slug":"extreme-dark-tehnologija","status":"publish","type":"page","link":"https:\/\/www.dvc.video\/sl\/extreme-dark-tehnologija\/","title":{"rendered":"Extreme Dark tehnologija"},"content":{"rendered":"<p>[et_pb_section fb_built=&#8221;1&#8243; _builder_version=&#8221;4.20.2&#8243; _module_preset=&#8221;default&#8221; background_enable_color=&#8221;off&#8221; background_image=&#8221;https:\/\/www.dvc.video\/wp-content\/uploads\/2021\/03\/bcg-red-triangle.jpg&#8221; height_last_edited=&#8221;off|desktop&#8221; custom_padding=&#8221;34px||34px||true|false&#8221; global_module=&#8221;793&#8243; saved_tabs=&#8221;all&#8221; global_colors_info=&#8221;{}&#8221;][et_pb_row _builder_version=&#8221;4.16&#8243; _module_preset=&#8221;default&#8221; global_colors_info=&#8221;{}&#8221;][et_pb_column type=&#8221;4_4&#8243; _builder_version=&#8221;4.16&#8243; _module_preset=&#8221;default&#8221; global_colors_info=&#8221;{}&#8221;][et_pb_text _builder_version=&#8221;4.20.0&#8243; _dynamic_attributes=&#8221;content&#8221; _module_preset=&#8221;default&#8221; header_text_color=&#8221;#FFFFFF&#8221; header_line_height=&#8221;1.3em&#8221; header_font_size_tablet=&#8221;&#8221; header_font_size_phone=&#8221;&#8221; header_font_size_last_edited=&#8221;on|desktop&#8221; global_colors_info=&#8221;{}&#8221;]@ET-DC@eyJkeW5hbWljIjp0cnVlLCJjb250ZW50IjoicG9zdF90aXRsZSIsInNldHRpbmdzIjp7ImJlZm9yZSI6IjxoMT4iLCJhZnRlciI6IjxcL2gxPiJ9fQ==@[\/et_pb_text][\/et_pb_column][\/et_pb_row][\/et_pb_section][et_pb_section fb_built=&#8221;1&#8243; _builder_version=&#8221;4.20.2&#8243; _module_preset=&#8221;default&#8221; vertical_offset=&#8221;0px&#8221; global_colors_info=&#8221;{}&#8221;][et_pb_row _builder_version=&#8221;4.20.2&#8243; _module_preset=&#8221;default&#8221; vertical_offset=&#8221;-80px&#8221; horizontal_offset=&#8221;0px&#8221; hover_enabled=&#8221;0&#8243; global_colors_info=&#8221;{}&#8221; sticky_enabled=&#8221;0&#8243;][et_pb_column type=&#8221;4_4&#8243; _builder_version=&#8221;4.20.2&#8243; _module_preset=&#8221;default&#8221; global_colors_info=&#8221;{}&#8221;][et_pb_image src=&#8221;https:\/\/www.dvc.video\/wp-content\/uploads\/2023\/04\/2023_04_dvc_extremedark_header.png&#8221; align=&#8221;center&#8221; _builder_version=&#8221;4.20.2&#8243; _module_preset=&#8221;default&#8221; global_colors_info=&#8221;{}&#8221;][\/et_pb_image][et_pb_text _builder_version=&#8221;4.20.2&#8243; _module_preset=&#8221;default&#8221; global_colors_info=&#8221;{}&#8221;]<\/p>\n<h2>Popolna slika tudi v popolni temi!<\/h2>\n<p>Tehnologija DVC Extreme Dark je bila ustvarjena za delovanje kamer in izbolj\u0161anje kakovosti slike videonadzora tudi v ekstremnih pogojih, kot je popolna tema.<\/p>\n<p>Zahvaljujo\u010d dodatni LED lu\u010di lahko kamere Extreme Dark zagotovijo jasne slike, polne barv, tudi \u010de ni nobenega vira svetlobe, kot je luna ali uli\u010dne lu\u010di.<\/p>\n<p>[\/et_pb_text][et_pb_text _builder_version=&#8221;4.20.2&#8243; _module_preset=&#8221;default&#8221; global_colors_info=&#8221;{}&#8221;]<\/p>\n<h2>Videoanalitika deluje pono\u010di<\/h2>\n<p>Mo\u010dna zmo\u017enost tehnologije Extreme Dark za zajemanje podrobnosti pri \u0161ibki svetlobi izhaja iz napredne tehnologije le\u010d in visoko ob\u010dutljivih senzorjev. Za razliko od obi\u010dajnih objektivov, zahvaljujo\u010d super zaslonki, ki dose\u017ee F1.0, tehnologija Extreme Dark omogo\u010da vstop ve\u010d svetlobe v objektiv, s \u010dimer se pove\u010data svetlost in jasnost slike. Videoanaliti\u010dne funkcije, ki jih podpira oprema DVC, so: pre\u010dkanje \u010drte, sledenje predmetom, vdor v vesolje, \u0161tetje ljudi in\/ali vozil, gostota ljudi, prepoznavanje obrazov, prepoznavanje oseb in vozil, samodejno sledenje, prepoznavanje registrskih tablic vozil.<\/p>\n<p>[\/et_pb_text][et_pb_text _builder_version=&#8221;4.20.2&#8243; _module_preset=&#8221;default&#8221; global_colors_info=&#8221;{}&#8221;]<\/p>\n<h2>Nadzor z \u017eivimi barvnimi slikami 24\/7 <\/h2>\n<p>Visoko ob\u010dutljive kamere Extreme Dark so zasnovane za nadzorne sisteme, kjer so potrebne slike visoke lo\u010dljivosti tudi v zelo \u0161ibkih svetlobnih okoljih. Senzorji kamere Extreme Dark izkazujejo izjemno u\u010dinkovitost fotovoltai\u010dne pretvorbe. Uporabljajo napredno senzorsko tehnologijo \u2013 novo strukturo zbiranja svetlobe, ki mo\u010dno izbolj\u0161a izkoristek svetlobe. Testi ka\u017eejo, da kamere Extreme Dark dosledno zagotavljajo \u017eive in ostre slike do najni\u017ejih ravni svetlobe. Hkrati njihov samoprilagodljivi algoritem 3D DNR pri ISP zagotavlja visoko kakovost slike.<\/p>\n<p>[\/et_pb_text][et_pb_text _builder_version=&#8221;4.20.2&#8243; _module_preset=&#8221;default&#8221; global_colors_info=&#8221;{}&#8221;]<\/p>\n<h2>Kdaj se uporablja?<\/h2>\n<p>Ekstremno temne kamere bodo omogo\u010dile nemoten nadzor pono\u010di in tako za\u0161\u010ditile obod tovarne, vile ali vrta. Zaradi svoje zmo\u017enosti zajemanja odli\u010dnih \u017eivih slik kamere Extreme Dark zagotavljajo varnost tudi na slabo osvetljenih javnih mestih. So zanesljivo no\u010dno varovanje vseh slabo osvetljenih prostorov in vseh lokacij, kjer je slika lahko klju\u010dnega pomena, kot so prometna kri\u017ei\u0161\u010da ali parki, kot tudi vseh slabo osvetljenih lokacij, kjer je dodatna LED osvetlitev kamer klju\u010dnega pomena pri no\u010dnem delu.<\/p>\n<p>[\/et_pb_text][et_pb_video src=&#8221;https:\/\/youtu.be\/DOQ5SwP8mP4&#8243; _builder_version=&#8221;4.20.2&#8243; _module_preset=&#8221;default&#8221; global_colors_info=&#8221;{}&#8221;][\/et_pb_video][\/et_pb_column][\/et_pb_row][\/et_pb_section]<\/p>\n","protected":false},"excerpt":{"rendered":"<p>Popolna slika tudi v popolni temi! Tehnologija DVC Extreme Dark je bila ustvarjena za delovanje kamer in izbolj\u0161anje kakovosti slike videonadzora tudi v ekstremnih pogojih, kot je popolna tema. Zahvaljujo\u010d dodatni LED lu\u010di lahko kamere Extreme Dark zagotovijo jasne slike, polne barv, tudi \u010de ni nobenega vira svetlobe, kot je luna ali uli\u010dne lu\u010di.Videoanalitika deluje [&hellip;]<\/p>\n","protected":false},"author":9,"featured_media":0,"parent":0,"menu_order":0,"comment_status":"closed","ping_status":"closed","template":"","meta":{"_et_pb_use_builder":"on","_et_pb_old_content":"","_et_gb_content_width":"","footnotes":""},"class_list":["post-20521","page","type-page","status-publish","hentry"],"_links":{"self":[{"href":"https:\/\/www.dvc.video\/sl\/wp-json\/wp\/v2\/pages\/20521","targetHints":{"allow":["GET"]}}],"collection":[{"href":"https:\/\/www.dvc.video\/sl\/wp-json\/wp\/v2\/pages"}],"about":[{"href":"https:\/\/www.dvc.video\/sl\/wp-json\/wp\/v2\/types\/page"}],"author":[{"embeddable":true,"href":"https:\/\/www.dvc.video\/sl\/wp-json\/wp\/v2\/users\/9"}],"replies":[{"embeddable":true,"href":"https:\/\/www.dvc.video\/sl\/wp-json\/wp\/v2\/comments?post=20521"}],"version-history":[{"count":0,"href":"https:\/\/www.dvc.video\/sl\/wp-json\/wp\/v2\/pages\/20521\/revisions"}],"wp:attachment":[{"href":"https:\/\/www.dvc.video\/sl\/wp-json\/wp\/v2\/media?parent=20521"}],"curies":[{"name":"wp","href":"https:\/\/api.w.org\/{rel}","templated":true}]}}