{"id":10514,"date":"2021-04-22T08:29:37","date_gmt":"2021-04-22T06:29:37","guid":{"rendered":"https:\/\/www.dvc.video\/impressum\/"},"modified":"2025-09-12T13:02:13","modified_gmt":"2025-09-12T11:02:13","slug":"impressum","status":"publish","type":"page","link":"https:\/\/www.dvc.video\/sl\/impressum\/","title":{"rendered":"Impressum"},"content":{"rendered":"<p>[et_pb_section fb_built=&#8221;1&#8243; _builder_version=&#8221;4.20.2&#8243; _module_preset=&#8221;default&#8221; background_enable_color=&#8221;off&#8221; background_image=&#8221;https:\/\/www.dvc.video\/wp-content\/uploads\/2021\/03\/bcg-red-triangle.jpg&#8221; height_last_edited=&#8221;off|desktop&#8221; custom_padding=&#8221;34px||34px||true|false&#8221; global_module=&#8221;793&#8243; saved_tabs=&#8221;all&#8221; global_colors_info=&#8221;{}&#8221;][et_pb_row _builder_version=&#8221;4.16&#8243; _module_preset=&#8221;default&#8221; global_colors_info=&#8221;{}&#8221;][et_pb_column type=&#8221;4_4&#8243; _builder_version=&#8221;4.16&#8243; _module_preset=&#8221;default&#8221; global_colors_info=&#8221;{}&#8221;][et_pb_text _builder_version=&#8221;4.20.0&#8243; _dynamic_attributes=&#8221;content&#8221; _module_preset=&#8221;default&#8221; header_text_color=&#8221;#FFFFFF&#8221; header_line_height=&#8221;1.3em&#8221; header_font_size_tablet=&#8221;&#8221; header_font_size_phone=&#8221;&#8221; header_font_size_last_edited=&#8221;on|desktop&#8221; global_colors_info=&#8221;{}&#8221;]@ET-DC@eyJkeW5hbWljIjp0cnVlLCJjb250ZW50IjoicG9zdF90aXRsZSIsInNldHRpbmdzIjp7ImJlZm9yZSI6IjxoMT4iLCJhZnRlciI6IjxcL2gxPiJ9fQ==@[\/et_pb_text][\/et_pb_column][\/et_pb_row][\/et_pb_section][et_pb_section fb_built=&#8221;1&#8243; _builder_version=&#8221;4.16&#8243; _module_preset=&#8221;default&#8221; global_colors_info=&#8221;{}&#8221;][et_pb_row column_structure=&#8221;1_2,1_2&#8243; _builder_version=&#8221;4.16&#8243; _module_preset=&#8221;default&#8221; global_colors_info=&#8221;{}&#8221;][et_pb_column type=&#8221;1_2&#8243; _builder_version=&#8221;4.16&#8243; _module_preset=&#8221;default&#8221; global_colors_info=&#8221;{}&#8221;][et_pb_text _builder_version=&#8221;4.25.0&#8243; _module_preset=&#8221;default&#8221; header_2_font_size=&#8221;20px&#8221; header_2_line_height=&#8221;1.3em&#8221; global_colors_info=&#8221;{}&#8221;]<\/p>\n<h2>Sede\u017e<\/h2>\n<p><\/p>\n<p>Alarm automatika d.o.o.<br \/>Dra\u017eice 123c (Zamet)<br \/>51000 Reka<br \/>Hrva\u0161ka<\/p>\n<p><\/p>\n<p>OIB:\u00a030532290707<\/p>\n<p>[\/et_pb_text][et_pb_text _builder_version=&#8221;4.27.4&#8243; _module_preset=&#8221;default&#8221; header_2_font_size=&#8221;20px&#8221; header_2_line_height=&#8221;1.3em&#8221; hover_enabled=&#8221;0&#8243; global_colors_info=&#8221;{}&#8221; sticky_enabled=&#8221;0&#8243;]<\/p>\n<h2>Ljubljana<\/h2>\n<p><\/p>\n<p>Alarm automatika d.o.o.<br \/>Letali\u0161ka cesta 32<br \/>1000 Ljubljana<\/p>\n<p>[\/et_pb_text][\/et_pb_column][et_pb_column type=&#8221;1_2&#8243; _builder_version=&#8221;4.16&#8243; _module_preset=&#8221;default&#8221; global_colors_info=&#8221;{}&#8221;][et_pb_text _builder_version=&#8221;4.16&#8243; _module_preset=&#8221;default&#8221; header_2_font_size=&#8221;20px&#8221; header_2_line_height=&#8221;1.3em&#8221; global_colors_info=&#8221;{}&#8221;]<\/p>\n<p>Mati\u010dna \u0161t.: 5935245000<br \/>ID za DDV: SI28946677<\/p>\n<p>Transakcijski ra\u010dun pri NLB d.d. Ljubljana: SI56 0208 5001 1176 026<br \/>SWIFT BIC: LJBASI2X<br \/>IBAN: SI56 0208 5001 1176 026 v korist: ALARM AUTOMATIKA d.o.o., Letali\u0161ka cesta 32, SI-1000 Ljubljana<\/p>\n<p>[\/et_pb_text][\/et_pb_column][\/et_pb_row][\/et_pb_section]<\/p>\n","protected":false},"excerpt":{"rendered":"<p>Sede\u017eAlarm automatika d.o.o.Dra\u017eice 123c (Zamet)51000 RekaHrva\u0161kaOIB:\u00a030532290707LjubljanaAlarm automatika d.o.o.Letali\u0161ka cesta 321000 LjubljanaMati\u010dna \u0161t.: 5935245000ID za DDV: SI28946677Transakcijski ra\u010dun pri NLB d.d. Ljubljana: SI56 0208 5001 1176 026SWIFT BIC: LJBASI2XIBAN: SI56 0208 5001 1176 026 v korist: ALARM AUTOMATIKA d.o.o., Letali\u0161ka cesta 32, SI-1000 Ljubljana<\/p>\n","protected":false},"author":9,"featured_media":0,"parent":0,"menu_order":0,"comment_status":"closed","ping_status":"closed","template":"","meta":{"_et_pb_use_builder":"on","_et_pb_old_content":"","_et_gb_content_width":"","footnotes":""},"class_list":["post-10514","page","type-page","status-publish","hentry"],"_links":{"self":[{"href":"https:\/\/www.dvc.video\/sl\/wp-json\/wp\/v2\/pages\/10514","targetHints":{"allow":["GET"]}}],"collection":[{"href":"https:\/\/www.dvc.video\/sl\/wp-json\/wp\/v2\/pages"}],"about":[{"href":"https:\/\/www.dvc.video\/sl\/wp-json\/wp\/v2\/types\/page"}],"author":[{"embeddable":true,"href":"https:\/\/www.dvc.video\/sl\/wp-json\/wp\/v2\/users\/9"}],"replies":[{"embeddable":true,"href":"https:\/\/www.dvc.video\/sl\/wp-json\/wp\/v2\/comments?post=10514"}],"version-history":[{"count":2,"href":"https:\/\/www.dvc.video\/sl\/wp-json\/wp\/v2\/pages\/10514\/revisions"}],"predecessor-version":[{"id":35239,"href":"https:\/\/www.dvc.video\/sl\/wp-json\/wp\/v2\/pages\/10514\/revisions\/35239"}],"wp:attachment":[{"href":"https:\/\/www.dvc.video\/sl\/wp-json\/wp\/v2\/media?parent=10514"}],"curies":[{"name":"wp","href":"https:\/\/api.w.org\/{rel}","templated":true}]}}