{"id":10487,"date":"2021-03-04T14:02:51","date_gmt":"2021-03-04T13:02:51","guid":{"rendered":"https:\/\/www.dvc.video\/varstvo-zasebnosti\/"},"modified":"2021-10-12T15:35:20","modified_gmt":"2021-10-12T13:35:20","slug":"varstvo-zasebnosti","status":"publish","type":"page","link":"https:\/\/www.dvc.video\/sl\/varstvo-zasebnosti\/","title":{"rendered":"Varstvo zasebnosti"},"content":{"rendered":"<p>[et_pb_section fb_built=&#8221;1&#8243; _builder_version=&#8221;4.9.2&#8243; _module_preset=&#8221;default&#8221; background_enable_color=&#8221;off&#8221; background_image=&#8221;https:\/\/www.dvc.video\/wp-content\/uploads\/2021\/03\/bcg-red-triangle.jpg&#8221; height=&#8221;150px&#8221; height_last_edited=&#8221;off|desktop&#8221; custom_padding=&#8221;0px||0px||true|false&#8221; global_module=&#8221;793&#8243;][et_pb_row _builder_version=&#8221;4.9.2&#8243; _module_preset=&#8221;default&#8221;][et_pb_column type=&#8221;4_4&#8243; _builder_version=&#8221;4.9.2&#8243; _module_preset=&#8221;default&#8221;][et_pb_text _builder_version=&#8221;4.9.7&#8243; _dynamic_attributes=&#8221;content&#8221; _module_preset=&#8221;default&#8221; header_text_color=&#8221;#FFFFFF&#8221; header_line_height=&#8221;1.3em&#8221; header_font_size_tablet=&#8221;&#8221; header_font_size_phone=&#8221;&#8221; header_font_size_last_edited=&#8221;on|desktop&#8221;]@ET-DC@eyJkeW5hbWljIjp0cnVlLCJjb250ZW50IjoicG9zdF90aXRsZSIsInNldHRpbmdzIjp7ImJlZm9yZSI6IjxoMT4iLCJhZnRlciI6IjxcL2gxPiJ9fQ==@[\/et_pb_text][\/et_pb_column][\/et_pb_row][\/et_pb_section][et_pb_section fb_built=&#8221;1&#8243; _builder_version=&#8221;4.9.4&#8243; _module_preset=&#8221;default&#8221;][et_pb_row _builder_version=&#8221;4.9.4&#8243; _module_preset=&#8221;default&#8221;][et_pb_column type=&#8221;4_4&#8243; _builder_version=&#8221;4.9.4&#8243; _module_preset=&#8221;default&#8221;][et_pb_text _builder_version=&#8221;4.9.4&#8243; _module_preset=&#8221;default&#8221; header_2_font_size=&#8221;30px&#8221; header_2_line_height=&#8221;1.3em&#8221;]<\/p>\n<h2>Obveza zaupnosti podatkov<\/h2>\n<p>Podjetju Alarm automatika d.o.o. je pomembna za\u0161\u010dita varnosti in privatnosti osebnih podatkov; iz tega razloga posluje v skladu z veljavnimi zakoni o za\u0161\u010diti in varstvu podatkov.<\/p>\n<p>V nadaljevanju navajamo, katere podatke Alarm automatika d.o.o. lahko zbira, kako jih uporablja in hrani in komu jih lahko posreduje.<\/p>\n<p><h2>Osebni podatki<\/h2>\n<\/p>\n<p>Alarm automatika d.o.o. ne bo zbirala nobenih osebnih podatkov preko svojih spletnih strani (npr. va\u0161e ime, naslov, telefonsko \u0161tevilko ali e-po\u0161tni naslov), razen \u010de jih prostovoljno posredujete (npr. s prijavo, anketo), \u010de date svoje soglasje ali \u010de tako dovoljujejo veljavni zakoni in predpisi za varstvo osebnih podatkov.<\/p>\n<p><h2>Namen<\/h2>\n<\/p>\n<p>Z zagotavljanjem svojih osebnih podatkov se strinjate, da jih lahko uporabimo za odgovor na va\u0161o poizvedbo, obdelavo naro\u010dila ali prepustitev dostopa posebnim informacijam ali ponudbam. Poleg tega, da bi vzpostavili odnos z vami kot z uporabnikom:<\/p>\n<ul>\n<li>lahko hranimo in obdelujemo podatke, kar zagotavlja bolj\u0161e razumevanje va\u0161ih poslovnih potreb in iskanje na\u010dinov za izbolj\u0161anje na\u0161ih izdelkov in storitev;<\/li>\n<li>lahko uporabimo osebne podatke, da se obrnemo na vas glede ponudbe Alarm automatike d.o.o., za podporo va\u0161im poslovnim potrebam ali<\/li>\n<li>za izvajane spletne ankete, ki bi nam pomagala bolj\u0161e razumeti potrebe kupcev.<\/li>\n<\/ul>\n<p>\u010ce ne \u017eelite, da se va\u0161i osebni podatki uporabljajo za podporo odnosov s kupci (zlasti za neposredno tr\u017eenje ali tr\u017ene raziskave), bomo spo\u0161tovali va\u0161o izbiro. Va\u0161ih osebnih podatkov ne prodajamo niti ne posredujemo na trgu tretjim osebam.<\/p>\n<h2>Omejitev namena<\/h2>\n<p>Alarm automatika d.o.o. bo zbirala, uporabljala ali objavila osebne podatke, ki jih posredujete samo za namene, ki so vam znani, razen \u010de je tak\u0161no razkritje:<\/p>\n<ul>\n<li>uporaba osebnih podatkov za druge namene, ki so neposredno povezani s prvotnim namenom, za katerega so osebni podatki zbirani,<\/li>\n<li>potrebno za pripravo, pogajanje in izvr\u0161itev pogodbe z vami,<\/li>\n<li>obvezno po zakonu ali \u010de tako zahtevajo ustrezni dr\u017eavni ali pravosodni organi,<\/li>\n<li>potrebno za vodenje sodnega ali drugega postopka<\/li>\n<li>ter je potrebno za prepre\u010devanje goljufije ali ostalih nezakonitih dejanj v informacijsko-tehnolo\u0161kem sistemu Alarm automatike d.o.o.<\/li>\n<\/ul>\n<p><h2>Podatki o komunikaciji ali podatki o uporabi<\/h2>\n<\/p>\n<p>Z uporabo telekomunikacijskih storitev za dostop mre\u017enim stranem so va\u0161i podatki o komunikaciji (npr. IP-naslov) ali podatki o uporabi (npr. informacije o za\u010detku, koncu in obsegu vsakega dostopa in informacije o telekomunikacijskih storitvah, do katerih ste dostopali) tehni\u010dno generirani in bi se lahko potencialno nana\u0161ali na osebne podatke. \u010ce obstaja nujna potreba, va\u0161i podatki o komunikaciji ali uporabi bodo zbrani, obdelani in uporabljeni v skladu z veljavnim pravnim okvirjem glede na za\u0161\u010dito in varnost podatkov.<\/p>\n<p>Neosebni podatki, ki se samodejno zbirajo<br \/>\nKo dostopate do na\u0161ih spletnih straneh, mi lahko samodejno (tj. ne s prijavo) zbiramo neosebne podatke (npr. vrsta internetnega brskalnika in operacijskega sistema, ki ga uporabljate, naziv domene spletnih straneh s katerih dostopate, \u0161tevilo obiskov, povpre\u010dni \u010das, ki je porabljen na straneh, pregledane spletne strani). Te podatke lahko uporabimo in izmenjujemo, da bi spremljali obiske na\u0161ih spletnih straneh in izbolj\u0161ali njihovo delo ali vsebino.<\/p>\n<p><h2>Cookies t. i. pi\u0161kotki \u2013 informacije, ki se samodejno shranijo na va\u0161 ra\u010dunalnik<\/h2>\n<\/p>\n<p>Ko pogledate nekatero na\u0161o spletno stran, mi v obliki pi\u0161kotka lahko shranimo dolo\u010dene podatke na va\u0161 ra\u010dunalnik, da bi pri naslednjem obisku samodejno prepoznali va\u0161 ra\u010dunalnik. Pi\u0161kotki nam lahko pomagajo na razli\u010dne na\u010dine, na primer, da spletne strani bolj\u0161e prilagodimo va\u0161im interesom ali da shranimo va\u0161e geslo, ki vam ga potem ni treba vsaki\u010d znova vna\u0161ati. \u010ce ne \u017eelite prejemati pi\u0161kotkov, potem v nastavitvah svojega internetskega brskalnika nastavite brisanje pi\u0161kotkov s trdega diska, blokado vseh pi\u0161kotkov ali prejemanje opozorila, preden shranite pi\u0161kotek.<\/p>\n<h2>Varnost<\/h2>\n<p>Podjetje Alarm automatika d.o.o. sprejema tehni\u0161ke in organizacijske ukrepe za varstvo osebnih podatkov pred naklju\u010dnim ali nezakonitim uni\u010denjem, izgubo ali spremembo ter nepoobla\u0161\u010denim razkritjem ali dostopom.<\/p>\n<p>Povezave do drugih spletnih strani<br \/>\nSpletne strani Alarm automatika d.o.o. vsebujejo povezave do drugih spletnih strani in ona ni odgovorna za prakso v zvezi z zasebnostjo ali vsebino drugih spletnih strani.<\/p>\n<h2>Vpra\u0161anja in komentarji<\/h2>\n<p>Alarm automatika d.o.o. bo odgovorila na razumne zahteve za pregled osebnih podatkov ter za popravljanje, dopolnitev ali brisanje neto\u010dnih podatkov. Redno preverjajte to stran in si zagotovite vse najnovej\u0161e informacije.<\/p>\n<h2>Registracija uporabnika<\/h2>\n<p>Uporabnik z registracijo daje osebno soglasje k zbiranju, uporabi, obdelavi in prenosu svojih osebnih podatkov. Registrira se lahko samo polnoletna oseba.<\/p>\n<h2>Soglasje<\/h2>\n<p>Uporabnik pri registraciji z izbiro mo\u017enosti \u201eStrinjam se s pravili uporabe\u201c daje osebno soglasje k zbiranju, uporabi, obdelavi in prenosu svojih osebnih podatkov, ki so potrebni za uporabo spletnih straneh, vklju\u010dno s (vendar ne omejeno na):<\/p>\n<ul>\n<li>soglasnostjo, da Alarm automatika d.o.o. lahko v skladu z dolo\u010dbami Zakona o varstvu osebnih podatkov obdeluje osebne podatke za namene lastnih evidenc in statistik, za namene ustvarjanja baze podatkov o kupcih, obve\u0161\u010danju o izdelkih in storitvah, za namene informiranja o dostavi, za namene dostave promocijskih materialov, izbolj\u0161anje odnosa do kupcev ter izbolj\u0161anje storitev. Alarm automatika d.o.o. lahko navedene podatke posreduje tretjim osebam za opravljanje storitev, varovanje interesov uporabnika in Alarm automatike d.o.o. ter prepre\u010devanje morebitnih zlorab;<\/li>\n<li>potrebo za \u010dim bolj\u0161im vpogledom in razumevanje posameznih potreb in zahtev uporabnikov ter razvijanju mo\u017enosti \u010dim bolj\u0161e kakovosti opravljanja vseh storitev Alarm automatike d.o.o., kar ima za posledico pove\u010dano zadovoljstvo uporabnikov; soglasje, da se Alarm automatika d.o.o. lahko na njega obrne pisno, telefonski, s SMS-om in\/ali po elektronski po\u0161ti in na njegov naslov dostavlja materiale, s katerimi ga obve\u0161\u010da o ugodnostih in novostih v svoji ponudbi; posredovanje podatkov tretjim osebam, ki so potrebni za izvajanje zgoraj omenjenih namenov.<\/li>\n<\/ul>\n<p>Upravljalec Va\u0161ih osebnih podatkov je podjetje Alarm automatika d.o.o., na naslovu Dra\u017eice 123\/c (Zamet), Reka.<\/p>\n<p>V skladu s 7. \u010dlenom Splo\u0161ne uredbe o varstvu podatkov, Posameznik ima pravico v vsakem trenutku umakniti svojo privolitev. Umik privolitve ne vpliva na zakonitost obdelave na podlagi privolitve pred njenim umikom. O tem se pred privolitvijo obvesti Posameznika. Umik privolitve mora biti enako enostaven kot dajanje privolitve.<\/p>\n<p>Umik lahko vlo\u017eite osebno v pisarnah Alarm automatike d.o.o., po po\u0161ti na zgoraj omejeni naslov ali po elektronski po\u0161ti na gdpr@alarmautomatika.com.<\/p>\n<p>Po natan\u010dnem branju in razumevanju informacij v tej Izjavi, dovoljujete, da Alarm automatika d.o.o., kot Upravljalec osebnih podatkov in uporabnik, obdeluje in uporablja va\u0161e osebne podatke, zbrane na teh spletnih straneh, da se omogo\u010di dostop in pobude, ki se preko njih ponujajo, za tr\u017ene raziskave, po\u0161iljanje informacij, ponudb in promocijskih materialov o novih storitvah in\/ali izdelkih, ki so na voljo v Alarm automatiki d.o.o.<\/p>\n<p>S tem izrecno izjavljate, da ste starej\u0161i od 18 let in da lahko zakonito posredujete privolitev za obdelavo osebnih podatkov, obenem pa potrjujete, da ste sprejeli Pravne pogoje uporabe spletnih strani Alarm automatike d.o.o. in Izjavo o varovanju zasebnosti na spletnih straneh Alarm automatike d.o.o., s katero ste seznanjeni.<\/p>\n<p>[\/et_pb_text][\/et_pb_column][\/et_pb_row][\/et_pb_section]<\/p>\n","protected":false},"excerpt":{"rendered":"<p>Obveza zaupnosti podatkov Podjetju Alarm automatika d.o.o. je pomembna za\u0161\u010dita varnosti in privatnosti osebnih podatkov; iz tega razloga posluje v skladu z veljavnimi zakoni o za\u0161\u010diti in varstvu podatkov. V nadaljevanju navajamo, katere podatke Alarm automatika d.o.o. lahko zbira, kako jih uporablja in hrani in komu jih lahko posreduje. Osebni podatki Alarm automatika d.o.o. ne [&hellip;]<\/p>\n","protected":false},"author":9,"featured_media":0,"parent":0,"menu_order":0,"comment_status":"closed","ping_status":"closed","template":"","meta":{"_et_pb_use_builder":"on","_et_pb_old_content":"","_et_gb_content_width":"","footnotes":""},"class_list":["post-10487","page","type-page","status-publish","hentry"],"_links":{"self":[{"href":"https:\/\/www.dvc.video\/sl\/wp-json\/wp\/v2\/pages\/10487","targetHints":{"allow":["GET"]}}],"collection":[{"href":"https:\/\/www.dvc.video\/sl\/wp-json\/wp\/v2\/pages"}],"about":[{"href":"https:\/\/www.dvc.video\/sl\/wp-json\/wp\/v2\/types\/page"}],"author":[{"embeddable":true,"href":"https:\/\/www.dvc.video\/sl\/wp-json\/wp\/v2\/users\/9"}],"replies":[{"embeddable":true,"href":"https:\/\/www.dvc.video\/sl\/wp-json\/wp\/v2\/comments?post=10487"}],"version-history":[{"count":0,"href":"https:\/\/www.dvc.video\/sl\/wp-json\/wp\/v2\/pages\/10487\/revisions"}],"wp:attachment":[{"href":"https:\/\/www.dvc.video\/sl\/wp-json\/wp\/v2\/media?parent=10487"}],"curies":[{"name":"wp","href":"https:\/\/api.w.org\/{rel}","templated":true}]}}