{"id":10449,"date":"2021-03-09T11:23:32","date_gmt":"2021-03-09T10:23:32","guid":{"rendered":"https:\/\/www.dvc.video\/video-domofon\/"},"modified":"2023-04-11T15:16:57","modified_gmt":"2023-04-11T13:16:57","slug":"video-domofoni","status":"publish","type":"page","link":"https:\/\/www.dvc.video\/sl\/video-domofoni\/","title":{"rendered":"Video domofoni"},"content":{"rendered":"<p>[et_pb_section fb_built=&#8221;1&#8243; _builder_version=&#8221;4.20.2&#8243; _module_preset=&#8221;default&#8221; background_enable_color=&#8221;off&#8221; background_image=&#8221;https:\/\/www.dvc.video\/wp-content\/uploads\/2021\/03\/bcg-red-triangle.jpg&#8221; height=&#8221;150px&#8221; height_last_edited=&#8221;off|desktop&#8221; custom_padding=&#8221;34px||34px||true|false&#8221; global_module=&#8221;793&#8243; saved_tabs=&#8221;all&#8221; global_colors_info=&#8221;{}&#8221;][et_pb_row _builder_version=&#8221;4.16&#8243; _module_preset=&#8221;default&#8221; global_colors_info=&#8221;{}&#8221;][et_pb_column type=&#8221;4_4&#8243; _builder_version=&#8221;4.16&#8243; _module_preset=&#8221;default&#8221; global_colors_info=&#8221;{}&#8221;][et_pb_text _builder_version=&#8221;4.20.0&#8243; _dynamic_attributes=&#8221;content&#8221; _module_preset=&#8221;default&#8221; header_text_color=&#8221;#FFFFFF&#8221; header_line_height=&#8221;1.3em&#8221; header_font_size_tablet=&#8221;&#8221; header_font_size_phone=&#8221;&#8221; header_font_size_last_edited=&#8221;on|desktop&#8221; global_colors_info=&#8221;{}&#8221;]@ET-DC@eyJkeW5hbWljIjp0cnVlLCJjb250ZW50IjoicG9zdF90aXRsZSIsInNldHRpbmdzIjp7ImJlZm9yZSI6IjxoMT4iLCJhZnRlciI6IjxcL2gxPiJ9fQ==@[\/et_pb_text][\/et_pb_column][\/et_pb_row][\/et_pb_section][et_pb_section fb_built=&#8221;1&#8243; _builder_version=&#8221;4.16&#8243; _module_preset=&#8221;default&#8221; global_colors_info=&#8221;{}&#8221;][et_pb_row _builder_version=&#8221;4.16&#8243; _module_preset=&#8221;default&#8221; global_colors_info=&#8221;{}&#8221;][et_pb_column type=&#8221;4_4&#8243; _builder_version=&#8221;4.16&#8243; _module_preset=&#8221;default&#8221; global_colors_info=&#8221;{}&#8221;][et_pb_text _builder_version=&#8221;4.20.2&#8243; _module_preset=&#8221;default&#8221; hover_enabled=&#8221;0&#8243; global_colors_info=&#8221;{}&#8221; sticky_enabled=&#8221;0&#8243;]<\/p>\n<p>Linija video domofonov DVC ponuja obse\u017een nabor izdelkov, ki uporabniku zagotavljajo prakti\u010dno in preprosto dvosmerno avdio in video komunikacijo. Izbirajte med na\u0161o visokozmogljivo linijo izdelkov IP ali 2-\u017eilnih video domofonov, ki se bodo prilagodili vsaki aplikaciji.<\/p>\n<p>[\/et_pb_text][et_pb_text _builder_version=&#8221;4.20.2&#8243; _module_preset=&#8221;default&#8221; hover_enabled=&#8221;0&#8243; global_colors_info=&#8221;{}&#8221; sticky_enabled=&#8221;0&#8243;]<\/p>\n<h2>IP video domofonski sistemi<\/h2>\n<p>IP video domofonski sistem DVC je stabilen, prilagodljiv, ekonomi\u010den ter enostaven za namestitev in uporabo.<\/p>\n<ul>\n<li>Povezovanje preko wi-fi<\/li>\n<li>Pregled IP kamer<\/li>\n<li>Integracija s kamerami skoraj vseh proizvajalcev Quad view i slika u slici<\/li>\n<li>Quad view i slika u slici<\/li>\n<li>Preusmeritev klica v aplikacijo<\/li>\n<\/ul>\n<p>IP video domofonski sistem je primeren za manj\u0161e, srednje in velike in\u0161talacije, od hi\u0161 in vil, do objektov z ve\u010d vhodi ali kompleksnimi sistemi.<\/p>\n<p>[\/et_pb_text][et_pb_text _builder_version=&#8221;4.20.2&#8243; _module_preset=&#8221;default&#8221; hover_enabled=&#8221;0&#8243; global_colors_info=&#8221;{}&#8221; sticky_enabled=&#8221;0&#8243;]<\/p>\n<h2>2-\u017eilni video domofonski sistemi<\/h2>\n<p>Enostavnost o\u017ei\u010denja in prilagodljivost naredita DVC 2-\u017ei\u010dni video domofonski sistem kakovostno izbiro tako za monterja kot za kon\u010dnega uporabnika. Najve\u010dja prednost za monterja tega sistema je mo\u017enost uporabe obstoje\u010de, stare in\u0161talacije ali enostavnost vgradnje nove, kar pomeni ni\u017eje stro\u0161ke za kon\u010dnega uporabnika.<\/p>\n<ul>\n<li>Kapaciteta sistema do 256 stanovanj <\/li>\n<li>Enostavna konfiguracija in avtomatsko zaznavanje elementov v sistemu<\/li>\n<li>Quad pogled in slika v sliki<\/li>\n<li>Preusmeritev klica v aplikacijo <\/li>\n<\/ul>\n<p>[\/et_pb_text][et_pb_text _builder_version=&#8221;4.20.2&#8243; _module_preset=&#8221;default&#8221; hover_enabled=&#8221;0&#8243; global_colors_info=&#8221;{}&#8221; sticky_enabled=&#8221;0&#8243;]<\/p>\n<h2>Modularnost sistema<\/h2>\n<p>Modularnost DVC video domofonskih sistemov omogo\u010da prilagajanje specifi\u010dnim \u017eeljam in finan\u010dnim zmo\u017enostim uporabnika ter enostavnej\u0161e raz\u0161iritve v primeru potrebe.[\/et_pb_text][et_pb_text _builder_version=&#8221;4.20.2&#8243; _module_preset=&#8221;default&#8221; hover_enabled=&#8221;0&#8243; global_colors_info=&#8221;{}&#8221; sticky_enabled=&#8221;0&#8243;]<\/p>\n<h2>Kvaliteta slike<\/h2>\n<p>Ve\u010dina zunanjih enot video domofona DVC je opremljena s \u0161irokokotno (FishEye) barvno kamero, ki pokriva vidni kot 170\u02da (vodoravno) in 130\u02da (navpi\u010dno). Te lastnosti omogo\u010dajo uporabniku veliko la\u017ejo identifikacijo ljudi in bolj\u0161i vpogled v podrobnosti.<\/p>\n<p>[\/et_pb_text][et_pb_text _builder_version=&#8221;4.20.2&#8243; _module_preset=&#8221;default&#8221; hover_enabled=&#8221;0&#8243; global_colors_info=&#8221;{}&#8221; sticky_enabled=&#8221;0&#8243;]<\/p>\n<h2>VDP Connect aplikacija<\/h2>\n<p>VDP aplikacija bo uporabniku omogo\u010dala enostavno upravljanje video domofonskega sistema DVC. Z aplikacijo lahko uporabnik sprejme klic z zunanje enote, se pogovarja z obiskovalci prek mobilne naprave in upravlja odklepanje.<\/p>\n<p>[\/et_pb_text][\/et_pb_column][\/et_pb_row][\/et_pb_section]<\/p>\n","protected":false},"excerpt":{"rendered":"<p>Linija video domofonov DVC ponuja obse\u017een nabor izdelkov, ki uporabniku zagotavljajo prakti\u010dno in preprosto dvosmerno avdio in video komunikacijo. Izbirajte med na\u0161o visokozmogljivo linijo izdelkov IP ali 2-\u017eilnih video domofonov, ki se bodo prilagodili vsaki aplikaciji.IP video domofonski sistemi IP video domofonski sistem DVC je stabilen, prilagodljiv, ekonomi\u010den ter enostaven za namestitev in uporabo. Povezovanje [&hellip;]<\/p>\n","protected":false},"author":9,"featured_media":0,"parent":0,"menu_order":0,"comment_status":"closed","ping_status":"closed","template":"","meta":{"_et_pb_use_builder":"on","_et_pb_old_content":"","_et_gb_content_width":"","footnotes":""},"class_list":["post-10449","page","type-page","status-publish","hentry"],"_links":{"self":[{"href":"https:\/\/www.dvc.video\/sl\/wp-json\/wp\/v2\/pages\/10449","targetHints":{"allow":["GET"]}}],"collection":[{"href":"https:\/\/www.dvc.video\/sl\/wp-json\/wp\/v2\/pages"}],"about":[{"href":"https:\/\/www.dvc.video\/sl\/wp-json\/wp\/v2\/types\/page"}],"author":[{"embeddable":true,"href":"https:\/\/www.dvc.video\/sl\/wp-json\/wp\/v2\/users\/9"}],"replies":[{"embeddable":true,"href":"https:\/\/www.dvc.video\/sl\/wp-json\/wp\/v2\/comments?post=10449"}],"version-history":[{"count":0,"href":"https:\/\/www.dvc.video\/sl\/wp-json\/wp\/v2\/pages\/10449\/revisions"}],"wp:attachment":[{"href":"https:\/\/www.dvc.video\/sl\/wp-json\/wp\/v2\/media?parent=10449"}],"curies":[{"name":"wp","href":"https:\/\/api.w.org\/{rel}","templated":true}]}}