{"id":10446,"date":"2021-03-09T11:21:34","date_gmt":"2021-03-09T10:21:34","guid":{"rendered":"https:\/\/www.dvc.video\/veliki-poslovni-sistemi\/"},"modified":"2021-10-13T10:03:50","modified_gmt":"2021-10-13T08:03:50","slug":"veliki-poslovni-sistemi","status":"publish","type":"page","link":"https:\/\/www.dvc.video\/sl\/veliki-poslovni-sistemi\/","title":{"rendered":"Veliki poslovni sistemi"},"content":{"rendered":"<p>[et_pb_section fb_built=&#8221;1&#8243; _builder_version=&#8221;4.9.2&#8243; _module_preset=&#8221;default&#8221; background_enable_color=&#8221;off&#8221; background_image=&#8221;https:\/\/www.dvc.video\/wp-content\/uploads\/2021\/03\/bcg-red-triangle.jpg&#8221; height=&#8221;150px&#8221; height_last_edited=&#8221;off|desktop&#8221; custom_padding=&#8221;0px||0px||true|false&#8221; global_module=&#8221;793&#8243;][et_pb_row _builder_version=&#8221;4.9.2&#8243; _module_preset=&#8221;default&#8221;][et_pb_column type=&#8221;4_4&#8243; _builder_version=&#8221;4.9.2&#8243; _module_preset=&#8221;default&#8221;][et_pb_text _builder_version=&#8221;4.9.7&#8243; _dynamic_attributes=&#8221;content&#8221; _module_preset=&#8221;default&#8221; header_text_color=&#8221;#FFFFFF&#8221; header_line_height=&#8221;1.3em&#8221; header_font_size_tablet=&#8221;&#8221; header_font_size_phone=&#8221;&#8221; header_font_size_last_edited=&#8221;on|desktop&#8221;]@ET-DC@eyJkeW5hbWljIjp0cnVlLCJjb250ZW50IjoicG9zdF90aXRsZSIsInNldHRpbmdzIjp7ImJlZm9yZSI6IjxoMT4iLCJhZnRlciI6IjxcL2gxPiJ9fQ==@[\/et_pb_text][\/et_pb_column][\/et_pb_row][\/et_pb_section][et_pb_section fb_built=&#8221;1&#8243; _builder_version=&#8221;4.9.2&#8243; _module_preset=&#8221;default&#8221;][et_pb_row _builder_version=&#8221;4.9.2&#8243; _module_preset=&#8221;default&#8221;][et_pb_column type=&#8221;4_4&#8243; _builder_version=&#8221;4.9.2&#8243; _module_preset=&#8221;default&#8221;][et_pb_text _builder_version=&#8221;4.9.2&#8243; _module_preset=&#8221;default&#8221;]<\/p>\n<p>Industrijski objekti ter poslovni sistemi zahtevajo visoko stopnjo varovanje, s tem pa visoko zanesljivost video nadzornih sistemov.<\/p>\n<p>[\/et_pb_text][\/et_pb_column][\/et_pb_row][et_pb_row _builder_version=&#8221;4.9.4&#8243; _module_preset=&#8221;default&#8221;][et_pb_column type=&#8221;4_4&#8243; _builder_version=&#8221;4.9.4&#8243; _module_preset=&#8221;default&#8221;][et_pb_text _builder_version=&#8221;4.9.2&#8243; _module_preset=&#8221;default&#8221;]<\/p>\n<h2>Do 30.000 kamer<\/h2>\n<p>\u0160irok nabor in fleksibilnost DVC video nadzornih sistemov, omogo\u010da uporabo v objektih razli\u010dnih velikosti ter namenov \u2013 od stanovanjskih  ter manj\u0161ih poslovnih objektov, do kompleksnih visoko rizi\u010dnih objektov, katere uporablja ve\u010dje \u0161tevilo oseb. Kompleksnost sistema lahko dose\u017ee do 30.000 kanalov (kamer).<\/p>\n<p>[\/et_pb_text][\/et_pb_column][\/et_pb_row][et_pb_row _builder_version=&#8221;4.9.4&#8243; _module_preset=&#8221;default&#8221;][et_pb_column type=&#8221;4_4&#8243; _builder_version=&#8221;4.9.4&#8243; _module_preset=&#8221;default&#8221;][et_pb_text _builder_version=&#8221;4.9.2&#8243; _module_preset=&#8221;default&#8221;]<\/p>\n<h2>Integracijska programska oprema<\/h2>\n<p>V bolj ogro\u017eenih objektih, se pojavlja potreba po kombinaciji razli\u010dnih tipov sistemov tehni\u010dnega varovanje. Skupna centralizacija in integracija zagotavlja najvi\u0161ji mo\u017eno nivo varovanje na objektu. Video nadzorni sistem tudi bistveno pripomore k prevenciji ter identifikaciji po dogodku, predvsem z uporabo DVC NVMS 2.0 stre\u017eni\u0161ke programske opreme. To je centralno nadzorni sistem (CNS) za video nadzore, posebej izdelan za IP sistemi, preko katerega lahko administrator upravlja ter nadzira do 30.000 kamer v realnem \u010dasu.<\/p>\n<p>[\/et_pb_text][\/et_pb_column][\/et_pb_row][et_pb_row _builder_version=&#8221;4.9.4&#8243; _module_preset=&#8221;default&#8221;][et_pb_column type=&#8221;4_4&#8243; _builder_version=&#8221;4.9.4&#8243; _module_preset=&#8221;default&#8221;][et_pb_text _builder_version=&#8221;4.9.2&#8243; _module_preset=&#8221;default&#8221;]<\/p>\n<h2>Termalne re\u0161itve<\/h2>\n<p>Odgovorno ravnanje, pomeni zagotavljanje varnosti za vsakega zaposlenega, obiskovalca ali stranko. To je mogo\u010de z \u0161tirimi inovativnimi re\u0161itvami DVC sistemov, za brez-kontaktno merjenje temperature.<\/p>\n<p>Naprave se razlikujejo predvsem glede na \u0161tevilo podatkov, ki jih lahko obdelajo v nekem \u010dasovnem obdobju. Naprave, ki lahko najhitreje procesirajo podatke in imajo pametno video analitiko so primerne za objekte z visoko frekvenco prehodov kot so: trgovski centri, letali\u0161\u010da, avtobusne ter \u017eelezni\u0161ke postaje, pristani\u0161\u010da ter druge transportne postaje.\n<\/p>\n<p>[\/et_pb_text][\/et_pb_column][\/et_pb_row][\/et_pb_section]<\/p>\n","protected":false},"excerpt":{"rendered":"<p>Industrijski objekti ter poslovni sistemi zahtevajo visoko stopnjo varovanje, s tem pa visoko zanesljivost video nadzornih sistemov.Do 30.000 kamer \u0160irok nabor in fleksibilnost DVC video nadzornih sistemov, omogo\u010da uporabo v objektih razli\u010dnih velikosti ter namenov \u2013 od stanovanjskih ter manj\u0161ih poslovnih objektov, do kompleksnih visoko rizi\u010dnih objektov, katere uporablja ve\u010dje \u0161tevilo oseb. Kompleksnost sistema lahko [&hellip;]<\/p>\n","protected":false},"author":9,"featured_media":0,"parent":0,"menu_order":0,"comment_status":"closed","ping_status":"closed","template":"","meta":{"_et_pb_use_builder":"on","_et_pb_old_content":"","_et_gb_content_width":"","footnotes":""},"class_list":["post-10446","page","type-page","status-publish","hentry"],"_links":{"self":[{"href":"https:\/\/www.dvc.video\/sl\/wp-json\/wp\/v2\/pages\/10446","targetHints":{"allow":["GET"]}}],"collection":[{"href":"https:\/\/www.dvc.video\/sl\/wp-json\/wp\/v2\/pages"}],"about":[{"href":"https:\/\/www.dvc.video\/sl\/wp-json\/wp\/v2\/types\/page"}],"author":[{"embeddable":true,"href":"https:\/\/www.dvc.video\/sl\/wp-json\/wp\/v2\/users\/9"}],"replies":[{"embeddable":true,"href":"https:\/\/www.dvc.video\/sl\/wp-json\/wp\/v2\/comments?post=10446"}],"version-history":[{"count":0,"href":"https:\/\/www.dvc.video\/sl\/wp-json\/wp\/v2\/pages\/10446\/revisions"}],"wp:attachment":[{"href":"https:\/\/www.dvc.video\/sl\/wp-json\/wp\/v2\/media?parent=10446"}],"curies":[{"name":"wp","href":"https:\/\/api.w.org\/{rel}","templated":true}]}}