{"id":10443,"date":"2021-03-09T11:17:17","date_gmt":"2021-03-09T10:17:17","guid":{"rendered":"https:\/\/www.dvc.video\/stanovanjski-in-poslovni-objekti\/"},"modified":"2024-10-31T09:33:13","modified_gmt":"2024-10-31T08:33:13","slug":"stanovanjski-in-poslovni-objekti","status":"publish","type":"page","link":"https:\/\/www.dvc.video\/sl\/stanovanjski-in-poslovni-objekti\/","title":{"rendered":"Stanovanjski in poslovni objekti"},"content":{"rendered":"<p>[et_pb_section fb_built=&#8221;1&#8243; _builder_version=&#8221;4.9.2&#8243; _module_preset=&#8221;default&#8221; background_enable_color=&#8221;off&#8221; background_image=&#8221;https:\/\/www.dvc.video\/wp-content\/uploads\/2021\/03\/bcg-red-triangle.jpg&#8221; height_last_edited=&#8221;off|desktop&#8221; global_module=&#8221;793&#8243;][et_pb_row _builder_version=&#8221;4.9.2&#8243; _module_preset=&#8221;default&#8221;][et_pb_column type=&#8221;4_4&#8243; _builder_version=&#8221;4.9.2&#8243; _module_preset=&#8221;default&#8221;][et_pb_text _builder_version=&#8221;4.9.7&#8243; _dynamic_attributes=&#8221;content&#8221; _module_preset=&#8221;default&#8221; header_text_color=&#8221;#FFFFFF&#8221; header_line_height=&#8221;1.3em&#8221; header_font_size_tablet=&#8221;&#8221; header_font_size_phone=&#8221;&#8221; header_font_size_last_edited=&#8221;on|desktop&#8221;]@ET-DC@eyJkeW5hbWljIjp0cnVlLCJjb250ZW50IjoicG9zdF90aXRsZSIsInNldHRpbmdzIjp7ImJlZm9yZSI6IjxoMT4iLCJhZnRlciI6IjxcL2gxPiJ9fQ==@[\/et_pb_text][\/et_pb_column][\/et_pb_row][\/et_pb_section][et_pb_section fb_built=&#8221;1&#8243; _builder_version=&#8221;4.9.10&#8243; _module_preset=&#8221;default&#8221; hover_enabled=&#8221;0&#8243; custom_padding=&#8221;||0px||false|false&#8221; sticky_enabled=&#8221;0&#8243;][et_pb_row _builder_version=&#8221;4.9.4&#8243; _module_preset=&#8221;default&#8221;][et_pb_column type=&#8221;4_4&#8243; _builder_version=&#8221;4.9.4&#8243; _module_preset=&#8221;default&#8221;][et_pb_text _builder_version=&#8221;4.9.2&#8243; _module_preset=&#8221;default&#8221;]<\/p>\n<h2>Re\u0161itve za pametne domove<\/h2>\n<p>Povsem nevidne re\u0161itve video nadzora, vklju\u010dene v vsakodnevno \u017eivljenje ter integrirane s pametnimi sistemi znotraj hi\u0161 ali stanovanj, vi\u0161ajo nivo varnosti uporabnika ter s tem tudi kvaliteto \u017eivljenja. Video nadzorni sistemi z do 16timi kamerami ter video domofoni z do 32 naslovi, so primerna re\u0161itev za ve\u010dino stanovanj, hi\u0161, ko\u010d, vil, kot tudi manj\u0161ih poslovnih prostorov v stanovanjskih \u010detrtih. Recimo zobne ambulante, pisarne, menjalnice, stavnice ter \u0161tevilne manj\u0161e trgovine ipd.\u00a0<\/p>\n<p>[\/et_pb_text][\/et_pb_column][\/et_pb_row][et_pb_row _builder_version=&#8221;4.9.4&#8243; _module_preset=&#8221;default&#8221;][et_pb_column type=&#8221;4_4&#8243; _builder_version=&#8221;4.9.4&#8243; _module_preset=&#8221;default&#8221;][et_pb_text _builder_version=&#8221;4.9.2&#8243; _module_preset=&#8221;default&#8221;]<\/p>\n<h2>Wi-Fi video nadzorne kamere<\/h2>\n<p>Wi-Fi IP kamere so enostavne za in\u0161talacijo ter programiranje, imajo dolg domet in se uporabljajo tako za doma\u010de kot poslovne namene. Modeli vklju\u010dujejo snemanje po urniku ali glede na zaznano gibanje, primerne so za zunanjo in notranjo monta\u017eo. Omogo\u010dajo resolucijo snemanja do 5 MPI, dvosmerno avdio komunikacijo, no\u010dno snemanje ter shranjevanje posnetkov na SD kartico ali snemalnik. Posest se lahko nadzoruje tudi oddaljeno preko mobilnega telefona.<\/p>\n<p>[\/et_pb_text][\/et_pb_column][\/et_pb_row][et_pb_row _builder_version=&#8221;4.9.4&#8243; _module_preset=&#8221;default&#8221;][et_pb_column type=&#8221;4_4&#8243; _builder_version=&#8221;4.9.4&#8243; _module_preset=&#8221;default&#8221;][et_pb_text _builder_version=&#8221;4.9.2&#8243; _module_preset=&#8221;default&#8221;]<\/p>\n<h2>Varovanje tudi ko vas ni<\/h2>\n<p>Dom je zavetje osebe. Najlep\u0161i ter spro\u0161\u010deni trenutki se do\u017eivijo v zavetju svojega doma. Zagotavljanje varnosti za nam najvrednej\u0161e stvari, kot so stanovanja, gara\u017ee, ko\u010de ali poslovni prostori, je zelo pomembno.<\/p>\n<p>Za pove\u010danje nivoja varnosti in za\u0161\u010dite ter za ote\u017eevanje pogojev vloma ali kraje, so najbolj primerni paketi video nadzora, glede na potrebe posameznika.\n<\/p>\n<p>[\/et_pb_text][\/et_pb_column][\/et_pb_row][et_pb_row _builder_version=&#8221;4.9.4&#8243; _module_preset=&#8221;default&#8221;][et_pb_column type=&#8221;4_4&#8243; _builder_version=&#8221;4.9.4&#8243; _module_preset=&#8221;default&#8221;][et_pb_text _builder_version=&#8221;4.9.2&#8243; _module_preset=&#8221;default&#8221;]<\/p>\n<h2>Enostavna in profesionalna in\u0161talacija<\/h2>\n<p>Zaradi tega, da je izbran video nadzor \u010dim bolj varen, je zelo pomembno, da se pravilno razporedi naprave znotraj in v okolici objekta. V dana\u0161njih dneh, ko \u010dasa ni dovolj, je idealno \u010de so Varnostni sistemi hitri za monta\u017eo ter upravljanje.<\/p>\n<p>[\/et_pb_text][\/et_pb_column][\/et_pb_row][et_pb_row _builder_version=&#8221;4.9.4&#8243; _module_preset=&#8221;default&#8221;][et_pb_column type=&#8221;4_4&#8243; _builder_version=&#8221;4.9.4&#8243; _module_preset=&#8221;default&#8221;][et_pb_text _builder_version=&#8221;4.9.2&#8243; _module_preset=&#8221;default&#8221;]<\/p>\n<h2>Pregled kamer v realnem \u010dasu<\/h2>\n<p>Smart home varnostne kamere morajo imeti zmo\u017enost prepoznave obiskovalcev ter po\u0161iljanja obvestil, s tem pa zagotavljanje varnosti tudi ko oseba ni prisotna. Brezpla\u010dna DVC Connect aplikacija za iOS in Android, omogo\u010da dostop do kamer kadarkoli in kjerkoli na svetu.<\/p>\n<p>Primeren video nadzor, bo za\u0161\u010ditil in izvajal nadzor na kriti\u010dnih mestih za\u0161\u010ditenega objekta \u2013 skladi\u0161\u010dih, vhodih, dostopih, vse to pa se lahko spremlja v realnem \u010dasu preko mobilnega telefona. Lokalno shranjevanje na SD kartico mobilne telefona in pregled posnetega materiala iz SD kartice je tudi mogo\u010de, kot tudi obve\u0161\u010danje uporabnikov o dogodkih zaznanih preko detekcije gibanja ali snemalnikov ih alarmnih vhodov.<\/p>\n<p>[\/et_pb_text][\/et_pb_column][\/et_pb_row][\/et_pb_section][et_pb_section fb_built=&#8221;1&#8243; _builder_version=&#8221;4.9.10&#8243; _module_preset=&#8221;default&#8221; hover_enabled=&#8221;0&#8243; saved_tabs=&#8221;all&#8221; global_module=&#8221;721&#8243; custom_padding=&#8221;0px||||false|false&#8221; sticky_enabled=&#8221;0&#8243;][et_pb_row column_structure=&#8221;1_2,1_2&#8243; use_custom_gutter=&#8221;on&#8221; gutter_width=&#8221;1&#8243; make_equal=&#8221;on&#8221; _builder_version=&#8221;4.9.4&#8243; _module_preset=&#8221;default&#8221;][et_pb_column type=&#8221;1_2&#8243; _builder_version=&#8221;4.9.1&#8243; _module_preset=&#8221;default&#8221;][et_pb_blurb title=&#8221;DVC Connect&#8221; image=&#8221;https:\/\/www.dvc.video\/wp-content\/uploads\/2021\/03\/dvc-connect.jpg&#8221; alt=&#8221;DVC Connect&#8221; _builder_version=&#8221;4.9.10&#8243; _module_preset=&#8221;default&#8221; header_font=&#8221;|700|||||||&#8221; body_font_size=&#8221;14px&#8221; custom_padding_tablet=&#8221;||50px||false|false&#8221; custom_padding_phone=&#8221;&#8221; custom_padding_last_edited=&#8221;on|tablet&#8221; animation=&#8221;off&#8221; border_width_right=&#8221;1px&#8221; border_color_right=&#8221;#e7e7e7&#8243; border_width_right_tablet=&#8221;0px&#8221; border_width_right_phone=&#8221;&#8221; border_width_right_last_edited=&#8221;on|tablet&#8221; border_width_bottom_tablet=&#8221;&#8221; border_width_bottom_phone=&#8221;&#8221; border_width_bottom_last_edited=&#8221;on|desktop&#8221;]<\/p>\n<p>Oglejte si kamere iz snemalnika v \u017eivo, lokalnega snemanja na kartico SD mobilnega telefona in si oglejte posnetek ter uporabnika opozorite na dogodke, ki jih spro\u017ei zaznavanje gibanja ali vhodi za alarm na snemalniku.<\/p>\n<p><a href=\"https:\/\/play.google.com\/store\/apps\/details?id=video.dvc.connect\" target=\"_blank\" rel=\"noopener\"><img decoding=\"async\" class=\"app_store_badge\" src=\"https:\/\/www.dvc.video\/wp-content\/uploads\/2021\/03\/google-play-badge.svg\" \/><\/a>\u00a0<a href=\"https:\/\/apps.apple.com\/hr\/app\/dvc-connect\/id1453670318?l=hr\" target=\"_blank\" rel=\"noopener\"><img decoding=\"async\" class=\"app_store_badge\" src=\"https:\/\/www.dvc.video\/wp-content\/uploads\/2021\/03\/download-on-the-app-store-badge.svg\" \/><\/a><\/p>\n<p>[\/et_pb_blurb][\/et_pb_column][et_pb_column type=&#8221;1_2&#8243; _builder_version=&#8221;4.9.1&#8243; _module_preset=&#8221;default&#8221;][et_pb_blurb title=&#8221;VDP Connect&#8221; image=&#8221;https:\/\/www.dvc.video\/wp-content\/uploads\/2021\/03\/vdp-connect.jpg&#8221; alt=&#8221;VDP Connect&#8221; _builder_version=&#8221;4.9.10&#8243; _module_preset=&#8221;default&#8221; header_font=&#8221;|700|||||||&#8221; body_font_size=&#8221;14px&#8221; animation=&#8221;off&#8221;]<\/p>\n<p>Aplikacija je v veliko pomo\u010d vsem uporabnikom video domofonskega sistema DVC. Z aplikacijo lahko uporabnik odgovori na klic zunanje enote, se pogovarja z obiskovalci prek mobilne naprave in nadzoruje odklepanje.<\/p>\n<p><a href=\"https:\/\/play.google.com\/store\/apps\/details?id=com.vdpconnect.vdp\" target=\"_blank\" rel=\"noopener\"><img decoding=\"async\" class=\"app_store_badge\" src=\"https:\/\/www.dvc.video\/wp-content\/uploads\/2021\/03\/google-play-badge.svg\" \/><\/a>\u00a0<a href=\"https:\/\/apps.apple.com\/sa\/app\/vdpconnect\/id1537340769\" target=\"_blank\" rel=\"noopener\"><img decoding=\"async\" class=\"app_store_badge\" src=\"https:\/\/www.dvc.video\/wp-content\/uploads\/2021\/03\/download-on-the-app-store-badge.svg\" \/><\/a><\/p>\n<p>[\/et_pb_blurb][\/et_pb_column][\/et_pb_row][\/et_pb_section]<\/p>\n","protected":false},"excerpt":{"rendered":"<p>Re\u0161itve za pametne domove Povsem nevidne re\u0161itve video nadzora, vklju\u010dene v vsakodnevno \u017eivljenje ter integrirane s pametnimi sistemi znotraj hi\u0161 ali stanovanj, vi\u0161ajo nivo varnosti uporabnika ter s tem tudi kvaliteto \u017eivljenja. Video nadzorni sistemi z do 16timi kamerami ter video domofoni z do 32 naslovi, so primerna re\u0161itev za ve\u010dino stanovanj, hi\u0161, ko\u010d, vil, [&hellip;]<\/p>\n","protected":false},"author":9,"featured_media":0,"parent":0,"menu_order":0,"comment_status":"closed","ping_status":"closed","template":"","meta":{"_et_pb_use_builder":"on","_et_pb_old_content":"","_et_gb_content_width":"","footnotes":""},"class_list":["post-10443","page","type-page","status-publish","hentry"],"_links":{"self":[{"href":"https:\/\/www.dvc.video\/sl\/wp-json\/wp\/v2\/pages\/10443","targetHints":{"allow":["GET"]}}],"collection":[{"href":"https:\/\/www.dvc.video\/sl\/wp-json\/wp\/v2\/pages"}],"about":[{"href":"https:\/\/www.dvc.video\/sl\/wp-json\/wp\/v2\/types\/page"}],"author":[{"embeddable":true,"href":"https:\/\/www.dvc.video\/sl\/wp-json\/wp\/v2\/users\/9"}],"replies":[{"embeddable":true,"href":"https:\/\/www.dvc.video\/sl\/wp-json\/wp\/v2\/comments?post=10443"}],"version-history":[{"count":1,"href":"https:\/\/www.dvc.video\/sl\/wp-json\/wp\/v2\/pages\/10443\/revisions"}],"predecessor-version":[{"id":32160,"href":"https:\/\/www.dvc.video\/sl\/wp-json\/wp\/v2\/pages\/10443\/revisions\/32160"}],"wp:attachment":[{"href":"https:\/\/www.dvc.video\/sl\/wp-json\/wp\/v2\/media?parent=10443"}],"curies":[{"name":"wp","href":"https:\/\/api.w.org\/{rel}","templated":true}]}}