{"id":10440,"date":"2021-03-09T11:21:14","date_gmt":"2021-03-09T10:21:14","guid":{"rendered":"https:\/\/www.dvc.video\/srednje-velika-podjetja\/"},"modified":"2021-10-12T12:13:17","modified_gmt":"2021-10-12T10:13:17","slug":"srednje-velika-podjetja","status":"publish","type":"page","link":"https:\/\/www.dvc.video\/sl\/srednje-velika-podjetja\/","title":{"rendered":"Srednje velika podjetja"},"content":{"rendered":"<p>[et_pb_section fb_built=&#8221;1&#8243; _builder_version=&#8221;4.9.2&#8243; _module_preset=&#8221;default&#8221; background_enable_color=&#8221;off&#8221; background_image=&#8221;https:\/\/www.dvc.video\/wp-content\/uploads\/2021\/03\/bcg-red-triangle.jpg&#8221; height=&#8221;150px&#8221; height_last_edited=&#8221;off|desktop&#8221; custom_padding=&#8221;0px||0px||true|false&#8221; global_module=&#8221;793&#8243;][et_pb_row _builder_version=&#8221;4.9.2&#8243; _module_preset=&#8221;default&#8221;][et_pb_column type=&#8221;4_4&#8243; _builder_version=&#8221;4.9.2&#8243; _module_preset=&#8221;default&#8221;][et_pb_text _builder_version=&#8221;4.9.7&#8243; _dynamic_attributes=&#8221;content&#8221; _module_preset=&#8221;default&#8221; header_text_color=&#8221;#FFFFFF&#8221; header_line_height=&#8221;1.3em&#8221; header_font_size_tablet=&#8221;&#8221; header_font_size_phone=&#8221;&#8221; header_font_size_last_edited=&#8221;on|desktop&#8221;]@ET-DC@eyJkeW5hbWljIjp0cnVlLCJjb250ZW50IjoicG9zdF90aXRsZSIsInNldHRpbmdzIjp7ImJlZm9yZSI6IjxoMT4iLCJhZnRlciI6IjxcL2gxPiJ9fQ==@[\/et_pb_text][\/et_pb_column][\/et_pb_row][\/et_pb_section][et_pb_section fb_built=&#8221;1&#8243; _builder_version=&#8221;4.9.2&#8243; _module_preset=&#8221;default&#8221;][et_pb_row _builder_version=&#8221;4.9.2&#8243; _module_preset=&#8221;default&#8221;][et_pb_column type=&#8221;4_4&#8243; _builder_version=&#8221;4.9.2&#8243; _module_preset=&#8221;default&#8221;][et_pb_text _builder_version=&#8221;4.9.2&#8243; _module_preset=&#8221;default&#8221;]<\/p>\n<p>Ko posel raste, raste tudi potreba po bolj kompleksnih varnostnih re\u0161itvah.<\/p>\n<p>[\/et_pb_text][\/et_pb_column][\/et_pb_row][et_pb_row _builder_version=&#8221;4.9.4&#8243; _module_preset=&#8221;default&#8221;][et_pb_column type=&#8221;4_4&#8243; _builder_version=&#8221;4.9.4&#8243; _module_preset=&#8221;default&#8221;][et_pb_text _builder_version=&#8221;4.9.2&#8243; _module_preset=&#8221;default&#8221;]<\/p>\n<h2>Fleksibilnost<\/h2>\n<p>Varnostni sistemi lahko zajemajo razli\u010dne tehnologije, od video nadzora do kombinacije kamer ali drugih varnostih naprav, kot so alarmni sistemi, kontrola pristopa ali registracija delovnega \u010dasa. Kaj pa \u010de se spremenijo uporabnikove potrebe ter pri\u010dakovanja? DVC integrirane re\u0161itve, se z lahkoto prilagodijo poslovni rasti ter spremenjenim potrebam.<\/p>\n<p>[\/et_pb_text][\/et_pb_column][\/et_pb_row][et_pb_row _builder_version=&#8221;4.9.4&#8243; _module_preset=&#8221;default&#8221;][et_pb_column type=&#8221;4_4&#8243; _builder_version=&#8221;4.9.4&#8243; _module_preset=&#8221;default&#8221;][et_pb_text _builder_version=&#8221;4.9.2&#8243; _module_preset=&#8221;default&#8221;]<\/p>\n<h2>Pametna video analitika<\/h2>\n<p>DVC video analitika omogo\u010da reagiranje na dogodke v realnem \u010dasu in snemanje samo ob alarmnih dogodkih, kar pomeni bistveno manj\u0161o porabo prostora za shranjevanje. Perimeterska za\u0161\u010dita in spremljanje objektov znotraj kadra, sta prav tako podprti AI video analiti\u010dni funkciji. Odvisno glede na tip kamere so mogo\u010de funkcionalnosti kot je spremljanje objektov v kadru, detekcija prehoda \u010drte, detekcija vstopa v prostor, \u0161tetje oseb, prepoznava oseb in vozil, prepoznava obrazov ter registrskih tablic.<\/p>\n<p>[\/et_pb_text][\/et_pb_column][\/et_pb_row][et_pb_row _builder_version=&#8221;4.9.4&#8243; _module_preset=&#8221;default&#8221;][et_pb_column type=&#8221;4_4&#8243; _builder_version=&#8221;4.9.4&#8243; _module_preset=&#8221;default&#8221;][et_pb_text _builder_version=&#8221;4.9.2&#8243; _module_preset=&#8221;default&#8221;]<\/p>\n<h2>IP tehnologija<\/h2>\n<p>\u0160irok nabor IP kamer omogo\u010da izbiro to\u010dno dolo\u010dene kamere, ki je primerna za varovanje specifi\u010dnega okolja. Od visoke do ultra-visoke resolucije, \u017ei\u010dnih in brez\u017ei\u010dnih in\u0161talacij, bullet ali dome ohi\u0161ij in fiksnih oziroma motoriziranih le\u010d.<\/p>\n<p>DVC IP kamere so klasificirane v pet razli\u010dnih kategorij ter linij \u2013 Special, Supreme, Smart, Start in Speed, ki zajemajo vse zahteve uporabnikov glede na ceno, kvaliteto ter lastnosti.<\/p>\n<p>V Special liniji, izstopa panoramska kamera z Starlight tehnologijo, ki vsebuje \u0161tiri kamere, katerih slike so zdru\u017eene v eno celoto z uporabo posebne programske opreme. Starlight senzor omogo\u010da delovanje v temi, z odlo\u010dno kvaliteto slike, tudi v zelo nizkih svetlobnih razmerah.\n<\/p>\n<p>[\/et_pb_text][\/et_pb_column][\/et_pb_row][\/et_pb_section]<\/p>\n","protected":false},"excerpt":{"rendered":"<p>Ko posel raste, raste tudi potreba po bolj kompleksnih varnostnih re\u0161itvah.Fleksibilnost Varnostni sistemi lahko zajemajo razli\u010dne tehnologije, od video nadzora do kombinacije kamer ali drugih varnostih naprav, kot so alarmni sistemi, kontrola pristopa ali registracija delovnega \u010dasa. Kaj pa \u010de se spremenijo uporabnikove potrebe ter pri\u010dakovanja? DVC integrirane re\u0161itve, se z lahkoto prilagodijo poslovni rasti [&hellip;]<\/p>\n","protected":false},"author":9,"featured_media":0,"parent":0,"menu_order":0,"comment_status":"closed","ping_status":"closed","template":"","meta":{"_et_pb_use_builder":"on","_et_pb_old_content":"","_et_gb_content_width":"","footnotes":""},"class_list":["post-10440","page","type-page","status-publish","hentry"],"_links":{"self":[{"href":"https:\/\/www.dvc.video\/sl\/wp-json\/wp\/v2\/pages\/10440","targetHints":{"allow":["GET"]}}],"collection":[{"href":"https:\/\/www.dvc.video\/sl\/wp-json\/wp\/v2\/pages"}],"about":[{"href":"https:\/\/www.dvc.video\/sl\/wp-json\/wp\/v2\/types\/page"}],"author":[{"embeddable":true,"href":"https:\/\/www.dvc.video\/sl\/wp-json\/wp\/v2\/users\/9"}],"replies":[{"embeddable":true,"href":"https:\/\/www.dvc.video\/sl\/wp-json\/wp\/v2\/comments?post=10440"}],"version-history":[{"count":0,"href":"https:\/\/www.dvc.video\/sl\/wp-json\/wp\/v2\/pages\/10440\/revisions"}],"wp:attachment":[{"href":"https:\/\/www.dvc.video\/sl\/wp-json\/wp\/v2\/media?parent=10440"}],"curies":[{"name":"wp","href":"https:\/\/api.w.org\/{rel}","templated":true}]}}