{"id":10434,"date":"2021-03-09T11:24:43","date_gmt":"2021-03-09T10:24:43","guid":{"rendered":"https:\/\/www.dvc.video\/prepoznava-obraza\/"},"modified":"2021-10-12T12:05:51","modified_gmt":"2021-10-12T10:05:51","slug":"prepoznava-obraza","status":"publish","type":"page","link":"https:\/\/www.dvc.video\/sl\/prepoznava-obraza\/","title":{"rendered":"Prepoznava obraza"},"content":{"rendered":"<p>[et_pb_section fb_built=&#8221;1&#8243; _builder_version=&#8221;4.9.2&#8243; _module_preset=&#8221;default&#8221; background_enable_color=&#8221;off&#8221; background_image=&#8221;https:\/\/www.dvc.video\/wp-content\/uploads\/2021\/03\/bcg-red-triangle.jpg&#8221; height=&#8221;150px&#8221; height_last_edited=&#8221;off|desktop&#8221; custom_padding=&#8221;0px||0px||true|false&#8221; global_module=&#8221;793&#8243;][et_pb_row _builder_version=&#8221;4.9.2&#8243; _module_preset=&#8221;default&#8221;][et_pb_column type=&#8221;4_4&#8243; _builder_version=&#8221;4.9.2&#8243; _module_preset=&#8221;default&#8221;][et_pb_text _builder_version=&#8221;4.9.7&#8243; _dynamic_attributes=&#8221;content&#8221; _module_preset=&#8221;default&#8221; header_text_color=&#8221;#FFFFFF&#8221; header_line_height=&#8221;1.3em&#8221; header_font_size_tablet=&#8221;&#8221; header_font_size_phone=&#8221;&#8221; header_font_size_last_edited=&#8221;on|desktop&#8221;]@ET-DC@eyJkeW5hbWljIjp0cnVlLCJjb250ZW50IjoicG9zdF90aXRsZSIsInNldHRpbmdzIjp7ImJlZm9yZSI6IjxoMT4iLCJhZnRlciI6IjxcL2gxPiJ9fQ==@[\/et_pb_text][\/et_pb_column][\/et_pb_row][\/et_pb_section][et_pb_section fb_built=&#8221;1&#8243; _builder_version=&#8221;4.9.2&#8243; _module_preset=&#8221;default&#8221;][et_pb_row _builder_version=&#8221;4.9.2&#8243; _module_preset=&#8221;default&#8221;][et_pb_column type=&#8221;4_4&#8243; _builder_version=&#8221;4.9.2&#8243; _module_preset=&#8221;default&#8221;][et_pb_text _builder_version=&#8221;4.9.2&#8243; _module_preset=&#8221;default&#8221;]<\/p>\n<p>DVC IP kamere za prepoznavo obraza so del Special IP serija linije DVC video nadzora, ki se lahko uporabi za zaznavo ter prepoznavo obrazov iz podatkovnih baz, v realnem \u010dasu. Kamere z funkcijo prepoznave obraza, se pogosto postavljajo na vhode objektov, za prepoznavo zaposlenih ter obiskovalcev. Na ta na\u010din se dostop do varovanega objekta nadzoruje. Te kamere se priporo\u010dajo za uporabo v trgovinah, trgovskih centrih restavracijah in kazinojih ter povsod kjer je potrebna identifikacija obraza.<\/p>\n<p>[\/et_pb_text][et_pb_video src=&#8221;https:\/\/youtu.be\/FO4nKSC4vp0&#8243; _builder_version=&#8221;4.9.4&#8243; _module_preset=&#8221;default&#8221; width=&#8221;50%&#8221; width_tablet=&#8221;100%&#8221; width_phone=&#8221;&#8221; width_last_edited=&#8221;on|phone&#8221; module_alignment=&#8221;center&#8221; width__hover_enabled=&#8221;off|desktop&#8221;][\/et_pb_video][et_pb_text _builder_version=&#8221;4.9.2&#8243; _module_preset=&#8221;default&#8221;]<\/p>\n<h2>Tehni\u010dke karakteristike<\/h2>\n<p>IP kamere za prepoznavo obrazov, se lahko uporabijo kot samostojne enote, brez snemalnika, z mo\u017enostjo shranjevanja podatkovne baze na lokalno SD kartico, vsebujejo pa Sony Starlight tehnologijo, uporabljajo belo svetlobo, imajo True WDR 120dB in 7-22mm moto-zoom le\u010do.<\/p>\n<p>[\/et_pb_text][et_pb_text _builder_version=&#8221;4.9.2&#8243; _module_preset=&#8221;default&#8221;]<\/p>\n<h2>NVMS 2.0<\/h2>\n<p>NVMS 2.0 je platforma za upravljanje in nadzorovanje DVC video nadzornih sistemov. Pogled v realnem \u010dasu, shranjevanje, ogled posnetkov ter prenos posnetkov, dekodiranje na TV zid, kontrola preko tipkovnica, kontrola alarmnih vhodov ter izhodov, kot tudi pametna video analitika, so funkcije ki jih platforma podpira. Zato lahko NVMS 2.0 izpolni vse zahteve uporabnikov za centraliziran video nadzorni sistem in ima \u0161iroko mo\u017enost uporabe od nadzorovanja industrijskih parkov, univerzitetnih kampusov, ban\u010dnih pisarn, verig trgovin do nadzora stanovanjskih kompleksov.<\/p>\n<p>[\/et_pb_text][\/et_pb_column][\/et_pb_row][\/et_pb_section]<\/p>\n","protected":false},"excerpt":{"rendered":"<p>DVC IP kamere za prepoznavo obraza so del Special IP serija linije DVC video nadzora, ki se lahko uporabi za zaznavo ter prepoznavo obrazov iz podatkovnih baz, v realnem \u010dasu. Kamere z funkcijo prepoznave obraza, se pogosto postavljajo na vhode objektov, za prepoznavo zaposlenih ter obiskovalcev. Na ta na\u010din se dostop do varovanega objekta nadzoruje. [&hellip;]<\/p>\n","protected":false},"author":9,"featured_media":0,"parent":0,"menu_order":0,"comment_status":"closed","ping_status":"closed","template":"","meta":{"_et_pb_use_builder":"on","_et_pb_old_content":"","_et_gb_content_width":"","footnotes":""},"class_list":["post-10434","page","type-page","status-publish","hentry"],"_links":{"self":[{"href":"https:\/\/www.dvc.video\/sl\/wp-json\/wp\/v2\/pages\/10434","targetHints":{"allow":["GET"]}}],"collection":[{"href":"https:\/\/www.dvc.video\/sl\/wp-json\/wp\/v2\/pages"}],"about":[{"href":"https:\/\/www.dvc.video\/sl\/wp-json\/wp\/v2\/types\/page"}],"author":[{"embeddable":true,"href":"https:\/\/www.dvc.video\/sl\/wp-json\/wp\/v2\/users\/9"}],"replies":[{"embeddable":true,"href":"https:\/\/www.dvc.video\/sl\/wp-json\/wp\/v2\/comments?post=10434"}],"version-history":[{"count":0,"href":"https:\/\/www.dvc.video\/sl\/wp-json\/wp\/v2\/pages\/10434\/revisions"}],"wp:attachment":[{"href":"https:\/\/www.dvc.video\/sl\/wp-json\/wp\/v2\/media?parent=10434"}],"curies":[{"name":"wp","href":"https:\/\/api.w.org\/{rel}","templated":true}]}}