{"id":10428,"date":"2021-03-09T11:26:44","date_gmt":"2021-03-09T10:26:44","guid":{"rendered":"https:\/\/www.dvc.video\/o-dvc-u\/"},"modified":"2023-04-11T13:33:04","modified_gmt":"2023-04-11T11:33:04","slug":"o-dvc-u","status":"publish","type":"page","link":"https:\/\/www.dvc.video\/sl\/o-dvc-u\/","title":{"rendered":"O DVC-u"},"content":{"rendered":"<p>[et_pb_section fb_built=&#8221;1&#8243; _builder_version=&#8221;4.20.2&#8243; _module_preset=&#8221;default&#8221; background_enable_color=&#8221;off&#8221; background_image=&#8221;https:\/\/www.dvc.video\/wp-content\/uploads\/2021\/03\/bcg-red-triangle.jpg&#8221; height=&#8221;150px&#8221; height_last_edited=&#8221;off|desktop&#8221; custom_padding=&#8221;34px||34px||true|false&#8221; global_module=&#8221;793&#8243; saved_tabs=&#8221;all&#8221; global_colors_info=&#8221;{}&#8221;][et_pb_row _builder_version=&#8221;4.16&#8243; _module_preset=&#8221;default&#8221; global_colors_info=&#8221;{}&#8221;][et_pb_column type=&#8221;4_4&#8243; _builder_version=&#8221;4.16&#8243; _module_preset=&#8221;default&#8221; global_colors_info=&#8221;{}&#8221;][et_pb_text _builder_version=&#8221;4.20.0&#8243; _dynamic_attributes=&#8221;content&#8221; _module_preset=&#8221;default&#8221; header_text_color=&#8221;#FFFFFF&#8221; header_line_height=&#8221;1.3em&#8221; header_font_size_tablet=&#8221;&#8221; header_font_size_phone=&#8221;&#8221; header_font_size_last_edited=&#8221;on|desktop&#8221; global_colors_info=&#8221;{}&#8221;]@ET-DC@eyJkeW5hbWljIjp0cnVlLCJjb250ZW50IjoicG9zdF90aXRsZSIsInNldHRpbmdzIjp7ImJlZm9yZSI6IjxoMT4iLCJhZnRlciI6IjxcL2gxPiJ9fQ==@[\/et_pb_text][\/et_pb_column][\/et_pb_row][\/et_pb_section][et_pb_section fb_built=&#8221;1&#8243; _builder_version=&#8221;4.16&#8243; _module_preset=&#8221;default&#8221; global_colors_info=&#8221;{}&#8221;][et_pb_row _builder_version=&#8221;4.16&#8243; _module_preset=&#8221;default&#8221; global_colors_info=&#8221;{}&#8221;][et_pb_column type=&#8221;4_4&#8243; _builder_version=&#8221;4.16&#8243; _module_preset=&#8221;default&#8221; global_colors_info=&#8221;{}&#8221;][et_pb_text _builder_version=&#8221;4.20.2&#8243; _module_preset=&#8221;default&#8221; hover_enabled=&#8221;0&#8243; global_colors_info=&#8221;{}&#8221; sticky_enabled=&#8221;0&#8243;]<\/p>\n<h2>Pametna tehnologija, ki je vredna ve\u010d!<\/h2>\n<p>DVC Digital Video Communication je edina regionalna blagovna znamka video nadzora in video domofonov, ki jo \u017ee 20 let razvija podjetje Alarm automatika. Prvi DVC sistem je bil prodan 13. maja 2003, do danes pa je bilo prodanih ve\u010d kot pol milijona DVC naprav in opreme.<\/p>\n<p>[\/et_pb_text][et_pb_text _builder_version=&#8221;4.20.2&#8243; _module_preset=&#8221;default&#8221; hover_enabled=&#8221;0&#8243; global_colors_info=&#8221;{}&#8221; sticky_enabled=&#8221;0&#8243;]<\/p>\n<h3>Zanesljivost in zaupanje<\/h3>\n<p>Od svojega prvega nastopa na trgu leta 2003 je DVC postal regionalna blagovna znamka, ki danes kupcem ponuja vse prednosti najnovej\u0161ih tehnologij; analogna HD (od 2 Mpx analogna HD 2.0 do 8 Mpx analogna HD 4.0) in IP video nadzorna tehnologija (prej H.263 do dana\u0161nje najnovej\u0161e Smart H.265 video kompresije), kot tudi 2-\u017ei\u010dne in IP hibridne (brez\u017ei\u010dna ali ethernetna) ) video domofonske re\u0161itve.<\/p>\n<p>[\/et_pb_text][et_pb_text _builder_version=&#8221;4.20.2&#8243; _module_preset=&#8221;default&#8221; hover_enabled=&#8221;0&#8243; global_colors_info=&#8221;{}&#8221; sticky_enabled=&#8221;0&#8243;]<\/p>\n<h3>Najnaprednej\u0161e tehnologije<\/h3>\n<p>Pri razvoju in izbiri naprave so bile izbrane najbolj zanesljive komponente vodilnih svetovnih proizvajalcev, kot so Sony CMOS senzorji, Nextchip in Techpoint digitalni signalni procesorji v analogni HD ali HiSilicon v IP videonadzorni tehnologiji.<\/p>\n<p>[\/et_pb_text][et_pb_text _builder_version=&#8221;4.20.2&#8243; _module_preset=&#8221;default&#8221; hover_enabled=&#8221;0&#8243; global_colors_info=&#8221;{}&#8221; sticky_enabled=&#8221;0&#8243;]<\/p>\n<h3>Vredno denarja<\/h3>\n<p>Vse to je privedlo do re\u0161itev DVC, ki ponujajo najnaprednej\u0161e zmogljivosti, kot so lo\u010dljivost 8 Mpx, Ultra Low Light, WDR, moto-zoom objektivi ali Smart-IR doseg do 80 m za kamere ali lo\u010dljivost 8 Mpx v realnem \u010dasu (RealTime), Ve\u010dpreto\u010dno snemanje videa (s tremi tokovi), funkcije video analitike, pa tudi funkcije umetne inteligence, kot sta prepoznavanje obraza ali prepoznavanje registrske tablice.<\/p>\n<p>[\/et_pb_text][\/et_pb_column][\/et_pb_row][\/et_pb_section][et_pb_section fb_built=&#8221;1&#8243; fullwidth=&#8221;on&#8221; _builder_version=&#8221;4.10.8&#8243; _module_preset=&#8221;default&#8221; global_module=&#8221;722&#8243; saved_tabs=&#8221;all&#8221; global_colors_info=&#8221;{}&#8221;][et_pb_fullwidth_header title=&#8221;\u017delite postati partner DVC?&#8221; subhead=&#8221;Postanite del regionalne skupnosti monterjev in distributerjev videonadzornih re\u0161itev DVC in video domofonov!&#8221; button_one_text=&#8221;Kontaktiraj nas&#8221; button_one_url=&#8221;@ET-DC@eyJkeW5hbWljIjp0cnVlLCJjb250ZW50IjoicG9zdF9saW5rX3VybF9wYWdlIiwic2V0dGluZ3MiOnsicG9zdF9pZCI6IjMwIn19@&#8221; button_two_text=&#8221;Kje kupiti?&#8221; button_two_url=&#8221;@ET-DC@eyJkeW5hbWljIjp0cnVlLCJjb250ZW50IjoicG9zdF9saW5rX3VybF9wYWdlIiwic2V0dGluZ3MiOnsicG9zdF9pZCI6IjIzNiJ9fQ==@&#8221; header_image_url=&#8221;https:\/\/www.dvc.video\/wp-content\/uploads\/2021\/04\/instalater.png&#8221; image_orientation=&#8221;bottom&#8221; _builder_version=&#8221;4.16&#8243; _dynamic_attributes=&#8221;button_one_url,button_two_url&#8221; _module_preset=&#8221;default&#8221; title_level=&#8221;h2&#8243; title_font_size=&#8221;42px&#8221; title_line_height=&#8221;1.3em&#8221; content_font_size=&#8221;15px&#8221; subhead_font=&#8221;|700|||||||&#8221; subhead_font_size=&#8221;17px&#8221; background_enable_color=&#8221;off&#8221; background_image=&#8221;https:\/\/www.dvc.video\/wp-content\/uploads\/2021\/03\/bcg-red-triangle.jpg&#8221; custom_button_one=&#8221;on&#8221; button_one_text_color=&#8221;#242424&#8243; button_one_bg_color=&#8221;#FFFFFF&#8221; button_one_font=&#8221;|600|||||||&#8221; button_one_use_icon=&#8221;off&#8221; button_one_custom_padding=&#8221;18px|48px|18px|48px|true|true&#8221; custom_button_two=&#8221;on&#8221; button_two_bg_color=&#8221;#FBB040&#8243; button_two_font=&#8221;|600|||||||&#8221; button_two_use_icon=&#8221;off&#8221; button_two_custom_padding=&#8221;18px|48px|18px|48px|true|true&#8221; custom_padding=&#8221;||0px||false|false&#8221; custom_css_logo=&#8221;width: 200px;||padding-bottom: 20px;&#8221; custom_css_title=&#8221;padding-bottom: 20px;&#8221; custom_css_subtitle=&#8221;padding-bottom: 15px;&#8221; global_colors_info=&#8221;{}&#8221; button_one_text_color__hover_enabled=&#8221;on|desktop&#8221; button_one_text_color__hover=&#8221;#FFFFFF&#8221; button_one_bg_color__hover_enabled=&#8221;on|desktop&#8221; button_one_bg_color__hover=&#8221;#9E0B0F&#8221; button_one_bg_enable_color__hover=&#8221;on&#8221; button_two_text_color__hover_enabled=&#8221;on|hover&#8221; button_two_bg_color__hover_enabled=&#8221;on|desktop&#8221; button_two_bg_color__hover=&#8221;#9E0B0F&#8221; button_two_bg_enable_color__hover=&#8221;on&#8221;]<\/p>\n<p>Izdelki DVC temeljijo na najsodobnej\u0161ih tehnologijah, zanesljivih komponentah in zagotavljajo najvi\u0161jo zmogljivost, primerno za uporabo v stavbah razli\u010dnih velikosti in namenov.<\/p>\n<p>[\/et_pb_fullwidth_header][\/et_pb_section]<\/p>\n","protected":false},"excerpt":{"rendered":"<p>Pametna tehnologija, ki je vredna ve\u010d! DVC Digital Video Communication je edina regionalna blagovna znamka video nadzora in video domofonov, ki jo \u017ee 20 let razvija podjetje Alarm automatika. Prvi DVC sistem je bil prodan 13. maja 2003, do danes pa je bilo prodanih ve\u010d kot pol milijona DVC naprav in opreme.Zanesljivost in zaupanje Od [&hellip;]<\/p>\n","protected":false},"author":9,"featured_media":0,"parent":0,"menu_order":0,"comment_status":"closed","ping_status":"closed","template":"","meta":{"_et_pb_use_builder":"on","_et_pb_old_content":"","_et_gb_content_width":"","footnotes":""},"class_list":["post-10428","page","type-page","status-publish","hentry"],"_links":{"self":[{"href":"https:\/\/www.dvc.video\/sl\/wp-json\/wp\/v2\/pages\/10428","targetHints":{"allow":["GET"]}}],"collection":[{"href":"https:\/\/www.dvc.video\/sl\/wp-json\/wp\/v2\/pages"}],"about":[{"href":"https:\/\/www.dvc.video\/sl\/wp-json\/wp\/v2\/types\/page"}],"author":[{"embeddable":true,"href":"https:\/\/www.dvc.video\/sl\/wp-json\/wp\/v2\/users\/9"}],"replies":[{"embeddable":true,"href":"https:\/\/www.dvc.video\/sl\/wp-json\/wp\/v2\/comments?post=10428"}],"version-history":[{"count":0,"href":"https:\/\/www.dvc.video\/sl\/wp-json\/wp\/v2\/pages\/10428\/revisions"}],"wp:attachment":[{"href":"https:\/\/www.dvc.video\/sl\/wp-json\/wp\/v2\/media?parent=10428"}],"curies":[{"name":"wp","href":"https:\/\/api.w.org\/{rel}","templated":true}]}}