{"id":10422,"date":"2021-03-09T11:23:02","date_gmt":"2021-03-09T10:23:02","guid":{"rendered":"https:\/\/www.dvc.video\/ip-video-nadzor\/"},"modified":"2023-07-20T13:32:20","modified_gmt":"2023-07-20T11:32:20","slug":"ip-video-nadzor","status":"publish","type":"page","link":"https:\/\/www.dvc.video\/sl\/ip-video-nadzor\/","title":{"rendered":"IP video nadzor"},"content":{"rendered":"<p>[et_pb_section fb_built=&#8221;1&#8243; _builder_version=&#8221;4.9.2&#8243; _module_preset=&#8221;default&#8221; background_enable_color=&#8221;off&#8221; background_image=&#8221;https:\/\/www.dvc.video\/wp-content\/uploads\/2021\/03\/bcg-red-triangle.jpg&#8221; height=&#8221;150px&#8221; height_last_edited=&#8221;off|desktop&#8221; custom_padding=&#8221;0px||0px||true|false&#8221; global_module=&#8221;793&#8243;][et_pb_row _builder_version=&#8221;4.9.2&#8243; _module_preset=&#8221;default&#8221;][et_pb_column type=&#8221;4_4&#8243; _builder_version=&#8221;4.9.2&#8243; _module_preset=&#8221;default&#8221;][et_pb_text _builder_version=&#8221;4.9.7&#8243; _dynamic_attributes=&#8221;content&#8221; _module_preset=&#8221;default&#8221; header_text_color=&#8221;#FFFFFF&#8221; header_line_height=&#8221;1.3em&#8221; header_font_size_tablet=&#8221;&#8221; header_font_size_phone=&#8221;&#8221; header_font_size_last_edited=&#8221;on|desktop&#8221;]@ET-DC@eyJkeW5hbWljIjp0cnVlLCJjb250ZW50IjoicG9zdF90aXRsZSIsInNldHRpbmdzIjp7ImJlZm9yZSI6IjxoMT4iLCJhZnRlciI6IjxcL2gxPiJ9fQ==@[\/et_pb_text][\/et_pb_column][\/et_pb_row][\/et_pb_section][et_pb_section fb_built=&#8221;1&#8243; _builder_version=&#8221;4.9.2&#8243; _module_preset=&#8221;default&#8221;][et_pb_row _builder_version=&#8221;4.9.2&#8243; _module_preset=&#8221;default&#8221;][et_pb_column type=&#8221;4_4&#8243; _builder_version=&#8221;4.9.2&#8243; _module_preset=&#8221;default&#8221;][et_pb_text _builder_version=&#8221;4.9.2&#8243; _module_preset=&#8221;default&#8221;]<\/p>\n<p>DVC IP video nadzorni sistemi imajo bolj\u0161o kvaliteto slike, vgrajeno zmo\u017enost identifikacije oseb in bolj\u0161o zaznavanje podrobnosti v posnetkih. Zato so primarno namenjeni za\u0161\u010diti bolj kompleksnih rizi\u010dnih objektov ter odprtih podro\u010dij. Najve\u010dja prednost IP video nadzora je zmo\u017enost mre\u017eenja, integracije z drugimi tehni\u010dnimi sistemi na objektih, oddaljen nadzor, ultra visoka resolucija ter  video analitika. Smart H.265 kompresija prina\u0161a bolj\u0161o video kvaliteto, bistveno vi\u0161jo kompresijo podatkov glede na H.265+, zmanj\u0161ano porabo pasovne \u0161irine do 50%, manj zamika pri prenosu video signala, manj\u0161o potrebo po prostoru za shranjevanje ter nastavljanje in kontroliranje kamer preko NVR-ja.<\/p>\n<p>[\/et_pb_text][et_pb_text _builder_version=&#8221;4.9.2&#8243; _module_preset=&#8221;default&#8221;]<\/p>\n<h2>Do 8Mpx resolucija<\/h2>\n<p>Z izidom nove Smart H.265 kompresijskega standarda, prilagojenega mre\u017enemu prenosu slik visoke resolucija do 8Mpx, v skladu z novim 4k (UltraHD) standardom, so DVC IP kamere zmo\u017ene prikaza v \u0161irokem naboru resolucij. Kombinacija razli\u010dnih kamer, pa uporabniku omogo\u010da prikaz bolj ali manj podrobnih slik.<\/p>\n<p>[\/et_pb_text][et_pb_text _builder_version=&#8221;4.9.2&#8243; _module_preset=&#8221;default&#8221;]<\/p>\n<h2>PoE napajanje<\/h2>\n<p>Dvojno napajanje DVC IP kamer, omogo\u010da napajanje preko zunanjega 12V DC napajalnika ali direktno preko snemalnikov ega PoE izhoda z UTP kablom ter RJ45 priklju\u010dkom, kar mo\u010dno poenostavi monta\u017eo. Za snemalnike, ki nimajo PoE, se lahko kamere napajajo preko povezave na dodatno PoE mre\u017eno stikalo.<\/p>\n<p>[\/et_pb_text][et_pb_text _builder_version=&#8221;4.9.2&#8243; _module_preset=&#8221;default&#8221;]<\/p>\n<h2>Video analitika<\/h2>\n<p>Video analitika omogo\u010da hitrej\u0161e iskanje video zapisov ter hitro iskanje dogodkov, ki so kriti\u010dni za varnost. Video analitika omogo\u010da natan\u010dno detekcijo oseb ter vozil, med tem ko ignorira \u017eivali ter ostale objekte. Zaradi tega se v ve\u010dini primerov izognemo snemanju napa\u010dnih alarmov, recimo dogodkov, ki jih povzro\u010dijo drugi objekti.  Napredna video analitika omogo\u010da tudi prepoznavo obrazov, prepoznavo registrskih tablic ter \u0161tetja vstopa ter izstopa vozil in oseb.<\/p>\n<p>[\/et_pb_text][et_pb_text _builder_version=&#8221;4.9.2&#8243; _module_preset=&#8221;default&#8221;]<\/p>\n<h2>Extreme Dark, Starlight in FishEye DVC IP kamere<\/h2>\n<p>Extreme Dark tehnologija omogo\u010da pregled slike DVC IP kamere v barvnem na\u010dinu, tudi v pogojih ekstremno slave osvetlitve. Za ta namen se uporablja video senzor z maksimalno aperturo F1.0 in dodatno LED osvetlitev, ki se vklopi avtomati\u010dno, kadar je nivo zunanje svetlobe pod nivojem potrebnim za vidljivost.<\/p>\n<p>Sony STARVIS ali \u00bbStarlight\u00ab tehnologija zagotavlja kvalitetno barvno sliko tudi pono\u010di in v pogojih slabe vidljivosti, z visoko ob\u010dutljivim video senzorjem 0.002Lux.<\/p>\n<p>\u0160iroko kotna FishEye kamera zmontirana na strop, bo omogo\u010dila 360\u00b0 nadzor obmo\u010dja. Je u\u010dinkovita re\u0161itev, ki se jo enostavno montira in je namenjena, da se pokrije ve\u010dje podro\u010dje z eno kamero.<\/p>\n<p>[\/et_pb_text][et_pb_text _builder_version=&#8221;4.9.2&#8243; _module_preset=&#8221;default&#8221;]<\/p>\n<h2>True WDR<\/h2>\n<p>Nekatere izmed DVC kamer ponujajo napreden wide dynamic range (True WDR) funkcijo z do 120dB (60dB je standard) kar omogo\u010da jasno vidljivost v razli\u010dnih formatih scene, tudi ko je osvetlitev ozadja izjemno intenzivna. \u010ce je True WDR kamera usmerjena proti vhodu ali vratom, bo prilagodila svetlobi in tako reproducira posnetek z jasnimi detajli scene.<\/p>\n<p>[\/et_pb_text][et_pb_text _builder_version=&#8221;4.9.2&#8243; _module_preset=&#8221;default&#8221;]<\/p>\n<h2>Moto zoom le\u010da<\/h2>\n<p>Motorizirana ali varifokalna le\u010da, je le\u010da v kameri, ki z pomo\u010djo motorja, kamero usmeri na dolo\u010den del scene. To omogo\u010da kameri, da usmerjeno snema razli\u010dne dele obmo\u010dja, upravlja se lahko preko snemalnika (DVR, NVR), preko programske opreme, ali preko interneta z mobilno aplikacijo. Na kratko, ne glede na razdaljo od kamere, lahko uporabnik nastavi le\u010do s pritiskom na gumb.<\/p>\n<p>[\/et_pb_text][\/et_pb_column][\/et_pb_row][\/et_pb_section]<\/p>\n","protected":false},"excerpt":{"rendered":"<p>DVC IP video nadzorni sistemi imajo bolj\u0161o kvaliteto slike, vgrajeno zmo\u017enost identifikacije oseb in bolj\u0161o zaznavanje podrobnosti v posnetkih. Zato so primarno namenjeni za\u0161\u010diti bolj kompleksnih rizi\u010dnih objektov ter odprtih podro\u010dij. Najve\u010dja prednost IP video nadzora je zmo\u017enost mre\u017eenja, integracije z drugimi tehni\u010dnimi sistemi na objektih, oddaljen nadzor, ultra visoka resolucija ter video analitika. Smart [&hellip;]<\/p>\n","protected":false},"author":9,"featured_media":0,"parent":0,"menu_order":0,"comment_status":"closed","ping_status":"closed","template":"","meta":{"_et_pb_use_builder":"on","_et_pb_old_content":"","_et_gb_content_width":"","footnotes":""},"class_list":["post-10422","page","type-page","status-publish","hentry"],"_links":{"self":[{"href":"https:\/\/www.dvc.video\/sl\/wp-json\/wp\/v2\/pages\/10422","targetHints":{"allow":["GET"]}}],"collection":[{"href":"https:\/\/www.dvc.video\/sl\/wp-json\/wp\/v2\/pages"}],"about":[{"href":"https:\/\/www.dvc.video\/sl\/wp-json\/wp\/v2\/types\/page"}],"author":[{"embeddable":true,"href":"https:\/\/www.dvc.video\/sl\/wp-json\/wp\/v2\/users\/9"}],"replies":[{"embeddable":true,"href":"https:\/\/www.dvc.video\/sl\/wp-json\/wp\/v2\/comments?post=10422"}],"version-history":[{"count":0,"href":"https:\/\/www.dvc.video\/sl\/wp-json\/wp\/v2\/pages\/10422\/revisions"}],"wp:attachment":[{"href":"https:\/\/www.dvc.video\/sl\/wp-json\/wp\/v2\/media?parent=10422"}],"curies":[{"name":"wp","href":"https:\/\/api.w.org\/{rel}","templated":true}]}}