{"id":10413,"date":"2021-03-09T11:25:07","date_gmt":"2021-03-09T10:25:07","guid":{"rendered":"https:\/\/www.dvc.video\/stetje-oseb\/"},"modified":"2021-10-12T11:48:03","modified_gmt":"2021-10-12T09:48:03","slug":"stetje-oseb","status":"publish","type":"page","link":"https:\/\/www.dvc.video\/sl\/stetje-oseb\/","title":{"rendered":"\u0160tetje oseb"},"content":{"rendered":"<p>[et_pb_section fb_built=&#8221;1&#8243; _builder_version=&#8221;4.9.2&#8243; _module_preset=&#8221;default&#8221; background_enable_color=&#8221;off&#8221; background_image=&#8221;https:\/\/www.dvc.video\/wp-content\/uploads\/2021\/03\/bcg-red-triangle.jpg&#8221; height=&#8221;150px&#8221; height_last_edited=&#8221;off|desktop&#8221; custom_padding=&#8221;0px||0px||true|false&#8221; global_module=&#8221;793&#8243;][et_pb_row _builder_version=&#8221;4.9.2&#8243; _module_preset=&#8221;default&#8221;][et_pb_column type=&#8221;4_4&#8243; _builder_version=&#8221;4.9.2&#8243; _module_preset=&#8221;default&#8221;][et_pb_text _builder_version=&#8221;4.9.7&#8243; _dynamic_attributes=&#8221;content&#8221; _module_preset=&#8221;default&#8221; header_text_color=&#8221;#FFFFFF&#8221; header_line_height=&#8221;1.3em&#8221; header_font_size_tablet=&#8221;&#8221; header_font_size_phone=&#8221;&#8221; header_font_size_last_edited=&#8221;on|desktop&#8221;]@ET-DC@eyJkeW5hbWljIjp0cnVlLCJjb250ZW50IjoicG9zdF90aXRsZSIsInNldHRpbmdzIjp7ImJlZm9yZSI6IiA8aDE+IiwiYWZ0ZXIiOiIgIDxcL2gxPiJ9fQ==@[\/et_pb_text][\/et_pb_column][\/et_pb_row][\/et_pb_section][et_pb_section fb_built=&#8221;1&#8243; _builder_version=&#8221;4.9.2&#8243; _module_preset=&#8221;default&#8221;][et_pb_row _builder_version=&#8221;4.9.2&#8243; _module_preset=&#8221;default&#8221;][et_pb_column type=&#8221;4_4&#8243; _builder_version=&#8221;4.9.2&#8243; _module_preset=&#8221;default&#8221;][et_pb_text _builder_version=&#8221;4.9.4&#8243; _module_preset=&#8221;default&#8221;]DVC Special in Supreme IP liniji kamer, omogo\u010dajo \u0161tetje oseb, zahvaljujo\u010d njihovi napredni video analitiki. Mogo\u010de je \u0161teti \u0161tevilo vhodov, izhodov ter kalkulirati skupno \u0161tevilo oseb, ki so v danem trenutku prisotne. Kamere z zmo\u017enostjo \u0161tetja oseb se po navadi postavijo na vhode v trgovinah ter vhodih v konferen\u010dne ter \u0161portne centre.<\/p>\n<p>Te pametne re\u0161itve omogo\u010dajo natan\u010dno analizo u\u010dinkovitosti trgovskih centrov ter trgovin, kot tudi bolj\u0161o organiziranost zaposlenih ter prodajnih procesov.<\/p>\n<p>Med tem, ko je \u0161tevilo oseb v trgovini manj\u0161e od maksimalne \u0161tevilke, ki je nastavljena \u2013 je vhod dovoljen. V kolikor \u0161tevilo oseb dose\u017ee maksimum pa vstop ni mogo\u010d, ko pa se \u0161tevilo oseb ponovno zmanj\u0161a, se vstop omogo\u010di.<\/p>\n<ul>\n<li>Samostojna re\u0161itev za \u0161tetje oseb, v trgovinah z DVC kamero<\/li>\n<li>Dolo\u010danje maksimalnega \u0161tevila oseb v prostoru, preko lokalnega ra\u010dunalnika<\/li>\n<li>Mo\u017enost zaklepa\/odklepa vrat preko snemalnikovega relejskega izhoda<\/li>\n<li>Zmo\u017enost indikacije statusa vhoda<\/li>\n<\/ul>\n<p>[\/et_pb_text][et_pb_video src=&#8221;https:\/\/youtu.be\/2MqlieADuSI&#8221; _builder_version=&#8221;4.9.4&#8243; _module_preset=&#8221;default&#8221; width=&#8221;50%&#8221; width_tablet=&#8221;100%&#8221; width_phone=&#8221;&#8221; width_last_edited=&#8221;on|phone&#8221; module_alignment=&#8221;center&#8221;][\/et_pb_video][\/et_pb_column][\/et_pb_row][\/et_pb_section]<\/p>\n","protected":false},"excerpt":{"rendered":"<p>DVC Special in Supreme IP liniji kamer, omogo\u010dajo \u0161tetje oseb, zahvaljujo\u010d njihovi napredni video analitiki. Mogo\u010de je \u0161teti \u0161tevilo vhodov, izhodov ter kalkulirati skupno \u0161tevilo oseb, ki so v danem trenutku prisotne. Kamere z zmo\u017enostjo \u0161tetja oseb se po navadi postavijo na vhode v trgovinah ter vhodih v konferen\u010dne ter \u0161portne centre. Te pametne re\u0161itve [&hellip;]<\/p>\n","protected":false},"author":9,"featured_media":0,"parent":0,"menu_order":0,"comment_status":"closed","ping_status":"closed","template":"","meta":{"_et_pb_use_builder":"on","_et_pb_old_content":"","_et_gb_content_width":"","footnotes":""},"class_list":["post-10413","page","type-page","status-publish","hentry"],"_links":{"self":[{"href":"https:\/\/www.dvc.video\/sl\/wp-json\/wp\/v2\/pages\/10413","targetHints":{"allow":["GET"]}}],"collection":[{"href":"https:\/\/www.dvc.video\/sl\/wp-json\/wp\/v2\/pages"}],"about":[{"href":"https:\/\/www.dvc.video\/sl\/wp-json\/wp\/v2\/types\/page"}],"author":[{"embeddable":true,"href":"https:\/\/www.dvc.video\/sl\/wp-json\/wp\/v2\/users\/9"}],"replies":[{"embeddable":true,"href":"https:\/\/www.dvc.video\/sl\/wp-json\/wp\/v2\/comments?post=10413"}],"version-history":[{"count":0,"href":"https:\/\/www.dvc.video\/sl\/wp-json\/wp\/v2\/pages\/10413\/revisions"}],"wp:attachment":[{"href":"https:\/\/www.dvc.video\/sl\/wp-json\/wp\/v2\/media?parent=10413"}],"curies":[{"name":"wp","href":"https:\/\/api.w.org\/{rel}","templated":true}]}}