{"id":10410,"date":"2021-03-09T11:23:17","date_gmt":"2021-03-09T10:23:17","guid":{"rendered":"https:\/\/www.dvc.video\/analogni-hd-videonadzor\/"},"modified":"2023-04-24T08:12:56","modified_gmt":"2023-04-24T06:12:56","slug":"analogni-hd-videonadzor","status":"publish","type":"page","link":"https:\/\/www.dvc.video\/sl\/analogni-hd-videonadzor\/","title":{"rendered":"Analogni HD video nadzor"},"content":{"rendered":"<p>[et_pb_section fb_built=&#8221;1&#8243; _builder_version=&#8221;4.20.2&#8243; _module_preset=&#8221;default&#8221; background_enable_color=&#8221;off&#8221; background_image=&#8221;https:\/\/www.dvc.video\/wp-content\/uploads\/2021\/03\/bcg-red-triangle.jpg&#8221; height=&#8221;150px&#8221; height_last_edited=&#8221;off|desktop&#8221; custom_padding=&#8221;34px||34px||true|false&#8221; global_module=&#8221;793&#8243; saved_tabs=&#8221;all&#8221; global_colors_info=&#8221;{}&#8221;][et_pb_row _builder_version=&#8221;4.16&#8243; _module_preset=&#8221;default&#8221; global_colors_info=&#8221;{}&#8221;][et_pb_column type=&#8221;4_4&#8243; _builder_version=&#8221;4.16&#8243; _module_preset=&#8221;default&#8221; global_colors_info=&#8221;{}&#8221;][et_pb_text _builder_version=&#8221;4.20.0&#8243; _dynamic_attributes=&#8221;content&#8221; _module_preset=&#8221;default&#8221; header_text_color=&#8221;#FFFFFF&#8221; header_line_height=&#8221;1.3em&#8221; header_font_size_tablet=&#8221;&#8221; header_font_size_phone=&#8221;&#8221; header_font_size_last_edited=&#8221;on|desktop&#8221; global_colors_info=&#8221;{}&#8221;]@ET-DC@eyJkeW5hbWljIjp0cnVlLCJjb250ZW50IjoicG9zdF90aXRsZSIsInNldHRpbmdzIjp7ImJlZm9yZSI6IjxoMT4iLCJhZnRlciI6IjxcL2gxPiJ9fQ==@[\/et_pb_text][\/et_pb_column][\/et_pb_row][\/et_pb_section][et_pb_section fb_built=&#8221;1&#8243; _builder_version=&#8221;4.16&#8243; _module_preset=&#8221;default&#8221; global_colors_info=&#8221;{}&#8221;][et_pb_row _builder_version=&#8221;4.16&#8243; _module_preset=&#8221;default&#8221; global_colors_info=&#8221;{}&#8221;][et_pb_column type=&#8221;4_4&#8243; _builder_version=&#8221;4.16&#8243; _module_preset=&#8221;default&#8221; global_colors_info=&#8221;{}&#8221;][et_pb_text _builder_version=&#8221;4.16&#8243; _module_preset=&#8221;default&#8221; global_colors_info=&#8221;{}&#8221;]<\/p>\n<p>DVC AHD video nadzorni sistemi so najbolj pogosto uporabljeni za varovanje stanovanjskih objektov ali pa poslovnih objektov, kjer uporabniki \u017eelijo izbolj\u0161ati obstoje\u010de analogne sisteme, brez da zamenjajo in\u0161talacije.<\/p>\n<p>Z uporabo analognega prenosa video signala preko koaksialnega kabla, na razdaljah do 500m, je analogna HD tehnologija namenjena analognemu video nadzoru na ve\u010djih obmo\u010djih z slikami v kvaliteti ve\u010d megapikslov.<\/p>\n<p>[\/et_pb_text][et_pb_text _builder_version=&#8221;4.20.4&#8243; _module_preset=&#8221;default&#8221; hover_enabled=&#8221;0&#8243; global_colors_info=&#8221;{}&#8221; sticky_enabled=&#8221;0&#8243;]<\/p>\n<h2>Resolucija do 8Mpx preko koaksialnega kabla<\/h2>\n<p>Z 8Mpx resolucijo, se analogna HD tehnologija pribli\u017euje IP video nadzoru. Z uporabo analogne HD tehnologije prenosa video signala preko koaksialnega kabla, analogna HD tehnologija omogo\u010da videonadzor ve\u010djih obmo\u010dij, z odli\u010dno kvaliteto slike v: 8Mpx, 5Mpx, 4Mpx, 2Mpx ali 1Mpx.<\/p>\n<p>[\/et_pb_text][et_pb_text _builder_version=&#8221;4.20.4&#8243; _module_preset=&#8221;default&#8221; hover_enabled=&#8221;0&#8243; global_colors_info=&#8221;{}&#8221; sticky_enabled=&#8221;0&#8243;]<\/p>\n<h2>Pentabrid DVC Analogni HD snemalniki<\/h2>\n<p>Dodatno HD (AHD, CVI in TVI) ter analognim kameram, se lahko 1 do 8 dodatnih DVC IP kamer pove\u017ee na DVC analogne HD snemalnike. Na ta na\u010din se pridobi dodatne kanale na snemalniku ter fleksibilnost uporabe IP tehnologije kot tudi HD analogne tehnologij, na istem sistemu. Resolucija DVC IP kamer, ki so lahko povezane na DVC Analogni HD snemalnik so 8Mpx, 5Mpx, 4Mpx, 3Mpx in 2Mpx, z H.265+ in H.264+ kompresijo. To je lahko uporabno v primerih, ko bi uporabnik \u017eelel nadgraditi obstoje\u010di video nadzor z zamenjavo Analognih HD kamer z IP kamerami ter pentabrid DVC analognemu HD snemalniku.<\/p>\n<p>[\/et_pb_text][et_pb_text _builder_version=&#8221;4.16&#8243; _module_preset=&#8221;default&#8221; global_colors_info=&#8221;{}&#8221;]<\/p>\n<h2>4-u-1 tehnologije<\/h2>\n<p>4-in-1 tehnologija omogo\u010da vsem DVC analognim HD kameram, da delujejo  v enem izmed 4 na\u010dinov. To pomeni da o te HD kamere kompatibilne z vsemi HD analognimi snemalniki: AHD, HD-TVI, HD CVI, kot tudi z snemalniki starej\u0161ih generacij.<\/p>\n<p>[\/et_pb_text][et_pb_text _builder_version=&#8221;4.16&#8243; _module_preset=&#8221;default&#8221; global_colors_info=&#8221;{}&#8221;]<\/p>\n<h2>Snemanje v temi<\/h2>\n<p>Za snemanje v popolni temi, se uporabljajo IR LED (Infra Rde\u010de Led Diode). Tak\u0161na osvetlitev je nevidna za \u010dlove\u0161ko oko, kamere ki jo uporabljajo pa jo zaznajo. DVC zunanje IR kamere, dodatno uporabljajo razli\u010dne time novih IR LED, kot so Array LED (imajo manj kot 10 diod, dalj\u0161o \u017eivljenjsko dobo, nudijo bolj \u010disto sliko in so manj\u0161ih dimenzij) ali Black Glass LED, narejene iz kompozitnih materialov, ki prena\u0161ajo infra rde\u010d spekter svetlobe ter blokirajo vidno svetlobo.<\/p>\n<p>[\/et_pb_text][et_pb_text _builder_version=&#8221;4.16&#8243; _module_preset=&#8221;default&#8221; global_colors_info=&#8221;{}&#8221;]<\/p>\n<h2>COC (Control Over Coax)<\/h2>\n<p>Kontroliranje DVC analognih HD kamer preko koaksialnega kabla, omogo\u010da dostop do OSD brskalnika preko samega snemalnika. Z uporabo koaksialnega kabla, je mogo\u010de tudi nadzorovati DVC Analog HD PTZ kamere, brez uporabe dodatne tipkovnice z dvo jedrnim kablom ter uporabo RS485 protokola. Tak\u0161en na\u010din kontroliranja kamer je bolj enostaven, saj ni potrebe za fizi\u010dni dostop kamer in je tudi cenej\u0161i saj ni potrebe po dodatnih kablih za nadzor PTZ kamer.<\/p>\n<p>[\/et_pb_text][\/et_pb_column][\/et_pb_row][\/et_pb_section]<\/p>\n","protected":false},"excerpt":{"rendered":"<p>DVC AHD video nadzorni sistemi so najbolj pogosto uporabljeni za varovanje stanovanjskih objektov ali pa poslovnih objektov, kjer uporabniki \u017eelijo izbolj\u0161ati obstoje\u010de analogne sisteme, brez da zamenjajo in\u0161talacije. Z uporabo analognega prenosa video signala preko koaksialnega kabla, na razdaljah do 500m, je analogna HD tehnologija namenjena analognemu video nadzoru na ve\u010djih obmo\u010djih z slikami v [&hellip;]<\/p>\n","protected":false},"author":9,"featured_media":0,"parent":0,"menu_order":0,"comment_status":"closed","ping_status":"closed","template":"","meta":{"_et_pb_use_builder":"on","_et_pb_old_content":"","_et_gb_content_width":"","footnotes":""},"class_list":["post-10410","page","type-page","status-publish","hentry"],"_links":{"self":[{"href":"https:\/\/www.dvc.video\/sl\/wp-json\/wp\/v2\/pages\/10410","targetHints":{"allow":["GET"]}}],"collection":[{"href":"https:\/\/www.dvc.video\/sl\/wp-json\/wp\/v2\/pages"}],"about":[{"href":"https:\/\/www.dvc.video\/sl\/wp-json\/wp\/v2\/types\/page"}],"author":[{"embeddable":true,"href":"https:\/\/www.dvc.video\/sl\/wp-json\/wp\/v2\/users\/9"}],"replies":[{"embeddable":true,"href":"https:\/\/www.dvc.video\/sl\/wp-json\/wp\/v2\/comments?post=10410"}],"version-history":[{"count":0,"href":"https:\/\/www.dvc.video\/sl\/wp-json\/wp\/v2\/pages\/10410\/revisions"}],"wp:attachment":[{"href":"https:\/\/www.dvc.video\/sl\/wp-json\/wp\/v2\/media?parent=10410"}],"curies":[{"name":"wp","href":"https:\/\/api.w.org\/{rel}","templated":true}]}}