{"id":34092,"date":"2025-05-06T09:32:18","date_gmt":"2025-05-06T07:32:18","guid":{"rendered":"https:\/\/www.dvc.video\/proizvod\/Bez%20kategorije\/in-hdr-15-24-2\/"},"modified":"2026-04-04T05:10:02","modified_gmt":"2026-04-04T03:10:02","slug":"in-hdr-15-24-2","status":"publish","type":"product","link":"https:\/\/www.dvc.video\/sk\/produkt\/interkomy-a-video-interkomy\/napajacie-zdroje\/in-hdr-15-24-2\/","title":{"rendered":"IN-HDR-15-24"},"content":{"rendered":"","protected":false},"excerpt":{"rendered":"<p>Nap\u00e1jac\u00ed zdroj, vstupn\u00e9 nap\u00e4tie 85 &#8211; 264 V AC, v\u00fdstupn\u00e9 nap\u00e4tie 24V DC.15 W mont\u00e1\u017e na DIN li\u0161tu.<br \/>\nZabudovan\u00e1 ochrana proti skratu, pre\u0165a\u017eeniu a prep\u00e4tiu. Tento zdroj m\u00f4\u017ee nap\u00e1ja\u0165 napr. DVC DT-DPS V2 pre audio syst\u00e9my.<\/p>\n","protected":false},"featured_media":34486,"template":"","meta":{"_et_pb_use_builder":"","_et_pb_old_content":"","_et_gb_content_width":""},"product_brand":[],"product_cat":[19699,19705],"product_tag":[],"class_list":{"0":"post-34092","1":"product","2":"type-product","3":"status-publish","4":"has-post-thumbnail","6":"product_cat-interkomy-a-video-interkomy","7":"product_cat-napajacie-zdroje","9":"first","10":"instock","11":"shipping-taxable","12":"product-type-simple"},"_links":{"self":[{"href":"https:\/\/www.dvc.video\/sk\/wp-json\/wp\/v2\/product\/34092","targetHints":{"allow":["GET"]}}],"collection":[{"href":"https:\/\/www.dvc.video\/sk\/wp-json\/wp\/v2\/product"}],"about":[{"href":"https:\/\/www.dvc.video\/sk\/wp-json\/wp\/v2\/types\/product"}],"wp:featuredmedia":[{"embeddable":true,"href":"https:\/\/www.dvc.video\/sk\/wp-json\/wp\/v2\/media\/34486"}],"wp:attachment":[{"href":"https:\/\/www.dvc.video\/sk\/wp-json\/wp\/v2\/media?parent=34092"}],"wp:term":[{"taxonomy":"product_brand","embeddable":true,"href":"https:\/\/www.dvc.video\/sk\/wp-json\/wp\/v2\/product_brand?post=34092"},{"taxonomy":"product_cat","embeddable":true,"href":"https:\/\/www.dvc.video\/sk\/wp-json\/wp\/v2\/product_cat?post=34092"},{"taxonomy":"product_tag","embeddable":true,"href":"https:\/\/www.dvc.video\/sk\/wp-json\/wp\/v2\/product_tag?post=34092"}],"curies":[{"name":"wp","href":"https:\/\/api.w.org\/{rel}","templated":true}]}}