{"id":34091,"date":"2025-05-06T09:32:19","date_gmt":"2025-05-06T07:32:19","guid":{"rendered":"https:\/\/www.dvc.video\/proizvod\/Bez kategorije\/dvn-sp-2\/"},"modified":"2026-04-04T05:09:47","modified_gmt":"2026-04-04T03:09:47","slug":"dvn-sp-2","status":"publish","type":"product","link":"https:\/\/www.dvc.video\/sk\/produkt\/interkomy-a-video-interkomy\/prislusenstvo-pre-vonkajsie-jednotky\/dvn-sp-2\/","title":{"rendered":"DVN-SP"},"content":{"rendered":"","protected":false},"excerpt":{"rendered":"<p>Mo\u017eno sp\u00e1rova\u0165 s jednotla\u010didlov\u00fdm video zvon\u010dekom DVN-F2230CWL, Viacer\u00e9 mo\u017enosti in\u0161tal\u00e1cie, Mo\u017enos\u0165 nastavenia hlasitosti a vyzv\u00e1\u0148acieho t\u00f3nu, Nap\u00e1janie pomocou 2 x AA bat\u00e9ri\u00ed, Pripomienka vybitej bat\u00e9rie<\/p>\n","protected":false},"featured_media":34456,"template":"","meta":{"_et_pb_use_builder":"","_et_pb_old_content":"","_et_gb_content_width":""},"product_brand":[],"product_cat":[19699,19701],"product_tag":[],"class_list":{"0":"post-34091","1":"product","2":"type-product","3":"status-publish","4":"has-post-thumbnail","6":"product_cat-interkomy-a-video-interkomy","7":"product_cat-prislusenstvo-pre-vonkajsie-jednotky","9":"first","10":"instock","11":"shipping-taxable","12":"product-type-simple"},"_links":{"self":[{"href":"https:\/\/www.dvc.video\/sk\/wp-json\/wp\/v2\/product\/34091","targetHints":{"allow":["GET"]}}],"collection":[{"href":"https:\/\/www.dvc.video\/sk\/wp-json\/wp\/v2\/product"}],"about":[{"href":"https:\/\/www.dvc.video\/sk\/wp-json\/wp\/v2\/types\/product"}],"wp:featuredmedia":[{"embeddable":true,"href":"https:\/\/www.dvc.video\/sk\/wp-json\/wp\/v2\/media\/34456"}],"wp:attachment":[{"href":"https:\/\/www.dvc.video\/sk\/wp-json\/wp\/v2\/media?parent=34091"}],"wp:term":[{"taxonomy":"product_brand","embeddable":true,"href":"https:\/\/www.dvc.video\/sk\/wp-json\/wp\/v2\/product_brand?post=34091"},{"taxonomy":"product_cat","embeddable":true,"href":"https:\/\/www.dvc.video\/sk\/wp-json\/wp\/v2\/product_cat?post=34091"},{"taxonomy":"product_tag","embeddable":true,"href":"https:\/\/www.dvc.video\/sk\/wp-json\/wp\/v2\/product_tag?post=34091"}],"curies":[{"name":"wp","href":"https:\/\/api.w.org\/{rel}","templated":true}]}}