{"id":34085,"date":"2025-05-06T09:32:19","date_gmt":"2025-05-06T07:32:19","guid":{"rendered":"https:\/\/www.dvc.video\/proizvod\/Bez%20kategorije\/dvc-pc9-2\/"},"modified":"2026-04-04T05:09:45","modified_gmt":"2026-04-04T03:09:45","slug":"dvc-pc9-2","status":"publish","type":"product","link":"https:\/\/www.dvc.video\/sk\/produkt\/interkomy-a-video-interkomy\/napajacie-zdroje\/dvc-pc9-2\/","title":{"rendered":"DVC PC9"},"content":{"rendered":"","protected":false},"excerpt":{"rendered":"<p>Nap\u00e1jac\u00ed zdroj (1,3 A) pre syst\u00e9my DVC 2W<\/p>\n","protected":false},"featured_media":34396,"template":"","meta":{"_et_pb_use_builder":"","_et_pb_old_content":"","_et_gb_content_width":""},"product_brand":[],"product_cat":[19699,19705],"product_tag":[],"class_list":{"0":"post-34085","1":"product","2":"type-product","3":"status-publish","4":"has-post-thumbnail","6":"product_cat-interkomy-a-video-interkomy","7":"product_cat-napajacie-zdroje","9":"first","10":"instock","11":"shipping-taxable","12":"product-type-simple"},"_links":{"self":[{"href":"https:\/\/www.dvc.video\/sk\/wp-json\/wp\/v2\/product\/34085","targetHints":{"allow":["GET"]}}],"collection":[{"href":"https:\/\/www.dvc.video\/sk\/wp-json\/wp\/v2\/product"}],"about":[{"href":"https:\/\/www.dvc.video\/sk\/wp-json\/wp\/v2\/types\/product"}],"wp:featuredmedia":[{"embeddable":true,"href":"https:\/\/www.dvc.video\/sk\/wp-json\/wp\/v2\/media\/34396"}],"wp:attachment":[{"href":"https:\/\/www.dvc.video\/sk\/wp-json\/wp\/v2\/media?parent=34085"}],"wp:term":[{"taxonomy":"product_brand","embeddable":true,"href":"https:\/\/www.dvc.video\/sk\/wp-json\/wp\/v2\/product_brand?post=34085"},{"taxonomy":"product_cat","embeddable":true,"href":"https:\/\/www.dvc.video\/sk\/wp-json\/wp\/v2\/product_cat?post=34085"},{"taxonomy":"product_tag","embeddable":true,"href":"https:\/\/www.dvc.video\/sk\/wp-json\/wp\/v2\/product_tag?post=34085"}],"curies":[{"name":"wp","href":"https:\/\/api.w.org\/{rel}","templated":true}]}}