{"id":34083,"date":"2025-05-06T09:32:28","date_gmt":"2025-05-06T07:32:28","guid":{"rendered":"https:\/\/www.dvc.video\/proizvod\/Bez%20kategorije\/dvc-ixg-2\/"},"modified":"2026-04-18T05:08:50","modified_gmt":"2026-04-18T03:08:50","slug":"dvc-ixg-2","status":"publish","type":"product","link":"https:\/\/www.dvc.video\/sk\/produkt\/interkomy-a-video-interkomy\/systemove-komponenty\/dvc-ixg-2\/","title":{"rendered":"DVC IXG"},"content":{"rendered":"","protected":false},"excerpt":{"rendered":"<p>Roz\u0161iruj\u00faci modul pre 2W syst\u00e9m cez IP sie\u0165 a\u017e pre 512 bytov s pou\u017eit\u00edm vstupnej stanice IX.<\/p>\n","protected":false},"featured_media":34376,"template":"","meta":{"_et_pb_use_builder":"","_et_pb_old_content":"","_et_gb_content_width":""},"product_brand":[],"product_cat":[19699,19703],"product_tag":[],"class_list":{"0":"post-34083","1":"product","2":"type-product","3":"status-publish","4":"has-post-thumbnail","6":"product_cat-interkomy-a-video-interkomy","7":"product_cat-systemove-komponenty","9":"first","10":"instock","11":"shipping-taxable","12":"product-type-simple"},"_links":{"self":[{"href":"https:\/\/www.dvc.video\/sk\/wp-json\/wp\/v2\/product\/34083","targetHints":{"allow":["GET"]}}],"collection":[{"href":"https:\/\/www.dvc.video\/sk\/wp-json\/wp\/v2\/product"}],"about":[{"href":"https:\/\/www.dvc.video\/sk\/wp-json\/wp\/v2\/types\/product"}],"wp:featuredmedia":[{"embeddable":true,"href":"https:\/\/www.dvc.video\/sk\/wp-json\/wp\/v2\/media\/34376"}],"wp:attachment":[{"href":"https:\/\/www.dvc.video\/sk\/wp-json\/wp\/v2\/media?parent=34083"}],"wp:term":[{"taxonomy":"product_brand","embeddable":true,"href":"https:\/\/www.dvc.video\/sk\/wp-json\/wp\/v2\/product_brand?post=34083"},{"taxonomy":"product_cat","embeddable":true,"href":"https:\/\/www.dvc.video\/sk\/wp-json\/wp\/v2\/product_cat?post=34083"},{"taxonomy":"product_tag","embeddable":true,"href":"https:\/\/www.dvc.video\/sk\/wp-json\/wp\/v2\/product_tag?post=34083"}],"curies":[{"name":"wp","href":"https:\/\/api.w.org\/{rel}","templated":true}]}}