{"id":34080,"date":"2025-05-06T09:32:25","date_gmt":"2025-05-06T07:32:25","guid":{"rendered":"https:\/\/www.dvc.video\/proizvod\/Bez%20kategorije\/dvc-dt-rl1-2\/"},"modified":"2026-04-11T05:10:33","modified_gmt":"2026-04-11T03:10:33","slug":"dvc-dt-rl1-2","status":"publish","type":"product","link":"https:\/\/www.dvc.video\/sk\/produkt\/interkomy-a-video-interkomy\/systemove-komponenty\/dvc-dt-rl1-2\/","title":{"rendered":"DVC DT-RL1"},"content":{"rendered":"","protected":false},"excerpt":{"rendered":"<p>Rel\u00e9ov\u00fd modul (roz\u0161iruj\u00faci) pre dodato\u010dn\u00e9 ovl\u00e1danie elektrick\u00e9ho z\u00e1mku alebo svetla pre syst\u00e9my 2-easy. Nap\u00e1janie 24 V.; v\u00fdstup z\u00e1mku: nap\u00e1janie (12 V DC) alebo rel\u00e9. N\u00e1hrada za DVC DT-RLC.<\/p>\n","protected":false},"featured_media":34346,"template":"","meta":{"_et_pb_use_builder":"","_et_pb_old_content":"","_et_gb_content_width":""},"product_brand":[],"product_cat":[19699,19703],"product_tag":[],"class_list":{"0":"post-34080","1":"product","2":"type-product","3":"status-publish","4":"has-post-thumbnail","6":"product_cat-interkomy-a-video-interkomy","7":"product_cat-systemove-komponenty","9":"first","10":"instock","11":"shipping-taxable","12":"product-type-simple"},"_links":{"self":[{"href":"https:\/\/www.dvc.video\/sk\/wp-json\/wp\/v2\/product\/34080","targetHints":{"allow":["GET"]}}],"collection":[{"href":"https:\/\/www.dvc.video\/sk\/wp-json\/wp\/v2\/product"}],"about":[{"href":"https:\/\/www.dvc.video\/sk\/wp-json\/wp\/v2\/types\/product"}],"wp:featuredmedia":[{"embeddable":true,"href":"https:\/\/www.dvc.video\/sk\/wp-json\/wp\/v2\/media\/34346"}],"wp:attachment":[{"href":"https:\/\/www.dvc.video\/sk\/wp-json\/wp\/v2\/media?parent=34080"}],"wp:term":[{"taxonomy":"product_brand","embeddable":true,"href":"https:\/\/www.dvc.video\/sk\/wp-json\/wp\/v2\/product_brand?post=34080"},{"taxonomy":"product_cat","embeddable":true,"href":"https:\/\/www.dvc.video\/sk\/wp-json\/wp\/v2\/product_cat?post=34080"},{"taxonomy":"product_tag","embeddable":true,"href":"https:\/\/www.dvc.video\/sk\/wp-json\/wp\/v2\/product_tag?post=34080"}],"curies":[{"name":"wp","href":"https:\/\/api.w.org\/{rel}","templated":true}]}}