{"id":34078,"date":"2025-05-06T09:32:21","date_gmt":"2025-05-06T07:32:21","guid":{"rendered":"https:\/\/www.dvc.video\/proizvod\/Bez%20kategorije\/dvc-dt-dbc4f-2\/"},"modified":"2026-04-18T05:10:13","modified_gmt":"2026-04-18T03:10:13","slug":"dvc-dt-dbc4f-2","status":"publish","type":"product","link":"https:\/\/www.dvc.video\/sk\/produkt\/interkomy-a-video-interkomy\/systemove-komponenty\/dvc-dt-dbc4f-2\/","title":{"rendered":"DVC DT-DBC4F"},"content":{"rendered":"","protected":false},"excerpt":{"rendered":"<p>Rozde\u013eova\u010d so 4 v\u00fdstupmi pre monitory (NIE pre extern\u00e9 jednotky) pre mont\u00e1\u017e na DIN li\u0161tu s mo\u017enos\u0165ou \u0161pecializ\u00e1cie pomocou DIP prep\u00edna\u010dov. Sl\u00fa\u017ei na pripojenie bu\u010f DX monitora, alebo DT\/DF monitora; nepodporuje kombinovan\u00e9 pripojenie<\/p>\n","protected":false},"featured_media":34476,"template":"","meta":{"_et_pb_use_builder":"","_et_pb_old_content":"","_et_gb_content_width":""},"product_brand":[],"product_cat":[19699,19703],"product_tag":[],"class_list":{"0":"post-34078","1":"product","2":"type-product","3":"status-publish","4":"has-post-thumbnail","6":"product_cat-interkomy-a-video-interkomy","7":"product_cat-systemove-komponenty","9":"first","10":"instock","11":"shipping-taxable","12":"product-type-simple"},"_links":{"self":[{"href":"https:\/\/www.dvc.video\/sk\/wp-json\/wp\/v2\/product\/34078","targetHints":{"allow":["GET"]}}],"collection":[{"href":"https:\/\/www.dvc.video\/sk\/wp-json\/wp\/v2\/product"}],"about":[{"href":"https:\/\/www.dvc.video\/sk\/wp-json\/wp\/v2\/types\/product"}],"wp:featuredmedia":[{"embeddable":true,"href":"https:\/\/www.dvc.video\/sk\/wp-json\/wp\/v2\/media\/34476"}],"wp:attachment":[{"href":"https:\/\/www.dvc.video\/sk\/wp-json\/wp\/v2\/media?parent=34078"}],"wp:term":[{"taxonomy":"product_brand","embeddable":true,"href":"https:\/\/www.dvc.video\/sk\/wp-json\/wp\/v2\/product_brand?post=34078"},{"taxonomy":"product_cat","embeddable":true,"href":"https:\/\/www.dvc.video\/sk\/wp-json\/wp\/v2\/product_cat?post=34078"},{"taxonomy":"product_tag","embeddable":true,"href":"https:\/\/www.dvc.video\/sk\/wp-json\/wp\/v2\/product_tag?post=34078"}],"curies":[{"name":"wp","href":"https:\/\/api.w.org\/{rel}","templated":true}]}}