{"id":34076,"date":"2025-05-06T09:32:23","date_gmt":"2025-05-06T07:32:23","guid":{"rendered":"https:\/\/www.dvc.video\/proizvod\/Bez%20kategorije\/dvc-dt851-s-2\/"},"modified":"2026-04-18T05:09:43","modified_gmt":"2026-04-18T03:09:43","slug":"dvc-dt851-s-2","status":"publish","type":"product","link":"https:\/\/www.dvc.video\/sk\/produkt\/interkomy-a-video-interkomy\/vonkajsie-jednotky\/dvc-dt851-s-2\/","title":{"rendered":"DVC DT851\/S"},"content":{"rendered":"","protected":false},"excerpt":{"rendered":"<p>Viacvstupov\u00e1 jednotka so 170\u00b0 Star kamerou typu rybie oko, kl\u00e1vesnicou, 2,8\u2033 obrazovkou a vstavanou \u010d\u00edta\u010dkou kariet. Povrchov\u00e1 in\u0161tal\u00e1cia. N\u00e1hrada za DVC DMR18S.<\/p>\n","protected":false},"featured_media":34316,"template":"","meta":{"_et_pb_use_builder":"","_et_pb_old_content":"","_et_gb_content_width":""},"product_brand":[],"product_cat":[19699,19708],"product_tag":[],"class_list":{"0":"post-34076","1":"product","2":"type-product","3":"status-publish","4":"has-post-thumbnail","6":"product_cat-interkomy-a-video-interkomy","7":"product_cat-vonkajsie-jednotky","9":"first","10":"instock","11":"shipping-taxable","12":"product-type-simple"},"_links":{"self":[{"href":"https:\/\/www.dvc.video\/sk\/wp-json\/wp\/v2\/product\/34076","targetHints":{"allow":["GET"]}}],"collection":[{"href":"https:\/\/www.dvc.video\/sk\/wp-json\/wp\/v2\/product"}],"about":[{"href":"https:\/\/www.dvc.video\/sk\/wp-json\/wp\/v2\/types\/product"}],"wp:featuredmedia":[{"embeddable":true,"href":"https:\/\/www.dvc.video\/sk\/wp-json\/wp\/v2\/media\/34316"}],"wp:attachment":[{"href":"https:\/\/www.dvc.video\/sk\/wp-json\/wp\/v2\/media?parent=34076"}],"wp:term":[{"taxonomy":"product_brand","embeddable":true,"href":"https:\/\/www.dvc.video\/sk\/wp-json\/wp\/v2\/product_brand?post=34076"},{"taxonomy":"product_cat","embeddable":true,"href":"https:\/\/www.dvc.video\/sk\/wp-json\/wp\/v2\/product_cat?post=34076"},{"taxonomy":"product_tag","embeddable":true,"href":"https:\/\/www.dvc.video\/sk\/wp-json\/wp\/v2\/product_tag?post=34076"}],"curies":[{"name":"wp","href":"https:\/\/api.w.org\/{rel}","templated":true}]}}