{"id":34071,"date":"2025-05-06T09:32:33","date_gmt":"2025-05-06T07:32:33","guid":{"rendered":"https:\/\/www.dvc.video\/proizvod\/Bez%20kategorije\/dvc-dh850p-2\/"},"modified":"2026-04-18T05:08:24","modified_gmt":"2026-04-18T03:08:24","slug":"dvc-dh850p-2","status":"publish","type":"product","link":"https:\/\/www.dvc.video\/sk\/produkt\/interkomy-a-video-interkomy\/vonkajsie-jednotky\/dvc-dh850p-2\/","title":{"rendered":"DVC DH850P"},"content":{"rendered":"","protected":false},"excerpt":{"rendered":"<p>Extern\u00e1 hybridn\u00e1 videohovorov\u00e1 jednotka DH s farebnou kamerou typu rybie oko a 5&#8220; TFT obrazovkou. Vstavan\u00e1 kl\u00e1vesnica a \u010d\u00edta\u010dka RFID kariet (125 kHz a 13,56 MHz). Krytie IP 65. V\u00fdber n\u00e1jomn\u00edka v\u00fdberom z adres\u00e1ra cez TFT obrazovku alebo zadan\u00edm volacieho k\u00f3du.<\/p>\n","protected":false},"featured_media":34266,"template":"","meta":{"_et_pb_use_builder":"","_et_pb_old_content":"","_et_gb_content_width":""},"product_brand":[],"product_cat":[19699,19708],"product_tag":[],"class_list":{"0":"post-34071","1":"product","2":"type-product","3":"status-publish","4":"has-post-thumbnail","6":"product_cat-interkomy-a-video-interkomy","7":"product_cat-vonkajsie-jednotky","9":"first","10":"instock","11":"shipping-taxable","12":"product-type-simple"},"_links":{"self":[{"href":"https:\/\/www.dvc.video\/sk\/wp-json\/wp\/v2\/product\/34071","targetHints":{"allow":["GET"]}}],"collection":[{"href":"https:\/\/www.dvc.video\/sk\/wp-json\/wp\/v2\/product"}],"about":[{"href":"https:\/\/www.dvc.video\/sk\/wp-json\/wp\/v2\/types\/product"}],"wp:featuredmedia":[{"embeddable":true,"href":"https:\/\/www.dvc.video\/sk\/wp-json\/wp\/v2\/media\/34266"}],"wp:attachment":[{"href":"https:\/\/www.dvc.video\/sk\/wp-json\/wp\/v2\/media?parent=34071"}],"wp:term":[{"taxonomy":"product_brand","embeddable":true,"href":"https:\/\/www.dvc.video\/sk\/wp-json\/wp\/v2\/product_brand?post=34071"},{"taxonomy":"product_cat","embeddable":true,"href":"https:\/\/www.dvc.video\/sk\/wp-json\/wp\/v2\/product_cat?post=34071"},{"taxonomy":"product_tag","embeddable":true,"href":"https:\/\/www.dvc.video\/sk\/wp-json\/wp\/v2\/product_tag?post=34071"}],"curies":[{"name":"wp","href":"https:\/\/api.w.org\/{rel}","templated":true}]}}