{"id":34068,"date":"2025-05-06T09:32:25","date_gmt":"2025-05-06T07:32:25","guid":{"rendered":"https:\/\/www.dvc.video\/proizvod\/Bez%20kategorije\/drn-32164r-2\/"},"modified":"2026-04-18T05:09:18","modified_gmt":"2026-04-18T03:09:18","slug":"drn-32164r-2","status":"publish","type":"product","link":"https:\/\/www.dvc.video\/sk\/produkt\/videonadzor-sk\/rekordery\/drn-32164r-2\/","title":{"rendered":"DRN-32164R"},"content":{"rendered":"<p><a href=\"https:\/\/b2b.alarmautomatika.com\/documentation\/Video_nadzor\/7_IP_video_nadzor\/Korisni\u010dke_upute_i_softwari_za_panteon\/DVC data sheets\/DRN-32164R.pdf?utm_source=dvc&amp;utm_medium=web&amp;utm_campaign=datasheet&amp;utm_term=DRN-32164R\" target=\"_blank\" class=\"button-datasheet\" rel=\"noopener\">Datasheet<\/a><\/p>\n","protected":false},"excerpt":{"rendered":"<p>32-kan\u00e1lov\u00fd NVR, podpora 16Mpx\/8Mpx\/6Mpx\/4Mpx\/1080p DVC IP kamier, 4 x HDD, quadplex, kompresia H.264\/H.265, r\u00fdchlos\u0165 nahr\u00e1vania 16Mpx, 8Mpx, 6Mpx, 4Mpx, 1080p pri 25 sn\u00edmok za sekundu na kan\u00e1l, 2xHDMI a VGA video v\u00fdstup, nap\u00e1janie 230V AC, korekcia obrazu rybieho oka.<\/p>\n","protected":false},"featured_media":34236,"template":"","meta":{"_et_pb_use_builder":"","_et_pb_old_content":"","_et_gb_content_width":""},"product_brand":[],"product_cat":[19721,19697],"product_tag":[],"class_list":{"0":"post-34068","1":"product","2":"type-product","3":"status-publish","4":"has-post-thumbnail","6":"product_cat-rekordery","7":"product_cat-videonadzor-sk","9":"first","10":"instock","11":"shipping-taxable","12":"product-type-simple"},"_links":{"self":[{"href":"https:\/\/www.dvc.video\/sk\/wp-json\/wp\/v2\/product\/34068","targetHints":{"allow":["GET"]}}],"collection":[{"href":"https:\/\/www.dvc.video\/sk\/wp-json\/wp\/v2\/product"}],"about":[{"href":"https:\/\/www.dvc.video\/sk\/wp-json\/wp\/v2\/types\/product"}],"wp:featuredmedia":[{"embeddable":true,"href":"https:\/\/www.dvc.video\/sk\/wp-json\/wp\/v2\/media\/34236"}],"wp:attachment":[{"href":"https:\/\/www.dvc.video\/sk\/wp-json\/wp\/v2\/media?parent=34068"}],"wp:term":[{"taxonomy":"product_brand","embeddable":true,"href":"https:\/\/www.dvc.video\/sk\/wp-json\/wp\/v2\/product_brand?post=34068"},{"taxonomy":"product_cat","embeddable":true,"href":"https:\/\/www.dvc.video\/sk\/wp-json\/wp\/v2\/product_cat?post=34068"},{"taxonomy":"product_tag","embeddable":true,"href":"https:\/\/www.dvc.video\/sk\/wp-json\/wp\/v2\/product_tag?post=34068"}],"curies":[{"name":"wp","href":"https:\/\/api.w.org\/{rel}","templated":true}]}}