{"id":34067,"date":"2025-05-06T09:32:24","date_gmt":"2025-05-06T07:32:24","guid":{"rendered":"https:\/\/www.dvc.video\/proizvod\/Bez%20kategorije\/dan-1216-2\/"},"modified":"2026-04-27T08:21:52","modified_gmt":"2026-04-27T06:21:52","slug":"dan-1216-2","status":"publish","type":"product","link":"https:\/\/www.dvc.video\/sk\/produkt\/videonadzor-sk\/napajacie-zdroje-sk\/dan-1216-2\/","title":{"rendered":"DAN-1216"},"content":{"rendered":"","protected":false},"excerpt":{"rendered":"<p>Centr\u00e1lny nap\u00e1jac\u00ed zdroj pre kamery, 16 x 12V DC\/1A, spolu 16A, nap\u00e1janie 230V AC.<\/p>\n","protected":false},"featured_media":34226,"template":"","meta":{"_et_pb_use_builder":"","_et_pb_old_content":"","_et_gb_content_width":""},"product_brand":[],"product_cat":[19715,19697],"product_tag":[],"class_list":{"0":"post-34067","1":"product","2":"type-product","3":"status-publish","4":"has-post-thumbnail","6":"product_cat-napajacie-zdroje-sk","7":"product_cat-videonadzor-sk","9":"first","10":"instock","11":"shipping-taxable","12":"product-type-simple"},"_links":{"self":[{"href":"https:\/\/www.dvc.video\/sk\/wp-json\/wp\/v2\/product\/34067","targetHints":{"allow":["GET"]}}],"collection":[{"href":"https:\/\/www.dvc.video\/sk\/wp-json\/wp\/v2\/product"}],"about":[{"href":"https:\/\/www.dvc.video\/sk\/wp-json\/wp\/v2\/types\/product"}],"wp:featuredmedia":[{"embeddable":true,"href":"https:\/\/www.dvc.video\/sk\/wp-json\/wp\/v2\/media\/34226"}],"wp:attachment":[{"href":"https:\/\/www.dvc.video\/sk\/wp-json\/wp\/v2\/media?parent=34067"}],"wp:term":[{"taxonomy":"product_brand","embeddable":true,"href":"https:\/\/www.dvc.video\/sk\/wp-json\/wp\/v2\/product_brand?post=34067"},{"taxonomy":"product_cat","embeddable":true,"href":"https:\/\/www.dvc.video\/sk\/wp-json\/wp\/v2\/product_cat?post=34067"},{"taxonomy":"product_tag","embeddable":true,"href":"https:\/\/www.dvc.video\/sk\/wp-json\/wp\/v2\/product_tag?post=34067"}],"curies":[{"name":"wp","href":"https:\/\/api.w.org\/{rel}","templated":true}]}}