{"id":33401,"date":"2025-01-27T09:08:41","date_gmt":"2025-01-27T08:08:41","guid":{"rendered":"https:\/\/www.dvc.video\/proizvod\/Bez%20kategorije\/dosn-80-2\/"},"modified":"2026-05-09T05:07:54","modified_gmt":"2026-05-09T03:07:54","slug":"dosn-80-2","status":"publish","type":"product","link":"https:\/\/www.dvc.video\/sk\/produkt\/videonadzor-sk\/servery-a-vybavenie\/dosn-80-2\/","title":{"rendered":"DOSN-80"},"content":{"rendered":"<p><a href=\"https:\/\/b2b.alarmautomatika.com\/documentation\/Video_nadzor\/7_IP_video_nadzor\/Korisni\u010dke_upute_i_softwari_za_panteon\/DVC data sheets\/DOSN-80.pdf?utm_source=dvc&amp;utm_medium=web&amp;utm_campaign=datasheet&amp;utm_term=DOSN-80\" target=\"_blank\" class=\"button-datasheet\" rel=\"noopener\">Datasheet<\/a><\/p>\n","protected":false},"excerpt":{"rendered":"<p>DVC VMS server so vstavan\u00fdm \u0161tandardom NVMS 2.0, podpora a\u017e 512 kan\u00e1lov, 128 rekord\u00e9rov, napriamo 128 IP kamier, 2 x HDMI, VGA video v\u00fdstupy, 2 x HDD \u00falo\u017eisko. AMD 8-jadro 64bit, 8GB DDR4 a\u017e do 64GB, Decoding 1 x16MP alebo 4 x12MP , Linux\/NVMS 2.0 STANDARD, Bandwidth 512Mbps&#8230;<\/p>\n","protected":false},"featured_media":33438,"template":"","meta":{"_et_pb_use_builder":"","_et_pb_old_content":"","_et_gb_content_width":""},"product_brand":[],"product_cat":[19720,19697],"product_tag":[],"class_list":{"0":"post-33401","1":"product","2":"type-product","3":"status-publish","4":"has-post-thumbnail","6":"product_cat-servery-a-vybavenie","7":"product_cat-videonadzor-sk","9":"first","10":"instock","11":"shipping-taxable","12":"product-type-simple"},"_links":{"self":[{"href":"https:\/\/www.dvc.video\/sk\/wp-json\/wp\/v2\/product\/33401","targetHints":{"allow":["GET"]}}],"collection":[{"href":"https:\/\/www.dvc.video\/sk\/wp-json\/wp\/v2\/product"}],"about":[{"href":"https:\/\/www.dvc.video\/sk\/wp-json\/wp\/v2\/types\/product"}],"wp:featuredmedia":[{"embeddable":true,"href":"https:\/\/www.dvc.video\/sk\/wp-json\/wp\/v2\/media\/33438"}],"wp:attachment":[{"href":"https:\/\/www.dvc.video\/sk\/wp-json\/wp\/v2\/media?parent=33401"}],"wp:term":[{"taxonomy":"product_brand","embeddable":true,"href":"https:\/\/www.dvc.video\/sk\/wp-json\/wp\/v2\/product_brand?post=33401"},{"taxonomy":"product_cat","embeddable":true,"href":"https:\/\/www.dvc.video\/sk\/wp-json\/wp\/v2\/product_cat?post=33401"},{"taxonomy":"product_tag","embeddable":true,"href":"https:\/\/www.dvc.video\/sk\/wp-json\/wp\/v2\/product_tag?post=33401"}],"curies":[{"name":"wp","href":"https:\/\/api.w.org\/{rel}","templated":true}]}}