{"id":32771,"date":"2025-01-21T14:31:20","date_gmt":"2025-01-21T13:31:20","guid":{"rendered":"https:\/\/www.dvc.video\/proizvod\/Bez%20kategorije\/dtc-bf5073v2-2\/"},"modified":"2026-04-25T05:16:09","modified_gmt":"2026-04-25T03:16:09","slug":"dtc-bf5073v2-2","status":"publish","type":"product","link":"https:\/\/www.dvc.video\/sk\/produkt\/videonadzor-sk\/kamery-sk\/dtc-bf5073v2-2\/","title":{"rendered":"DTC-BF5073V2"},"content":{"rendered":"","protected":false},"excerpt":{"rendered":"<p>Term\u00e1lna IP videokamera Bullet pre r\u00fdchlu detekciu hroziaceho po\u017eiaru, rozl\u00ed\u0161enie thermal sn\u00edma\u010da 256&#215;192 objekt\u00edv 7mm@F1.0, meracia vzdialenos\u0165 1.1m, presnos\u0165 \u00b18\u00b0C, optick\u00e9 rozl\u00ed\u0161enie 5Mpx\/30fps, objekt\u00edv 8mm, H.265, IR 20-30m, True WDR 120dB, 12VDC\/PoE, SD karta, audio vstup + reproduktor, biele svetlo, Onvif, Full AI video analytika, IP66.<\/p>\n","protected":false},"featured_media":32946,"template":"","meta":{"_et_pb_use_builder":"","_et_pb_old_content":"","_et_gb_content_width":""},"product_brand":[],"product_cat":[19698,19697],"product_tag":[],"class_list":{"0":"post-32771","1":"product","2":"type-product","3":"status-publish","4":"has-post-thumbnail","6":"product_cat-kamery-sk","7":"product_cat-videonadzor-sk","9":"first","10":"instock","11":"shipping-taxable","12":"product-type-simple"},"_links":{"self":[{"href":"https:\/\/www.dvc.video\/sk\/wp-json\/wp\/v2\/product\/32771","targetHints":{"allow":["GET"]}}],"collection":[{"href":"https:\/\/www.dvc.video\/sk\/wp-json\/wp\/v2\/product"}],"about":[{"href":"https:\/\/www.dvc.video\/sk\/wp-json\/wp\/v2\/types\/product"}],"wp:featuredmedia":[{"embeddable":true,"href":"https:\/\/www.dvc.video\/sk\/wp-json\/wp\/v2\/media\/32946"}],"wp:attachment":[{"href":"https:\/\/www.dvc.video\/sk\/wp-json\/wp\/v2\/media?parent=32771"}],"wp:term":[{"taxonomy":"product_brand","embeddable":true,"href":"https:\/\/www.dvc.video\/sk\/wp-json\/wp\/v2\/product_brand?post=32771"},{"taxonomy":"product_cat","embeddable":true,"href":"https:\/\/www.dvc.video\/sk\/wp-json\/wp\/v2\/product_cat?post=32771"},{"taxonomy":"product_tag","embeddable":true,"href":"https:\/\/www.dvc.video\/sk\/wp-json\/wp\/v2\/product_tag?post=32771"}],"curies":[{"name":"wp","href":"https:\/\/api.w.org\/{rel}","templated":true}]}}