{"id":32769,"date":"2025-01-21T14:31:11","date_gmt":"2025-01-21T13:31:11","guid":{"rendered":"https:\/\/www.dvc.video\/proizvod\/Bez%20kategorije\/drn-32168rpw-2\/"},"modified":"2026-05-09T05:11:38","modified_gmt":"2026-05-09T03:11:38","slug":"drn-32168rpw-2","status":"publish","type":"product","link":"https:\/\/www.dvc.video\/sk\/produkt\/videonadzor-sk\/rekordery\/drn-32168rpw-2\/","title":{"rendered":"DRN-32168RPW"},"content":{"rendered":"<p><a href=\"https:\/\/b2b.alarmautomatika.com\/documentation\/Video_nadzor\/7_IP_video_nadzor\/Korisni\u010dke_upute_i_softwari_za_panteon\/DVC data sheets\/DRN-64168RPW-DRN-32168RPW.pdf?utm_source=dvc&amp;utm_medium=web&amp;utm_campaign=datasheet&amp;utm_term=DRN-32168RPW\" target=\"_blank\" class=\"button-datasheet\" rel=\"noopener\">Datasheet<\/a><\/p>\n","protected":false},"excerpt":{"rendered":"<p>32-kan\u00e1lov\u00fd rackov\u00fd NVR, podpora 16Mpx\/12Mpx\/8Mpx\/6Mpx\/4Mpx\/1080p DVC IP kamier, 8 x HDD, RAID 0,1,5,6,10; quadplex, kompresia H.264\/H.265, r\u00fdchlos\u0165 nahr\u00e1vania 16Mpx, 12Mpx, 8Mpx, 6Mpx, 4Mpx, 1080p@25fps, RS485, 4 x HDMI 4K a VGA video v\u00fdstup, P2P, LAN, DHCP, DDNS, WEB server, mobiln\u00fd klient, du\u00e1lny stream, redundantn\u00e9 nap\u00e1janie 2 x 230 VAC.<\/p>\n","protected":false},"featured_media":32936,"template":"","meta":{"_et_pb_use_builder":"","_et_pb_old_content":"","_et_gb_content_width":""},"product_brand":[],"product_cat":[19721,19697],"product_tag":[],"class_list":{"0":"post-32769","1":"product","2":"type-product","3":"status-publish","4":"has-post-thumbnail","6":"product_cat-rekordery","7":"product_cat-videonadzor-sk","9":"first","10":"instock","11":"shipping-taxable","12":"product-type-simple"},"_links":{"self":[{"href":"https:\/\/www.dvc.video\/sk\/wp-json\/wp\/v2\/product\/32769","targetHints":{"allow":["GET"]}}],"collection":[{"href":"https:\/\/www.dvc.video\/sk\/wp-json\/wp\/v2\/product"}],"about":[{"href":"https:\/\/www.dvc.video\/sk\/wp-json\/wp\/v2\/types\/product"}],"wp:featuredmedia":[{"embeddable":true,"href":"https:\/\/www.dvc.video\/sk\/wp-json\/wp\/v2\/media\/32936"}],"wp:attachment":[{"href":"https:\/\/www.dvc.video\/sk\/wp-json\/wp\/v2\/media?parent=32769"}],"wp:term":[{"taxonomy":"product_brand","embeddable":true,"href":"https:\/\/www.dvc.video\/sk\/wp-json\/wp\/v2\/product_brand?post=32769"},{"taxonomy":"product_cat","embeddable":true,"href":"https:\/\/www.dvc.video\/sk\/wp-json\/wp\/v2\/product_cat?post=32769"},{"taxonomy":"product_tag","embeddable":true,"href":"https:\/\/www.dvc.video\/sk\/wp-json\/wp\/v2\/product_tag?post=32769"}],"curies":[{"name":"wp","href":"https:\/\/api.w.org\/{rel}","templated":true}]}}