{"id":32768,"date":"2025-01-21T14:31:06","date_gmt":"2025-01-21T13:31:06","guid":{"rendered":"https:\/\/www.dvc.video\/proizvod\/Bez%20kategorije\/drn-32162r-2\/"},"modified":"2026-04-27T08:31:57","modified_gmt":"2026-04-27T06:31:57","slug":"drn-32162r-2","status":"publish","type":"product","link":"https:\/\/www.dvc.video\/sk\/produkt\/videonadzor-sk\/rekordery\/drn-32162r-2\/","title":{"rendered":"DRN-32162R"},"content":{"rendered":"<p><a href=\"https:\/\/b2b.alarmautomatika.com\/documentation\/Video_nadzor\/7_IP_video_nadzor\/Korisni\u010dke_upute_i_softwari_za_panteon\/DVC data sheets\/DRN-32162R.pdf?utm_source=dvc&amp;utm_medium=web&amp;utm_campaign=datasheet&amp;utm_term=DRN-32162R\" target=\"_blank\" class=\"button-datasheet\" rel=\"noopener\">Datasheet<\/a><\/p>\n","protected":false},"excerpt":{"rendered":"<p>Video z\u00e1znamn\u00edk pre 32IP kamier, podporuje max. 16M\/12M\/8M\/4M\/1080p\/25fps na kan\u00e1l, kompresia H.265, rozhranie SATA, 2 x HDD, HDMI 4K, HDMI, VGA, GUI 4.0, 2x Giga Ethernet RJ-45, \u0161\u00edrka p\u00e1sma 300Mbps, nap\u00e1janie 12 VDC, adapt\u00e9r je s\u00fa\u010das\u0165ou balenia, podpora Fisheye&#8230;<\/p>\n","protected":false},"featured_media":32906,"template":"","meta":{"_et_pb_use_builder":"","_et_pb_old_content":"","_et_gb_content_width":""},"product_brand":[],"product_cat":[19721,19697],"product_tag":[],"class_list":{"0":"post-32768","1":"product","2":"type-product","3":"status-publish","4":"has-post-thumbnail","6":"product_cat-rekordery","7":"product_cat-videonadzor-sk","9":"first","10":"instock","11":"shipping-taxable","12":"product-type-simple"},"_links":{"self":[{"href":"https:\/\/www.dvc.video\/sk\/wp-json\/wp\/v2\/product\/32768","targetHints":{"allow":["GET"]}}],"collection":[{"href":"https:\/\/www.dvc.video\/sk\/wp-json\/wp\/v2\/product"}],"about":[{"href":"https:\/\/www.dvc.video\/sk\/wp-json\/wp\/v2\/types\/product"}],"wp:featuredmedia":[{"embeddable":true,"href":"https:\/\/www.dvc.video\/sk\/wp-json\/wp\/v2\/media\/32906"}],"wp:attachment":[{"href":"https:\/\/www.dvc.video\/sk\/wp-json\/wp\/v2\/media?parent=32768"}],"wp:term":[{"taxonomy":"product_brand","embeddable":true,"href":"https:\/\/www.dvc.video\/sk\/wp-json\/wp\/v2\/product_brand?post=32768"},{"taxonomy":"product_cat","embeddable":true,"href":"https:\/\/www.dvc.video\/sk\/wp-json\/wp\/v2\/product_cat?post=32768"},{"taxonomy":"product_tag","embeddable":true,"href":"https:\/\/www.dvc.video\/sk\/wp-json\/wp\/v2\/product_tag?post=32768"}],"curies":[{"name":"wp","href":"https:\/\/api.w.org\/{rel}","templated":true}]}}