{"id":32766,"date":"2025-01-21T14:31:22","date_gmt":"2025-01-21T13:31:22","guid":{"rendered":"https:\/\/www.dvc.video\/proizvod\/Bez%20kategorije\/dosn-78-2\/"},"modified":"2026-05-09T05:08:37","modified_gmt":"2026-05-09T03:08:37","slug":"dosn-78-2","status":"publish","type":"product","link":"https:\/\/www.dvc.video\/sk\/produkt\/videonadzor-sk\/servery-a-vybavenie\/dosn-78-2\/","title":{"rendered":"DOSN-78"},"content":{"rendered":"","protected":false},"excerpt":{"rendered":"<p>DVC VMS server so vstavan\u00fdm \u0161tandardom NVMS 2.0, podpora a\u017e 1000 kan\u00e1lov, 256 rekord\u00e9rov, priame pripojenie 300 IP kamier, 4 x HDMI video v\u00fdstupy, 8 x HDD \u00falo\u017eisko. AMD 8-jadro 64bit, 8GB DDR4 a\u017e do 64GB, Decoding 1 x16MP alebo 4 x12MP , Linux\/NVMS 2.0 STANDARD, Bandwidth 768Mbps&#8230;<\/p>\n","protected":false},"featured_media":32886,"template":"","meta":{"_et_pb_use_builder":"","_et_pb_old_content":"","_et_gb_content_width":""},"product_brand":[],"product_cat":[19720,19697],"product_tag":[],"class_list":{"0":"post-32766","1":"product","2":"type-product","3":"status-publish","4":"has-post-thumbnail","6":"product_cat-servery-a-vybavenie","7":"product_cat-videonadzor-sk","9":"first","10":"instock","11":"shipping-taxable","12":"product-type-simple"},"_links":{"self":[{"href":"https:\/\/www.dvc.video\/sk\/wp-json\/wp\/v2\/product\/32766","targetHints":{"allow":["GET"]}}],"collection":[{"href":"https:\/\/www.dvc.video\/sk\/wp-json\/wp\/v2\/product"}],"about":[{"href":"https:\/\/www.dvc.video\/sk\/wp-json\/wp\/v2\/types\/product"}],"wp:featuredmedia":[{"embeddable":true,"href":"https:\/\/www.dvc.video\/sk\/wp-json\/wp\/v2\/media\/32886"}],"wp:attachment":[{"href":"https:\/\/www.dvc.video\/sk\/wp-json\/wp\/v2\/media?parent=32766"}],"wp:term":[{"taxonomy":"product_brand","embeddable":true,"href":"https:\/\/www.dvc.video\/sk\/wp-json\/wp\/v2\/product_brand?post=32766"},{"taxonomy":"product_cat","embeddable":true,"href":"https:\/\/www.dvc.video\/sk\/wp-json\/wp\/v2\/product_cat?post=32766"},{"taxonomy":"product_tag","embeddable":true,"href":"https:\/\/www.dvc.video\/sk\/wp-json\/wp\/v2\/product_tag?post=32766"}],"curies":[{"name":"wp","href":"https:\/\/api.w.org\/{rel}","templated":true}]}}