{"id":32765,"date":"2025-01-21T14:31:11","date_gmt":"2025-01-21T13:31:11","guid":{"rendered":"https:\/\/www.dvc.video\/proizvod\/Bez%20kategorije\/dosn-77-2\/"},"modified":"2026-05-09T05:11:27","modified_gmt":"2026-05-09T03:11:27","slug":"dosn-77-2","status":"publish","type":"product","link":"https:\/\/www.dvc.video\/sk\/produkt\/videonadzor-sk\/servery-a-vybavenie\/dosn-77-2\/","title":{"rendered":"DOSN-77"},"content":{"rendered":"<p><a href=\"https:\/\/b2b.alarmautomatika.com\/documentation\/Video_nadzor\/7_IP_video_nadzor\/Korisni\u010dke_upute_i_softwari_za_panteon\/DVC data sheets\/DOSN-77.pdf?utm_source=dvc&amp;utm_medium=web&amp;utm_campaign=datasheet&amp;utm_term=DOSN-77\" target=\"_blank\" class=\"button-datasheet\" rel=\"noopener\">Datasheet<\/a><\/p>\n","protected":false},"excerpt":{"rendered":"<p>DVC VMS server so vstavan\u00fdm \u0161tandardom NVMS 2.0, podpora a\u017e 256 kan\u00e1lov, 64 rekord\u00e9rov, 2 x HDMI, 1 x HDD. Intel Pentium 4405U, 8GB DDR4, Decoding 1 x16MP alebo 4 x8MP alebo 9 x4MP, Linux\/NVMS 2.0 STANDARD, Bandwidth 100Mbps&#8230;<\/p>\n","protected":false},"featured_media":32876,"template":"","meta":{"_et_pb_use_builder":"","_et_pb_old_content":"","_et_gb_content_width":""},"product_brand":[],"product_cat":[19720,19697],"product_tag":[],"class_list":{"0":"post-32765","1":"product","2":"type-product","3":"status-publish","4":"has-post-thumbnail","6":"product_cat-servery-a-vybavenie","7":"product_cat-videonadzor-sk","9":"first","10":"instock","11":"shipping-taxable","12":"product-type-simple"},"_links":{"self":[{"href":"https:\/\/www.dvc.video\/sk\/wp-json\/wp\/v2\/product\/32765","targetHints":{"allow":["GET"]}}],"collection":[{"href":"https:\/\/www.dvc.video\/sk\/wp-json\/wp\/v2\/product"}],"about":[{"href":"https:\/\/www.dvc.video\/sk\/wp-json\/wp\/v2\/types\/product"}],"wp:featuredmedia":[{"embeddable":true,"href":"https:\/\/www.dvc.video\/sk\/wp-json\/wp\/v2\/media\/32876"}],"wp:attachment":[{"href":"https:\/\/www.dvc.video\/sk\/wp-json\/wp\/v2\/media?parent=32765"}],"wp:term":[{"taxonomy":"product_brand","embeddable":true,"href":"https:\/\/www.dvc.video\/sk\/wp-json\/wp\/v2\/product_brand?post=32765"},{"taxonomy":"product_cat","embeddable":true,"href":"https:\/\/www.dvc.video\/sk\/wp-json\/wp\/v2\/product_cat?post=32765"},{"taxonomy":"product_tag","embeddable":true,"href":"https:\/\/www.dvc.video\/sk\/wp-json\/wp\/v2\/product_tag?post=32765"}],"curies":[{"name":"wp","href":"https:\/\/api.w.org\/{rel}","templated":true}]}}