{"id":32763,"date":"2025-01-21T14:31:19","date_gmt":"2025-01-21T13:31:19","guid":{"rendered":"https:\/\/www.dvc.video\/proizvod\/Bez%20kategorije\/dcn-tm8125ai-dl-2\/"},"modified":"2026-04-25T05:17:13","modified_gmt":"2026-04-25T03:17:13","slug":"dcn-tm8125ai-dl-2","status":"publish","type":"product","link":"https:\/\/www.dvc.video\/sk\/produkt\/videonadzor-sk\/kamery-sk\/dcn-tm8125ai-dl-2\/","title":{"rendered":"DCN-TM8125AI-DL"},"content":{"rendered":"","protected":false},"excerpt":{"rendered":"<p>IP kamera, Turret, 8Mpix, moto-zoom objekt\u00edv 2.8-12mm, AI VCA, True WDR 120dB, MIC,  DUAL LIGHT (IR&amp;biele LED) 30-50m, IP67. Odpor\u00fa\u010dan\u00e9 podlo\u017eky pod kameru: klasick\u00e1 interi\u00e9r DAJ-41, horizont\u00e1lna na stenu DAM-32, na st\u013ap DAM-35 + DAM-32.<\/p>\n","protected":false},"featured_media":33166,"template":"","meta":{"_et_pb_use_builder":"","_et_pb_old_content":"","_et_gb_content_width":""},"product_brand":[],"product_cat":[19698,19697],"product_tag":[],"class_list":{"0":"post-32763","1":"product","2":"type-product","3":"status-publish","4":"has-post-thumbnail","6":"product_cat-kamery-sk","7":"product_cat-videonadzor-sk","9":"first","10":"instock","11":"shipping-taxable","12":"product-type-simple"},"_links":{"self":[{"href":"https:\/\/www.dvc.video\/sk\/wp-json\/wp\/v2\/product\/32763","targetHints":{"allow":["GET"]}}],"collection":[{"href":"https:\/\/www.dvc.video\/sk\/wp-json\/wp\/v2\/product"}],"about":[{"href":"https:\/\/www.dvc.video\/sk\/wp-json\/wp\/v2\/types\/product"}],"wp:featuredmedia":[{"embeddable":true,"href":"https:\/\/www.dvc.video\/sk\/wp-json\/wp\/v2\/media\/33166"}],"wp:attachment":[{"href":"https:\/\/www.dvc.video\/sk\/wp-json\/wp\/v2\/media?parent=32763"}],"wp:term":[{"taxonomy":"product_brand","embeddable":true,"href":"https:\/\/www.dvc.video\/sk\/wp-json\/wp\/v2\/product_brand?post=32763"},{"taxonomy":"product_cat","embeddable":true,"href":"https:\/\/www.dvc.video\/sk\/wp-json\/wp\/v2\/product_cat?post=32763"},{"taxonomy":"product_tag","embeddable":true,"href":"https:\/\/www.dvc.video\/sk\/wp-json\/wp\/v2\/product_tag?post=32763"}],"curies":[{"name":"wp","href":"https:\/\/api.w.org\/{rel}","templated":true}]}}