{"id":32760,"date":"2025-01-21T14:31:16","date_gmt":"2025-01-21T13:31:16","guid":{"rendered":"https:\/\/www.dvc.video\/proizvod\/Bez%20kategorije\/dcn-tf4284ai-ad-2\/"},"modified":"2026-04-27T08:29:05","modified_gmt":"2026-04-27T06:29:05","slug":"dcn-tf4284ai-ad-2","status":"publish","type":"product","link":"https:\/\/www.dvc.video\/sk\/produkt\/videonadzor-sk\/kamery-sk\/dcn-tf4284ai-ad-2\/","title":{"rendered":"DCN-TF4284AI-AD"},"content":{"rendered":"","protected":false},"excerpt":{"rendered":"<p>IP videokamera Turret, Active Deterance, rozl\u00ed\u0161enie 4Mpx\/25fps, objekt\u00edv 2,8 mm, H.265+, dosah IR a bielych LED di\u00f3d 30-40 m, True WDR 120dB, 12VDC\/PoE, Onvif, IP66, Full AI video analytika. Odpor\u00fa\u010dan\u00e9 podlo\u017eky pod kameru: klasick\u00e1 interi\u00e9r DAJ-44, horizont\u00e1lna na stenu DAM-32, na st\u013ap DAM-35 + DAM-32.<\/p>\n","protected":false},"featured_media":32966,"template":"","meta":{"_et_pb_use_builder":"","_et_pb_old_content":"","_et_gb_content_width":""},"product_brand":[],"product_cat":[19698,19697],"product_tag":[],"class_list":{"0":"post-32760","1":"product","2":"type-product","3":"status-publish","4":"has-post-thumbnail","6":"product_cat-kamery-sk","7":"product_cat-videonadzor-sk","9":"first","10":"instock","11":"shipping-taxable","12":"product-type-simple"},"_links":{"self":[{"href":"https:\/\/www.dvc.video\/sk\/wp-json\/wp\/v2\/product\/32760","targetHints":{"allow":["GET"]}}],"collection":[{"href":"https:\/\/www.dvc.video\/sk\/wp-json\/wp\/v2\/product"}],"about":[{"href":"https:\/\/www.dvc.video\/sk\/wp-json\/wp\/v2\/types\/product"}],"wp:featuredmedia":[{"embeddable":true,"href":"https:\/\/www.dvc.video\/sk\/wp-json\/wp\/v2\/media\/32966"}],"wp:attachment":[{"href":"https:\/\/www.dvc.video\/sk\/wp-json\/wp\/v2\/media?parent=32760"}],"wp:term":[{"taxonomy":"product_brand","embeddable":true,"href":"https:\/\/www.dvc.video\/sk\/wp-json\/wp\/v2\/product_brand?post=32760"},{"taxonomy":"product_cat","embeddable":true,"href":"https:\/\/www.dvc.video\/sk\/wp-json\/wp\/v2\/product_cat?post=32760"},{"taxonomy":"product_tag","embeddable":true,"href":"https:\/\/www.dvc.video\/sk\/wp-json\/wp\/v2\/product_tag?post=32760"}],"curies":[{"name":"wp","href":"https:\/\/api.w.org\/{rel}","templated":true}]}}