{"id":32751,"date":"2025-01-21T14:31:03","date_gmt":"2025-01-21T13:31:03","guid":{"rendered":"https:\/\/www.dvc.video\/proizvod\/Bez%20kategorije\/dcn-pc4211ai-2\/"},"modified":"2026-04-11T05:25:28","modified_gmt":"2026-04-11T03:25:28","slug":"dcn-pc4211ai-2","status":"publish","type":"product","link":"https:\/\/www.dvc.video\/sk\/produkt\/videonadzor-sk\/kamery-sk\/dcn-pc4211ai-2\/","title":{"rendered":"DCN-PC4211AI"},"content":{"rendered":"","protected":false},"excerpt":{"rendered":"<p>Vvybaven\u00e1 1\/3&#8243; sn\u00edma\u010dom CMOS, poskytuje obraz s rozl\u00ed\u0161en\u00edm 2560\u00d71440 pixelov, Slot na kartu micro SD podporuje a\u017e 256 GB, vyu\u017e\u00edva dva objekt\u00edvy s pevn\u00fdm zaostren\u00edm 2,1 mm, ktor\u00e9 pon\u00fakaj\u00fa \u0161ir\u0161ie zorn\u00e9 pole so 103\u00b0 horizont\u00e1lnym, 70\u00b0 vertik\u00e1lnym a 110\u00b0 diagon\u00e1lnym uhlom.<br \/>\nKamera presne po\u010d\u00edta vstupuj\u00facich a vystupuj\u00facich \u013eud\u00ed, podporuje po\u010d\u00edtanie det\u00ed, ako aj filtrovanie v\u00fd\u0161ky cie\u013ea a algoritmus detekcie hlavy. V\u010faka integrovan\u00e9mu IR osvetleniu dok\u00e1\u017ee nahr\u00e1va\u0165 v \u00faplnej tme a\u017e do vzdialenosti 10 metrov.<br \/>\nKrytie IP66 &#8211; je kamera odoln\u00e1 vo\u010di prachu a vode, \u010do zais\u0165uje stabiln\u00fa prev\u00e1dzku v extr\u00e9mnych poveternostn\u00fdch podmienkach (-30 \u00b0C a\u017e 45 \u00b0C).<br \/>\nVstavan\u00e9 \u0161ifrovanie videa a firmv\u00e9ru spolu so \u0161ifrovan\u00edm HTTPS a filtrovan\u00edm IP zais\u0165uje ochranu \u00fadajov a spo\u013eahlivos\u0165 syst\u00e9mu, v\u010faka \u010domu je t\u00e1to kamera nepreniknute\u013en\u00fdm str\u00e1\u017ecom va\u0161ich \u00fadajov.<\/p>\n","protected":false},"featured_media":32996,"template":"","meta":{"_et_pb_use_builder":"","_et_pb_old_content":"","_et_gb_content_width":""},"product_brand":[],"product_cat":[19698,19697],"product_tag":[],"class_list":{"0":"post-32751","1":"product","2":"type-product","3":"status-publish","4":"has-post-thumbnail","6":"product_cat-kamery-sk","7":"product_cat-videonadzor-sk","9":"first","10":"instock","11":"shipping-taxable","12":"product-type-simple"},"_links":{"self":[{"href":"https:\/\/www.dvc.video\/sk\/wp-json\/wp\/v2\/product\/32751","targetHints":{"allow":["GET"]}}],"collection":[{"href":"https:\/\/www.dvc.video\/sk\/wp-json\/wp\/v2\/product"}],"about":[{"href":"https:\/\/www.dvc.video\/sk\/wp-json\/wp\/v2\/types\/product"}],"wp:featuredmedia":[{"embeddable":true,"href":"https:\/\/www.dvc.video\/sk\/wp-json\/wp\/v2\/media\/32996"}],"wp:attachment":[{"href":"https:\/\/www.dvc.video\/sk\/wp-json\/wp\/v2\/media?parent=32751"}],"wp:term":[{"taxonomy":"product_brand","embeddable":true,"href":"https:\/\/www.dvc.video\/sk\/wp-json\/wp\/v2\/product_brand?post=32751"},{"taxonomy":"product_cat","embeddable":true,"href":"https:\/\/www.dvc.video\/sk\/wp-json\/wp\/v2\/product_cat?post=32751"},{"taxonomy":"product_tag","embeddable":true,"href":"https:\/\/www.dvc.video\/sk\/wp-json\/wp\/v2\/product_tag?post=32751"}],"curies":[{"name":"wp","href":"https:\/\/api.w.org\/{rel}","templated":true}]}}