{"id":32732,"date":"2025-01-21T14:31:02","date_gmt":"2025-01-21T13:31:02","guid":{"rendered":"https:\/\/www.dvc.video\/proizvod\/Bez%20kategorije\/dca-bm5125v2-2\/"},"modified":"2026-04-27T08:34:42","modified_gmt":"2026-04-27T06:34:42","slug":"dca-bm5125v2-2","status":"publish","type":"product","link":"https:\/\/www.dvc.video\/sk\/produkt\/videonadzor-sk\/kamery-sk\/dca-bm5125v2-2\/","title":{"rendered":"DCA-BM5125V2"},"content":{"rendered":"<p><a href=\"https:\/\/b2b.alarmautomatika.com\/documentation\/Video_nadzor\/7_IP_video_nadzor\/Korisni\u010dke_upute_i_softwari_za_panteon\/DVC data sheets\/DCA-BM5125V2.pdf?utm_source=dvc&amp;utm_medium=web&amp;utm_campaign=datasheet&amp;utm_term=DCA-BM5125V2\" target=\"_blank\" class=\"button-datasheet\" rel=\"noopener\">Datasheet<\/a><\/p>\n","protected":false},"excerpt":{"rendered":"<p>Anal\u00f3gov\u00e1 HD videokamera Bullet, rozl\u00ed\u0161enie 5 Mpx, 1\/2,7&#8243; CMOS, objekt\u00edv 2,8 \u2013 12 mm, citlivos\u0165 0,01 lux pri F1,2, osvetlenie 30 \u2013 50 m, nap\u00e1janie 12 V DC, IP67. Odpor\u00fa\u010dan\u00e9 podlo\u017eky pod kameru: klasick\u00e1 interi\u00e9r DAJ-40, klasick\u00e1 exteri\u00e9r DA-38, na st\u013ap DAM-35 + DAJ-38.<\/p>\n","protected":false},"featured_media":33226,"template":"","meta":{"_et_pb_use_builder":"","_et_pb_old_content":"","_et_gb_content_width":""},"product_brand":[],"product_cat":[19698,19697],"product_tag":[],"class_list":{"0":"post-32732","1":"product","2":"type-product","3":"status-publish","4":"has-post-thumbnail","6":"product_cat-kamery-sk","7":"product_cat-videonadzor-sk","9":"first","10":"instock","11":"shipping-taxable","12":"product-type-simple"},"_links":{"self":[{"href":"https:\/\/www.dvc.video\/sk\/wp-json\/wp\/v2\/product\/32732","targetHints":{"allow":["GET"]}}],"collection":[{"href":"https:\/\/www.dvc.video\/sk\/wp-json\/wp\/v2\/product"}],"about":[{"href":"https:\/\/www.dvc.video\/sk\/wp-json\/wp\/v2\/types\/product"}],"wp:featuredmedia":[{"embeddable":true,"href":"https:\/\/www.dvc.video\/sk\/wp-json\/wp\/v2\/media\/33226"}],"wp:attachment":[{"href":"https:\/\/www.dvc.video\/sk\/wp-json\/wp\/v2\/media?parent=32732"}],"wp:term":[{"taxonomy":"product_brand","embeddable":true,"href":"https:\/\/www.dvc.video\/sk\/wp-json\/wp\/v2\/product_brand?post=32732"},{"taxonomy":"product_cat","embeddable":true,"href":"https:\/\/www.dvc.video\/sk\/wp-json\/wp\/v2\/product_cat?post=32732"},{"taxonomy":"product_tag","embeddable":true,"href":"https:\/\/www.dvc.video\/sk\/wp-json\/wp\/v2\/product_tag?post=32732"}],"curies":[{"name":"wp","href":"https:\/\/api.w.org\/{rel}","templated":true}]}}