{"id":32729,"date":"2025-01-21T14:31:11","date_gmt":"2025-01-21T13:31:11","guid":{"rendered":"https:\/\/www.dvc.video\/proizvod\/Bez%20kategorije\/dca-bf2283dl-2\/"},"modified":"2026-05-09T05:11:21","modified_gmt":"2026-05-09T03:11:21","slug":"dca-bf2283dl-2","status":"publish","type":"product","link":"https:\/\/www.dvc.video\/sk\/produkt\/videonadzor-sk\/kamery-sk\/dca-bf2283dl-2\/","title":{"rendered":"DCA-BF2283DL"},"content":{"rendered":"<p><a href=\"https:\/\/b2b.alarmautomatika.com\/documentation\/Video_nadzor\/7_IP_video_nadzor\/Korisni\u010dke_upute_i_softwari_za_panteon\/DVC data sheets\/DCA-BF2283DL.pdf?utm_source=dvc&amp;utm_medium=web&amp;utm_campaign=datasheet&amp;utm_term=DCA-BF2283DL\" target=\"_blank\" class=\"button-datasheet\" rel=\"noopener\">Datasheet<\/a><\/p>\n","protected":false},"excerpt":{"rendered":"<p>Anal\u00f3gov\u00e1 kamera Bullet Dual Light, 2 Mpx, 1\/3&#8243; CMOS, objekt\u00edv 2,8 mm, 0,005 Lux0,005 lux pri F1,2, osvetlenie 20 &#8211; 30 m, nap\u00e1janie 12 V DC, IP67, vstavan\u00fd mikrof\u00f3n. Odpor\u00fa\u010dan\u00e9 podlo\u017eky pod kameru: klasick\u00e1 interi\u00e9r DAJ-40, klasick\u00e1 exteri\u00e9r DA-38, na st\u013ap DAM-35 + DAJ-38.<\/p>\n","protected":false},"featured_media":33276,"template":"","meta":{"_et_pb_use_builder":"","_et_pb_old_content":"","_et_gb_content_width":""},"product_brand":[],"product_cat":[19698,19697],"product_tag":[],"class_list":{"0":"post-32729","1":"product","2":"type-product","3":"status-publish","4":"has-post-thumbnail","6":"product_cat-kamery-sk","7":"product_cat-videonadzor-sk","9":"first","10":"instock","11":"shipping-taxable","12":"product-type-simple"},"_links":{"self":[{"href":"https:\/\/www.dvc.video\/sk\/wp-json\/wp\/v2\/product\/32729","targetHints":{"allow":["GET"]}}],"collection":[{"href":"https:\/\/www.dvc.video\/sk\/wp-json\/wp\/v2\/product"}],"about":[{"href":"https:\/\/www.dvc.video\/sk\/wp-json\/wp\/v2\/types\/product"}],"wp:featuredmedia":[{"embeddable":true,"href":"https:\/\/www.dvc.video\/sk\/wp-json\/wp\/v2\/media\/33276"}],"wp:attachment":[{"href":"https:\/\/www.dvc.video\/sk\/wp-json\/wp\/v2\/media?parent=32729"}],"wp:term":[{"taxonomy":"product_brand","embeddable":true,"href":"https:\/\/www.dvc.video\/sk\/wp-json\/wp\/v2\/product_brand?post=32729"},{"taxonomy":"product_cat","embeddable":true,"href":"https:\/\/www.dvc.video\/sk\/wp-json\/wp\/v2\/product_cat?post=32729"},{"taxonomy":"product_tag","embeddable":true,"href":"https:\/\/www.dvc.video\/sk\/wp-json\/wp\/v2\/product_tag?post=32729"}],"curies":[{"name":"wp","href":"https:\/\/api.w.org\/{rel}","templated":true}]}}