{"id":22179,"date":"2022-05-12T15:08:47","date_gmt":"2022-05-12T13:08:47","guid":{"rendered":"https:\/\/www.dvc.video\/proizvod\/nezaraden\u00e9\/intercom-cable-2x1mm-100-m\/"},"modified":"2026-04-25T05:47:44","modified_gmt":"2026-04-25T03:47:44","slug":"intercom-cable-2x1mm-100-m","status":"publish","type":"product","link":"https:\/\/www.dvc.video\/sk\/produkt\/interkomy-a-video-interkomy\/interkom-kable\/intercom-cable-2x1mm-100-m\/","title":{"rendered":"Intercom cable 2x1mm (100 m)"},"content":{"rendered":"","protected":false},"excerpt":{"rendered":"<p>K\u00e1bel 2x1mm2, to\u010den\u00fd, netienen\u00fd pre 2 vodi\u010dov\u00e9 zapojenie INTERCOM syst\u00e9mov<\/p>\n","protected":false},"featured_media":20112,"template":"","meta":{"_et_pb_use_builder":"","_et_pb_old_content":"","_et_gb_content_width":""},"product_brand":[],"product_cat":[19702,19699],"product_tag":[],"class_list":{"0":"post-22179","1":"product","2":"type-product","3":"status-publish","4":"has-post-thumbnail","6":"product_cat-interkom-kable","7":"product_cat-interkomy-a-video-interkomy","9":"first","10":"instock","11":"shipping-taxable","12":"product-type-simple"},"_links":{"self":[{"href":"https:\/\/www.dvc.video\/sk\/wp-json\/wp\/v2\/product\/22179","targetHints":{"allow":["GET"]}}],"collection":[{"href":"https:\/\/www.dvc.video\/sk\/wp-json\/wp\/v2\/product"}],"about":[{"href":"https:\/\/www.dvc.video\/sk\/wp-json\/wp\/v2\/types\/product"}],"wp:featuredmedia":[{"embeddable":true,"href":"https:\/\/www.dvc.video\/sk\/wp-json\/wp\/v2\/media\/20112"}],"wp:attachment":[{"href":"https:\/\/www.dvc.video\/sk\/wp-json\/wp\/v2\/media?parent=22179"}],"wp:term":[{"taxonomy":"product_brand","embeddable":true,"href":"https:\/\/www.dvc.video\/sk\/wp-json\/wp\/v2\/product_brand?post=22179"},{"taxonomy":"product_cat","embeddable":true,"href":"https:\/\/www.dvc.video\/sk\/wp-json\/wp\/v2\/product_cat?post=22179"},{"taxonomy":"product_tag","embeddable":true,"href":"https:\/\/www.dvc.video\/sk\/wp-json\/wp\/v2\/product_tag?post=22179"}],"curies":[{"name":"wp","href":"https:\/\/api.w.org\/{rel}","templated":true}]}}