{"id":22178,"date":"2021-05-18T12:32:52","date_gmt":"2021-05-18T10:32:52","guid":{"rendered":"https:\/\/www.dvc.video\/proizvod\/nezaraden\u00e9\/dvc-pc7h\/"},"modified":"2026-04-11T05:58:13","modified_gmt":"2026-04-11T03:58:13","slug":"dvc-pc7h","status":"publish","type":"product","link":"https:\/\/www.dvc.video\/sk\/produkt\/interkomy-a-video-interkomy\/napajacie-zdroje\/dvc-pc7h\/","title":{"rendered":"DVC PC7H"},"content":{"rendered":"","protected":false},"excerpt":{"rendered":"<p>Nap\u00e1janie pre DVC interkomov\u00e9 syst\u00e9my 28 VDC. V\u00fdstupn\u00fd pr\u00fad 2,5 A. Ochrana proti skratu, prep\u00e4tiu a pre\u0165a\u017eeniu. Samostatn\u00e1 nap\u00e4\u0165ov\u00e1 \u010das\u0165 a DPS. Podporuje a\u017e 32 monitorov v z\u00e1vislosti od modelu.<\/p>\n","protected":false},"featured_media":19718,"template":"","meta":{"_et_pb_use_builder":"","_et_pb_old_content":"","_et_gb_content_width":""},"product_brand":[],"product_cat":[19699,19705],"product_tag":[],"class_list":{"0":"post-22178","1":"product","2":"type-product","3":"status-publish","4":"has-post-thumbnail","6":"product_cat-interkomy-a-video-interkomy","7":"product_cat-napajacie-zdroje","9":"first","10":"instock","11":"shipping-taxable","12":"product-type-simple"},"_links":{"self":[{"href":"https:\/\/www.dvc.video\/sk\/wp-json\/wp\/v2\/product\/22178","targetHints":{"allow":["GET"]}}],"collection":[{"href":"https:\/\/www.dvc.video\/sk\/wp-json\/wp\/v2\/product"}],"about":[{"href":"https:\/\/www.dvc.video\/sk\/wp-json\/wp\/v2\/types\/product"}],"wp:featuredmedia":[{"embeddable":true,"href":"https:\/\/www.dvc.video\/sk\/wp-json\/wp\/v2\/media\/19718"}],"wp:attachment":[{"href":"https:\/\/www.dvc.video\/sk\/wp-json\/wp\/v2\/media?parent=22178"}],"wp:term":[{"taxonomy":"product_brand","embeddable":true,"href":"https:\/\/www.dvc.video\/sk\/wp-json\/wp\/v2\/product_brand?post=22178"},{"taxonomy":"product_cat","embeddable":true,"href":"https:\/\/www.dvc.video\/sk\/wp-json\/wp\/v2\/product_cat?post=22178"},{"taxonomy":"product_tag","embeddable":true,"href":"https:\/\/www.dvc.video\/sk\/wp-json\/wp\/v2\/product_tag?post=22178"}],"curies":[{"name":"wp","href":"https:\/\/api.w.org\/{rel}","templated":true}]}}