{"id":22166,"date":"2021-05-18T12:38:33","date_gmt":"2021-05-18T10:38:33","guid":{"rendered":"https:\/\/www.dvc.video\/proizvod\/nezaraden\u00e9\/dvc-dt607-fe-id-s4-rh\/"},"modified":"2026-04-11T05:55:33","modified_gmt":"2026-04-11T03:55:33","slug":"dvc-dt607-fe-id-s4-rh","status":"publish","type":"product","link":"https:\/\/www.dvc.video\/sk\/produkt\/interkomy-a-video-interkomy\/vonkajsie-jednotky\/dvc-dt607-fe-id-s4-rh\/","title":{"rendered":"DVC DT607\/FE\/ID\/S4\/RH"},"content":{"rendered":"","protected":false},"excerpt":{"rendered":"<p>Vonkaj\u0161ia jednotka s farebnou kamerou Fisheye (170\u00b0) a 4 volac\u00edmi tla\u010didlami, nerez, IP54, RFID \u010d\u00edta\u010dka (125 kHz), povrchov\u00e1 mont\u00e1\u017e, 24 VDC, 2 vodi\u010dov\u00e9 zapojenie, sada obsahuje 7 RFID pr\u00edveskov<\/p>\n","protected":false},"featured_media":19746,"template":"","meta":{"_et_pb_use_builder":"","_et_pb_old_content":"","_et_gb_content_width":""},"product_brand":[],"product_cat":[19699,19708],"product_tag":[],"class_list":{"0":"post-22166","1":"product","2":"type-product","3":"status-publish","4":"has-post-thumbnail","6":"product_cat-interkomy-a-video-interkomy","7":"product_cat-vonkajsie-jednotky","9":"first","10":"instock","11":"shipping-taxable","12":"product-type-simple"},"_links":{"self":[{"href":"https:\/\/www.dvc.video\/sk\/wp-json\/wp\/v2\/product\/22166","targetHints":{"allow":["GET"]}}],"collection":[{"href":"https:\/\/www.dvc.video\/sk\/wp-json\/wp\/v2\/product"}],"about":[{"href":"https:\/\/www.dvc.video\/sk\/wp-json\/wp\/v2\/types\/product"}],"wp:featuredmedia":[{"embeddable":true,"href":"https:\/\/www.dvc.video\/sk\/wp-json\/wp\/v2\/media\/19746"}],"wp:attachment":[{"href":"https:\/\/www.dvc.video\/sk\/wp-json\/wp\/v2\/media?parent=22166"}],"wp:term":[{"taxonomy":"product_brand","embeddable":true,"href":"https:\/\/www.dvc.video\/sk\/wp-json\/wp\/v2\/product_brand?post=22166"},{"taxonomy":"product_cat","embeddable":true,"href":"https:\/\/www.dvc.video\/sk\/wp-json\/wp\/v2\/product_cat?post=22166"},{"taxonomy":"product_tag","embeddable":true,"href":"https:\/\/www.dvc.video\/sk\/wp-json\/wp\/v2\/product_tag?post=22166"}],"curies":[{"name":"wp","href":"https:\/\/api.w.org\/{rel}","templated":true}]}}