{"id":22161,"date":"2021-05-18T12:39:51","date_gmt":"2021-05-18T10:39:51","guid":{"rendered":"https:\/\/www.dvc.video\/proizvod\/nezaraden\u00e9\/dvc-dt610-fe\/"},"modified":"2026-04-27T08:59:59","modified_gmt":"2026-04-27T06:59:59","slug":"dvc-dt610-fe","status":"publish","type":"product","link":"https:\/\/www.dvc.video\/sk\/produkt\/interkomy-a-video-interkomy\/vonkajsie-jednotky\/dvc-dt610-fe\/","title":{"rendered":"DVC DT610\/FE"},"content":{"rendered":"","protected":false},"excerpt":{"rendered":"<p>Vonkaj\u0161ia jednotka kompaktn\u00e9ho dizajnu s farebnou kamerou Fisheye (170\u00b0) a 1 ve\u013ek\u00fdm osvetlen\u00fdm volac\u00edm tla\u010didlom, hlin\u00edk, IP54, povrchov\u00e1 mont\u00e1\u017e, 24 VDC, 2 vodi\u010dov\u00e9 zapojenie<\/p>\n","protected":false},"featured_media":19753,"template":"","meta":{"_et_pb_use_builder":"","_et_pb_old_content":"","_et_gb_content_width":""},"product_brand":[],"product_cat":[19699,19708],"product_tag":[],"class_list":{"0":"post-22161","1":"product","2":"type-product","3":"status-publish","4":"has-post-thumbnail","6":"product_cat-interkomy-a-video-interkomy","7":"product_cat-vonkajsie-jednotky","9":"first","10":"instock","11":"shipping-taxable","12":"product-type-simple"},"_links":{"self":[{"href":"https:\/\/www.dvc.video\/sk\/wp-json\/wp\/v2\/product\/22161","targetHints":{"allow":["GET"]}}],"collection":[{"href":"https:\/\/www.dvc.video\/sk\/wp-json\/wp\/v2\/product"}],"about":[{"href":"https:\/\/www.dvc.video\/sk\/wp-json\/wp\/v2\/types\/product"}],"wp:featuredmedia":[{"embeddable":true,"href":"https:\/\/www.dvc.video\/sk\/wp-json\/wp\/v2\/media\/19753"}],"wp:attachment":[{"href":"https:\/\/www.dvc.video\/sk\/wp-json\/wp\/v2\/media?parent=22161"}],"wp:term":[{"taxonomy":"product_brand","embeddable":true,"href":"https:\/\/www.dvc.video\/sk\/wp-json\/wp\/v2\/product_brand?post=22161"},{"taxonomy":"product_cat","embeddable":true,"href":"https:\/\/www.dvc.video\/sk\/wp-json\/wp\/v2\/product_cat?post=22161"},{"taxonomy":"product_tag","embeddable":true,"href":"https:\/\/www.dvc.video\/sk\/wp-json\/wp\/v2\/product_tag?post=22161"}],"curies":[{"name":"wp","href":"https:\/\/api.w.org\/{rel}","templated":true}]}}