{"id":22160,"date":"2023-06-05T10:34:27","date_gmt":"2023-06-05T08:34:27","guid":{"rendered":"https:\/\/www.dvc.video\/proizvod\/nezaraden\u00e9\/dvc-dx470\/"},"modified":"2026-04-27T08:45:19","modified_gmt":"2026-04-27T06:45:19","slug":"dvc-dx470","status":"publish","type":"product","link":"https:\/\/www.dvc.video\/sk\/produkt\/interkomy-a-video-interkomy\/vnutorne-jednotky\/dvc-dx470\/","title":{"rendered":"DVC DX470"},"content":{"rendered":"","protected":false},"excerpt":{"rendered":"<p>Vn\u00fatorn\u00e1 jednotka 7&#8243; TFT dotykov\u00fd monitor, intern\u00e1 pam\u00e4\u0165 hovorov, roz\u0161\u00edrenie pomocou SD karty, WIFI, presmerovanie do aplik\u00e1cie, horizont\u00e1lna aj vertik\u00e1lna mont\u00e1\u017e, obraz v obraze, zobrazenie 2&#215;2 , 2 vodi\u010dov\u00e9 zapojenie<\/p>\n","protected":false},"featured_media":21782,"template":"","meta":{"_et_pb_use_builder":"","_et_pb_old_content":"","_et_gb_content_width":""},"product_brand":[],"product_cat":[19699,19707],"product_tag":[],"class_list":{"0":"post-22160","1":"product","2":"type-product","3":"status-publish","4":"has-post-thumbnail","6":"product_cat-interkomy-a-video-interkomy","7":"product_cat-vnutorne-jednotky","9":"first","10":"instock","11":"shipping-taxable","12":"product-type-simple"},"_links":{"self":[{"href":"https:\/\/www.dvc.video\/sk\/wp-json\/wp\/v2\/product\/22160","targetHints":{"allow":["GET"]}}],"collection":[{"href":"https:\/\/www.dvc.video\/sk\/wp-json\/wp\/v2\/product"}],"about":[{"href":"https:\/\/www.dvc.video\/sk\/wp-json\/wp\/v2\/types\/product"}],"wp:featuredmedia":[{"embeddable":true,"href":"https:\/\/www.dvc.video\/sk\/wp-json\/wp\/v2\/media\/21782"}],"wp:attachment":[{"href":"https:\/\/www.dvc.video\/sk\/wp-json\/wp\/v2\/media?parent=22160"}],"wp:term":[{"taxonomy":"product_brand","embeddable":true,"href":"https:\/\/www.dvc.video\/sk\/wp-json\/wp\/v2\/product_brand?post=22160"},{"taxonomy":"product_cat","embeddable":true,"href":"https:\/\/www.dvc.video\/sk\/wp-json\/wp\/v2\/product_cat?post=22160"},{"taxonomy":"product_tag","embeddable":true,"href":"https:\/\/www.dvc.video\/sk\/wp-json\/wp\/v2\/product_tag?post=22160"}],"curies":[{"name":"wp","href":"https:\/\/api.w.org\/{rel}","templated":true}]}}