{"id":22155,"date":"2023-06-05T10:34:24","date_gmt":"2023-06-05T08:34:24","guid":{"rendered":"https:\/\/www.dvc.video\/proizvod\/nezaraden\u00e9\/dvc-dt-dj9b\/"},"modified":"2026-04-25T05:38:09","modified_gmt":"2026-04-25T03:38:09","slug":"dvc-dt-dj9b","status":"publish","type":"product","link":"https:\/\/www.dvc.video\/sk\/produkt\/interkomy-a-video-interkomy\/vnutorne-jednotky\/dvc-dt-dj9b\/","title":{"rendered":"DVC DT-DJ9B"},"content":{"rendered":"","protected":false},"excerpt":{"rendered":"<p>Vn\u00fatorn\u00e1 jednotka AUDIO, 3  tla\u010didl\u00e1, ovl\u00e1danie 2 elektrick\u00fdch z\u00e1mkov, \u010dierna, 2 vodi\u010dov\u00e9 zapojenie<\/p>\n","protected":false},"featured_media":21749,"template":"","meta":{"_et_pb_use_builder":"","_et_pb_old_content":"","_et_gb_content_width":""},"product_brand":[],"product_cat":[19699,19707],"product_tag":[],"class_list":{"0":"post-22155","1":"product","2":"type-product","3":"status-publish","4":"has-post-thumbnail","6":"product_cat-interkomy-a-video-interkomy","7":"product_cat-vnutorne-jednotky","9":"first","10":"instock","11":"shipping-taxable","12":"product-type-simple"},"_links":{"self":[{"href":"https:\/\/www.dvc.video\/sk\/wp-json\/wp\/v2\/product\/22155","targetHints":{"allow":["GET"]}}],"collection":[{"href":"https:\/\/www.dvc.video\/sk\/wp-json\/wp\/v2\/product"}],"about":[{"href":"https:\/\/www.dvc.video\/sk\/wp-json\/wp\/v2\/types\/product"}],"wp:featuredmedia":[{"embeddable":true,"href":"https:\/\/www.dvc.video\/sk\/wp-json\/wp\/v2\/media\/21749"}],"wp:attachment":[{"href":"https:\/\/www.dvc.video\/sk\/wp-json\/wp\/v2\/media?parent=22155"}],"wp:term":[{"taxonomy":"product_brand","embeddable":true,"href":"https:\/\/www.dvc.video\/sk\/wp-json\/wp\/v2\/product_brand?post=22155"},{"taxonomy":"product_cat","embeddable":true,"href":"https:\/\/www.dvc.video\/sk\/wp-json\/wp\/v2\/product_cat?post=22155"},{"taxonomy":"product_tag","embeddable":true,"href":"https:\/\/www.dvc.video\/sk\/wp-json\/wp\/v2\/product_tag?post=22155"}],"curies":[{"name":"wp","href":"https:\/\/api.w.org\/{rel}","templated":true}]}}