{"id":22144,"date":"2021-05-18T12:32:19","date_gmt":"2021-05-18T10:32:19","guid":{"rendered":"https:\/\/www.dvc.video\/proizvod\/nezaraden\u00e9\/dvc-dt821-dsp\/"},"modified":"2026-04-11T05:58:24","modified_gmt":"2026-04-11T03:58:24","slug":"dvc-dt821-dsp","status":"publish","type":"product","link":"https:\/\/www.dvc.video\/sk\/produkt\/interkomy-a-video-interkomy\/moduly-vonkajsich-jednotiek\/dvc-dt821-dsp\/","title":{"rendered":"DVC 821\/DSP"},"content":{"rendered":"","protected":false},"excerpt":{"rendered":"<p>5&#8243; dotykov\u00e1 obrazovka s RFID \u010d\u00edta\u010dkou (125 kHz a 13,65 MHz), do r\u00e1m\u010dekov DT821, zaber\u00e1 2 moduly; pre dvojvodi\u010dov\u00e9 syst\u00e9my a\u017e do 256 bytov<\/p>\n","protected":false},"featured_media":19716,"template":"","meta":{"_et_pb_use_builder":"","_et_pb_old_content":"","_et_gb_content_width":""},"product_brand":[],"product_cat":[19699,19704],"product_tag":[],"class_list":{"0":"post-22144","1":"product","2":"type-product","3":"status-publish","4":"has-post-thumbnail","6":"product_cat-interkomy-a-video-interkomy","7":"product_cat-moduly-vonkajsich-jednotiek","9":"first","10":"instock","11":"shipping-taxable","12":"product-type-simple"},"_links":{"self":[{"href":"https:\/\/www.dvc.video\/sk\/wp-json\/wp\/v2\/product\/22144","targetHints":{"allow":["GET"]}}],"collection":[{"href":"https:\/\/www.dvc.video\/sk\/wp-json\/wp\/v2\/product"}],"about":[{"href":"https:\/\/www.dvc.video\/sk\/wp-json\/wp\/v2\/types\/product"}],"wp:featuredmedia":[{"embeddable":true,"href":"https:\/\/www.dvc.video\/sk\/wp-json\/wp\/v2\/media\/19716"}],"wp:attachment":[{"href":"https:\/\/www.dvc.video\/sk\/wp-json\/wp\/v2\/media?parent=22144"}],"wp:term":[{"taxonomy":"product_brand","embeddable":true,"href":"https:\/\/www.dvc.video\/sk\/wp-json\/wp\/v2\/product_brand?post=22144"},{"taxonomy":"product_cat","embeddable":true,"href":"https:\/\/www.dvc.video\/sk\/wp-json\/wp\/v2\/product_cat?post=22144"},{"taxonomy":"product_tag","embeddable":true,"href":"https:\/\/www.dvc.video\/sk\/wp-json\/wp\/v2\/product_tag?post=22144"}],"curies":[{"name":"wp","href":"https:\/\/api.w.org\/{rel}","templated":true}]}}