{"id":22130,"date":"2023-06-05T10:34:21","date_gmt":"2023-06-05T08:34:21","guid":{"rendered":"https:\/\/www.dvc.video\/proizvod\/nezaraden\u00e9\/dvc-821-dt-ad\/"},"modified":"2026-04-25T05:38:31","modified_gmt":"2026-04-25T03:38:31","slug":"dvc-821-dt-ad","status":"publish","type":"product","link":"https:\/\/www.dvc.video\/sk\/produkt\/interkomy-a-video-interkomy\/moduly-vonkajsich-jednotiek\/dvc-821-dt-ad\/","title":{"rendered":"DVC 821-DT\/AD"},"content":{"rendered":"","protected":false},"excerpt":{"rendered":"<p>Modul\u00e1rna vonkaj\u0161ia jednotka &#8211; modul AUDIO, 2 vodi\u010dov\u00e9 zapojenie<\/p>\n","protected":false},"featured_media":21716,"template":"","meta":{"_et_pb_use_builder":"","_et_pb_old_content":"","_et_gb_content_width":""},"product_brand":[],"product_cat":[19699,19704],"product_tag":[],"class_list":{"0":"post-22130","1":"product","2":"type-product","3":"status-publish","4":"has-post-thumbnail","6":"product_cat-interkomy-a-video-interkomy","7":"product_cat-moduly-vonkajsich-jednotiek","9":"first","10":"instock","11":"shipping-taxable","12":"product-type-simple"},"_links":{"self":[{"href":"https:\/\/www.dvc.video\/sk\/wp-json\/wp\/v2\/product\/22130","targetHints":{"allow":["GET"]}}],"collection":[{"href":"https:\/\/www.dvc.video\/sk\/wp-json\/wp\/v2\/product"}],"about":[{"href":"https:\/\/www.dvc.video\/sk\/wp-json\/wp\/v2\/types\/product"}],"wp:featuredmedia":[{"embeddable":true,"href":"https:\/\/www.dvc.video\/sk\/wp-json\/wp\/v2\/media\/21716"}],"wp:attachment":[{"href":"https:\/\/www.dvc.video\/sk\/wp-json\/wp\/v2\/media?parent=22130"}],"wp:term":[{"taxonomy":"product_brand","embeddable":true,"href":"https:\/\/www.dvc.video\/sk\/wp-json\/wp\/v2\/product_brand?post=22130"},{"taxonomy":"product_cat","embeddable":true,"href":"https:\/\/www.dvc.video\/sk\/wp-json\/wp\/v2\/product_cat?post=22130"},{"taxonomy":"product_tag","embeddable":true,"href":"https:\/\/www.dvc.video\/sk\/wp-json\/wp\/v2\/product_tag?post=22130"}],"curies":[{"name":"wp","href":"https:\/\/api.w.org\/{rel}","templated":true}]}}