{"id":22125,"date":"2022-05-12T15:08:47","date_gmt":"2022-05-12T13:08:47","guid":{"rendered":"https:\/\/www.dvc.video\/proizvod\/nezaraden\u00e9\/dvc-ix470\/"},"modified":"2026-04-25T05:48:18","modified_gmt":"2026-04-25T03:48:18","slug":"dvc-ix470","status":"publish","type":"product","link":"https:\/\/www.dvc.video\/sk\/produkt\/interkomy-a-video-interkomy\/vnutorne-jednotky\/dvc-ix470\/","title":{"rendered":"DVC IX470"},"content":{"rendered":"","protected":false},"excerpt":{"rendered":"<p>Vn\u00fatorn\u00e1 jednotka 7&#8243; TFT dotykov\u00fd monitor, intern\u00e1 pam\u00e4\u0165 hovorov, roz\u0161\u00edrenie pomocou SD karty, WIFI, presmerovanie do aplik\u00e1cie, horizont\u00e1lna aj vertik\u00e1lna mont\u00e1\u017e, obraz v obraze, zobrazenie 2&#215;2 , IP zapojenie<\/p>\n","protected":false},"featured_media":20110,"template":"","meta":{"_et_pb_use_builder":"","_et_pb_old_content":"","_et_gb_content_width":""},"product_brand":[],"product_cat":[19699,19707],"product_tag":[],"class_list":{"0":"post-22125","1":"product","2":"type-product","3":"status-publish","4":"has-post-thumbnail","6":"product_cat-interkomy-a-video-interkomy","7":"product_cat-vnutorne-jednotky","9":"first","10":"instock","11":"shipping-taxable","12":"product-type-simple"},"_links":{"self":[{"href":"https:\/\/www.dvc.video\/sk\/wp-json\/wp\/v2\/product\/22125","targetHints":{"allow":["GET"]}}],"collection":[{"href":"https:\/\/www.dvc.video\/sk\/wp-json\/wp\/v2\/product"}],"about":[{"href":"https:\/\/www.dvc.video\/sk\/wp-json\/wp\/v2\/types\/product"}],"wp:featuredmedia":[{"embeddable":true,"href":"https:\/\/www.dvc.video\/sk\/wp-json\/wp\/v2\/media\/20110"}],"wp:attachment":[{"href":"https:\/\/www.dvc.video\/sk\/wp-json\/wp\/v2\/media?parent=22125"}],"wp:term":[{"taxonomy":"product_brand","embeddable":true,"href":"https:\/\/www.dvc.video\/sk\/wp-json\/wp\/v2\/product_brand?post=22125"},{"taxonomy":"product_cat","embeddable":true,"href":"https:\/\/www.dvc.video\/sk\/wp-json\/wp\/v2\/product_cat?post=22125"},{"taxonomy":"product_tag","embeddable":true,"href":"https:\/\/www.dvc.video\/sk\/wp-json\/wp\/v2\/product_tag?post=22125"}],"curies":[{"name":"wp","href":"https:\/\/api.w.org\/{rel}","templated":true}]}}