{"id":22122,"date":"2021-05-18T12:40:49","date_gmt":"2021-05-18T10:40:49","guid":{"rendered":"https:\/\/www.dvc.video\/proizvod\/nezaraden\u00e9\/dvc-ix850\/"},"modified":"2026-05-09T05:30:06","modified_gmt":"2026-05-09T03:30:06","slug":"dvc-ix850","status":"publish","type":"product","link":"https:\/\/www.dvc.video\/sk\/produkt\/interkomy-a-video-interkomy\/vonkajsie-jednotky\/dvc-ix850\/","title":{"rendered":"DVC IX850"},"content":{"rendered":"","protected":false},"excerpt":{"rendered":"<p>Vonkaj\u0161ia jednotka s farebnou kamerou 720p Fisheye (170\u00b0) a 5&#8220; TFT obrazovkou, kl\u00e1vesnicou a RFID \u010d\u00edta\u010dkoi (125 kHz a 13,56 MHz), IP65, v\u00fdber n\u00e1jomn\u00edka z adres\u00e1ra alebo zadan\u00edm k\u00f3du, povrchov\u00e1 mont\u00e1\u017e, IP zapojenie<\/p>\n","protected":false},"featured_media":19757,"template":"","meta":{"_et_pb_use_builder":"","_et_pb_old_content":"","_et_gb_content_width":""},"product_brand":[],"product_cat":[19699,19708],"product_tag":[],"class_list":{"0":"post-22122","1":"product","2":"type-product","3":"status-publish","4":"has-post-thumbnail","6":"product_cat-interkomy-a-video-interkomy","7":"product_cat-vonkajsie-jednotky","9":"first","10":"instock","11":"shipping-taxable","12":"product-type-simple"},"_links":{"self":[{"href":"https:\/\/www.dvc.video\/sk\/wp-json\/wp\/v2\/product\/22122","targetHints":{"allow":["GET"]}}],"collection":[{"href":"https:\/\/www.dvc.video\/sk\/wp-json\/wp\/v2\/product"}],"about":[{"href":"https:\/\/www.dvc.video\/sk\/wp-json\/wp\/v2\/types\/product"}],"wp:featuredmedia":[{"embeddable":true,"href":"https:\/\/www.dvc.video\/sk\/wp-json\/wp\/v2\/media\/19757"}],"wp:attachment":[{"href":"https:\/\/www.dvc.video\/sk\/wp-json\/wp\/v2\/media?parent=22122"}],"wp:term":[{"taxonomy":"product_brand","embeddable":true,"href":"https:\/\/www.dvc.video\/sk\/wp-json\/wp\/v2\/product_brand?post=22122"},{"taxonomy":"product_cat","embeddable":true,"href":"https:\/\/www.dvc.video\/sk\/wp-json\/wp\/v2\/product_cat?post=22122"},{"taxonomy":"product_tag","embeddable":true,"href":"https:\/\/www.dvc.video\/sk\/wp-json\/wp\/v2\/product_tag?post=22122"}],"curies":[{"name":"wp","href":"https:\/\/api.w.org\/{rel}","templated":true}]}}