{"id":22051,"date":"2022-05-12T15:08:45","date_gmt":"2022-05-12T13:08:45","guid":{"rendered":"https:\/\/www.dvc.video\/proizvod\/nezaraden\u00e9\/rg59-b-u-e-100-m\/"},"modified":"2026-03-28T05:36:15","modified_gmt":"2026-03-28T04:36:15","slug":"rg59-b-u-e-100-m","status":"publish","type":"product","link":"https:\/\/www.dvc.video\/sk\/produkt\/videonadzor-sk\/kable-pre-video-rozvody\/rg59-b-u-e-100-m\/","title":{"rendered":"RG59 B\/U E (100 m)"},"content":{"rendered":"","protected":false},"excerpt":{"rendered":"<p>K\u00e1bel koaxi\u00e1lny 75ohm, vonkaj\u0161ie tienenie PVC, priemer 6.2mm, cievka 100 m, cena za 1m<\/p>\n","protected":false},"featured_media":20107,"template":"","meta":{"_et_pb_use_builder":"","_et_pb_old_content":"","_et_gb_content_width":""},"product_brand":[],"product_cat":[19712,19697],"product_tag":[],"class_list":{"0":"post-22051","1":"product","2":"type-product","3":"status-publish","4":"has-post-thumbnail","6":"product_cat-kable-pre-video-rozvody","7":"product_cat-videonadzor-sk","9":"first","10":"instock","11":"shipping-taxable","12":"product-type-simple"},"_links":{"self":[{"href":"https:\/\/www.dvc.video\/sk\/wp-json\/wp\/v2\/product\/22051","targetHints":{"allow":["GET"]}}],"collection":[{"href":"https:\/\/www.dvc.video\/sk\/wp-json\/wp\/v2\/product"}],"about":[{"href":"https:\/\/www.dvc.video\/sk\/wp-json\/wp\/v2\/types\/product"}],"wp:featuredmedia":[{"embeddable":true,"href":"https:\/\/www.dvc.video\/sk\/wp-json\/wp\/v2\/media\/20107"}],"wp:attachment":[{"href":"https:\/\/www.dvc.video\/sk\/wp-json\/wp\/v2\/media?parent=22051"}],"wp:term":[{"taxonomy":"product_brand","embeddable":true,"href":"https:\/\/www.dvc.video\/sk\/wp-json\/wp\/v2\/product_brand?post=22051"},{"taxonomy":"product_cat","embeddable":true,"href":"https:\/\/www.dvc.video\/sk\/wp-json\/wp\/v2\/product_cat?post=22051"},{"taxonomy":"product_tag","embeddable":true,"href":"https:\/\/www.dvc.video\/sk\/wp-json\/wp\/v2\/product_tag?post=22051"}],"curies":[{"name":"wp","href":"https:\/\/api.w.org\/{rel}","templated":true}]}}