{"id":31709,"date":"2023-04-04T13:08:54","date_gmt":"2023-04-04T11:08:54","guid":{"rendered":"https:\/\/www.dvc.video\/technologia-extreme-dark\/"},"modified":"2024-05-21T09:41:19","modified_gmt":"2024-05-21T07:41:19","slug":"technologia-extreme-dark","status":"publish","type":"page","link":"https:\/\/www.dvc.video\/sk\/technologia-extreme-dark\/","title":{"rendered":"Technol\u00f3gia Extreme Dark"},"content":{"rendered":"<p>[et_pb_section fb_built=&#8220;1&#8243; _builder_version=&#8220;4.20.2&#8243; _module_preset=&#8220;default&#8220; background_enable_color=&#8220;off&#8220; background_image=&#8220;https:\/\/www.dvc.video\/wp-content\/uploads\/2021\/03\/bcg-red-triangle.jpg&#8220; height_last_edited=&#8220;off|desktop&#8220; custom_padding=&#8220;34px||34px||true|false&#8220; global_module=&#8220;793&#8243; saved_tabs=&#8220;all&#8220; global_colors_info=&#8220;{}&#8220;][et_pb_row _builder_version=&#8220;4.16&#8243; _module_preset=&#8220;default&#8220; global_colors_info=&#8220;{}&#8220;][et_pb_column type=&#8220;4_4&#8243; _builder_version=&#8220;4.16&#8243; _module_preset=&#8220;default&#8220; global_colors_info=&#8220;{}&#8220;][et_pb_text _builder_version=&#8220;4.20.0&#8243; _dynamic_attributes=&#8220;content&#8220; _module_preset=&#8220;default&#8220; header_text_color=&#8220;#FFFFFF&#8220; header_line_height=&#8220;1.3em&#8220; header_font_size_tablet=&#8220;&#8220; header_font_size_phone=&#8220;&#8220; header_font_size_last_edited=&#8220;on|desktop&#8220; global_colors_info=&#8220;{}&#8220;]@ET-DC@eyJkeW5hbWljIjp0cnVlLCJjb250ZW50IjoicG9zdF90aXRsZSIsInNldHRpbmdzIjp7ImJlZm9yZSI6IjxoMT4iLCJhZnRlciI6IjxcL2gxPiJ9fQ==@[\/et_pb_text][\/et_pb_column][\/et_pb_row][\/et_pb_section][et_pb_section fb_built=&#8220;1&#8243; _builder_version=&#8220;4.20.2&#8243; _module_preset=&#8220;default&#8220; vertical_offset=&#8220;0px&#8220; global_colors_info=&#8220;{}&#8220;][et_pb_row _builder_version=&#8220;4.20.2&#8243; _module_preset=&#8220;default&#8220; vertical_offset=&#8220;-80px&#8220; horizontal_offset=&#8220;0px&#8220; hover_enabled=&#8220;0&#8243; global_colors_info=&#8220;{}&#8220; sticky_enabled=&#8220;0&#8243;][et_pb_column type=&#8220;4_4&#8243; _builder_version=&#8220;4.20.2&#8243; _module_preset=&#8220;default&#8220; global_colors_info=&#8220;{}&#8220;][et_pb_image src=&#8220;https:\/\/www.dvc.video\/wp-content\/uploads\/2023\/04\/2023_04_dvc_extremedark_header.png&#8220; align=&#8220;center&#8220; _builder_version=&#8220;4.20.2&#8243; _module_preset=&#8220;default&#8220; global_colors_info=&#8220;{}&#8220;][\/et_pb_image][et_pb_text _builder_version=&#8220;4.20.2&#8243; _module_preset=&#8220;default&#8220; global_colors_info=&#8220;{}&#8220;]<\/p>\n<h2>Perfektn\u00fd obraz aj v \u00faplnej tme!<\/h2>\n<p>Technol\u00f3gia DVC Extreme Dark bola vytvoren\u00e1, aby umo\u017enila kamer\u00e1m pracova\u0165 a zlep\u0161ila kvalitu obrazu video sledovania aj v extr\u00e9mnych podmienkach, ako je \u00fapln\u00e1 tma.<\/p>\n<p>V\u010faka pr\u00eddavn\u00e9mu LED svetlu dok\u00e1\u017eu kamery Extreme Dark zaru\u010di\u0165 jasn\u00fd obraz pln\u00fd farieb, aj ke\u010f nie je k dispoz\u00edcii \u017eiadny zdroj svetla, ako s\u00fa hviezdy alebo pouli\u010dn\u00e9 osvetlenie.<\/p>\n<p>[\/et_pb_text][et_pb_text _builder_version=&#8220;4.20.2&#8243; _module_preset=&#8220;default&#8220; global_colors_info=&#8220;{}&#8220;]<\/p>\n<h2>Funkcie anal\u00fdzy videa v noci<\/h2>\n<p>V\u00fdkonn\u00e1 schopnos\u0165 technol\u00f3gie extr\u00e9mnej tmy zachyti\u0165 detaily pri slabom osvetlen\u00ed poch\u00e1dza z pokro\u010dilej technol\u00f3gie \u0161o\u0161oviek a sn\u00edma\u010dov s vysokou citlivos\u0165ou. Na rozdiel od be\u017en\u00fdch \u0161o\u0161oviek, v\u010faka super clone, ktor\u00e1 dosahuje F1,0, technol\u00f3gia Extreme Dark umo\u017e\u0148uje vstup v\u00e4\u010d\u0161ieho mno\u017estva svetla do objekt\u00edvu, \u010d\u00edm sa zvy\u0161uje jas a \u010distota obrazu. Video analytick\u00e9 funkcie podporovan\u00e9 zariaden\u00edm DVC s\u00fa: prekro\u010denie \u010diary, sledovanie objektov, vesm\u00edrna inv\u00e1zia, po\u010d\u00edtanie \u013eud\u00ed a\/alebo vozidiel, hustota \u013eud\u00ed, rozpozn\u00e1vanie tv\u00e1re, rozpozn\u00e1vanie os\u00f4b a vozidiel, automatick\u00e9 sledovanie, rozpozn\u00e1vanie \u0160PZ vozidiel.<\/p>\n<p>[\/et_pb_text][et_pb_text _builder_version=&#8220;4.20.2&#8243; _module_preset=&#8220;default&#8220; global_colors_info=&#8220;{}&#8220;]<\/p>\n<h2>Doh\u013ead so \u017eiv\u00fdmi farebn\u00fdmi obrazmi 24\/7<\/h2>\n<p>Extr\u00e9mne tmav\u00e9 kamery s vysokou citlivos\u0165ou s\u00fa navrhnut\u00e9 pre sledovacie syst\u00e9my, kde sa vy\u017eaduje obraz s vysok\u00fdm rozl\u00ed\u0161en\u00edm aj v prostred\u00ed s ve\u013emi slab\u00fdm osvetlen\u00edm. Senzory fotoapar\u00e1tu Extreme Dark demon\u0161truj\u00fa vynikaj\u00facu \u00fa\u010dinnos\u0165 fotovoltaickej konverzie. Pou\u017e\u00edvaj\u00fa pokro\u010dil\u00fa technol\u00f3giu senzorov \u2013 nov\u00fa \u0161trukt\u00faru na zber svetla, ktor\u00e1 v\u00fdrazne zlep\u0161uje vyu\u017eitie svetla. Testy ukazuj\u00fa, \u017ee extr\u00e9mne tmav\u00e9 kamery neust\u00e1le poskytuj\u00fa \u017eiv\u00e9 a ostr\u00e9 sn\u00edmky a\u017e do najni\u017e\u0161\u00edch \u00farovn\u00ed osvetlenia. Z\u00e1rove\u0148 ich samoprisp\u00f4sobiv\u00fd algoritmus 3D DNR na ISP zaru\u010duje vysok\u00fa kvalitu obrazu.<\/p>\n<p>[\/et_pb_text][et_pb_text _builder_version=&#8220;4.20.2&#8243; _module_preset=&#8220;default&#8220; global_colors_info=&#8220;{}&#8220;]<\/p>\n<h2>Kedy sa pou\u017e\u00edva?<\/h2>\n<p>Extr\u00e9mne tmav\u00e9 kamery umo\u017enia neru\u0161en\u00fd doh\u013ead v noci a ochr\u00e1nia tak perimeter tov\u00e1rne, vily \u010di z\u00e1hrady. Vzh\u013eadom na ich schopnos\u0165 zachyti\u0165 vynikaj\u00face \u017eiv\u00e9 obrazy poskytuj\u00fa kamery Extreme Dark bezpe\u010dnos\u0165 aj na slabo osvetlen\u00fdch verejn\u00fdch miestach. S\u00fa spo\u013eahliv\u00fdm no\u010dn\u00fdm zabezpe\u010den\u00edm v\u0161etk\u00fdch slabo osvetlen\u00fdch priestorov a v\u0161etk\u00fdch miest, kde m\u00f4\u017ee ma\u0165 obraz z\u00e1sadn\u00fd v\u00fdznam, ako s\u00fa dopravn\u00e9 kri\u017eovatky alebo parky, ako aj v\u0161etk\u00fdch zle osvetlen\u00fdch miest, kde je pri no\u010dnej pr\u00e1ci k\u013e\u00fa\u010dov\u00e9 dodato\u010dn\u00e9 osvetlenie LED kamier.<\/p>\n<p>[\/et_pb_text][et_pb_video src=&#8220;https:\/\/youtu.be\/DOQ5SwP8mP4&#8243; _builder_version=&#8220;4.20.2&#8243; _module_preset=&#8220;default&#8220; global_colors_info=&#8220;{}&#8220;][\/et_pb_video][\/et_pb_column][\/et_pb_row][\/et_pb_section]<\/p>\n","protected":false},"excerpt":{"rendered":"<p>Perfektn\u00fd obraz aj v \u00faplnej tme! Technol\u00f3gia DVC Extreme Dark bola vytvoren\u00e1, aby umo\u017enila kamer\u00e1m pracova\u0165 a zlep\u0161ila kvalitu obrazu video sledovania aj v extr\u00e9mnych podmienkach, ako je \u00fapln\u00e1 tma. V\u010faka pr\u00eddavn\u00e9mu LED svetlu dok\u00e1\u017eu kamery Extreme Dark zaru\u010di\u0165 jasn\u00fd obraz pln\u00fd farieb, aj ke\u010f nie je k dispoz\u00edcii \u017eiadny zdroj svetla, ako s\u00fa hviezdy [&hellip;]<\/p>\n","protected":false},"author":9,"featured_media":0,"parent":0,"menu_order":0,"comment_status":"closed","ping_status":"closed","template":"","meta":{"_et_pb_use_builder":"on","_et_pb_old_content":"","_et_gb_content_width":"","footnotes":""},"class_list":["post-31709","page","type-page","status-publish","hentry"],"_links":{"self":[{"href":"https:\/\/www.dvc.video\/sk\/wp-json\/wp\/v2\/pages\/31709","targetHints":{"allow":["GET"]}}],"collection":[{"href":"https:\/\/www.dvc.video\/sk\/wp-json\/wp\/v2\/pages"}],"about":[{"href":"https:\/\/www.dvc.video\/sk\/wp-json\/wp\/v2\/types\/page"}],"author":[{"embeddable":true,"href":"https:\/\/www.dvc.video\/sk\/wp-json\/wp\/v2\/users\/9"}],"replies":[{"embeddable":true,"href":"https:\/\/www.dvc.video\/sk\/wp-json\/wp\/v2\/comments?post=31709"}],"version-history":[{"count":2,"href":"https:\/\/www.dvc.video\/sk\/wp-json\/wp\/v2\/pages\/31709\/revisions"}],"predecessor-version":[{"id":31711,"href":"https:\/\/www.dvc.video\/sk\/wp-json\/wp\/v2\/pages\/31709\/revisions\/31711"}],"wp:attachment":[{"href":"https:\/\/www.dvc.video\/sk\/wp-json\/wp\/v2\/media?parent=31709"}],"curies":[{"name":"wp","href":"https:\/\/api.w.org\/{rel}","templated":true}]}}