{"id":20337,"date":"2021-04-22T08:29:37","date_gmt":"2021-04-22T06:29:37","guid":{"rendered":"https:\/\/www.dvc.video\/impressum\/"},"modified":"2025-03-03T09:52:26","modified_gmt":"2025-03-03T08:52:26","slug":"impressum","status":"publish","type":"page","link":"https:\/\/www.dvc.video\/sk\/impressum\/","title":{"rendered":"Impressum"},"content":{"rendered":"<p>[et_pb_section fb_built=&#8220;1&#8243; _builder_version=&#8220;4.20.2&#8243; _module_preset=&#8220;default&#8220; background_enable_color=&#8220;off&#8220; background_image=&#8220;https:\/\/www.dvc.video\/wp-content\/uploads\/2021\/03\/bcg-red-triangle.jpg&#8220; height_last_edited=&#8220;off|desktop&#8220; custom_padding=&#8220;34px||34px||true|false&#8220; global_module=&#8220;793&#8243; saved_tabs=&#8220;all&#8220; global_colors_info=&#8220;{}&#8220;][et_pb_row _builder_version=&#8220;4.16&#8243; _module_preset=&#8220;default&#8220; global_colors_info=&#8220;{}&#8220;][et_pb_column type=&#8220;4_4&#8243; _builder_version=&#8220;4.16&#8243; _module_preset=&#8220;default&#8220; global_colors_info=&#8220;{}&#8220;][et_pb_text _builder_version=&#8220;4.20.0&#8243; _dynamic_attributes=&#8220;content&#8220; _module_preset=&#8220;default&#8220; header_text_color=&#8220;#FFFFFF&#8220; header_line_height=&#8220;1.3em&#8220; header_font_size_tablet=&#8220;&#8220; header_font_size_phone=&#8220;&#8220; header_font_size_last_edited=&#8220;on|desktop&#8220; global_colors_info=&#8220;{}&#8220;]@ET-DC@eyJkeW5hbWljIjp0cnVlLCJjb250ZW50IjoicG9zdF90aXRsZSIsInNldHRpbmdzIjp7ImJlZm9yZSI6IjxoMT4iLCJhZnRlciI6IjxcL2gxPiJ9fQ==@[\/et_pb_text][\/et_pb_column][\/et_pb_row][\/et_pb_section][et_pb_section fb_built=&#8220;1&#8243; _builder_version=&#8220;4.16&#8243; _module_preset=&#8220;default&#8220; global_colors_info=&#8220;{}&#8220;][et_pb_row column_structure=&#8220;1_2,1_2&#8243; _builder_version=&#8220;4.16&#8243; _module_preset=&#8220;default&#8220; global_colors_info=&#8220;{}&#8220;][et_pb_column type=&#8220;1_2&#8243; _builder_version=&#8220;4.16&#8243; _module_preset=&#8220;default&#8220; global_colors_info=&#8220;{}&#8220;][et_pb_text _builder_version=&#8220;4.25.0&#8243; _module_preset=&#8220;default&#8220; header_2_font_size=&#8220;20px&#8220; header_2_line_height=&#8220;1.3em&#8220; global_colors_info=&#8220;{}&#8220;]<\/p>\n<h2>Centr\u00e1la<\/h2>\n<p>Alarm automatika d.o.o.<br \/>Dra\u017eice 123c (Zamet)<br \/>51000 Rijeka<br \/>Chorv\u00e1tsko<\/p>\n<p>[\/et_pb_text][et_pb_text _builder_version=&#8220;4.27.4&#8243; _module_preset=&#8220;default&#8220; header_2_font_size=&#8220;20px&#8220; header_2_line_height=&#8220;1.3em&#8220; hover_enabled=&#8220;0&#8243; global_colors_info=&#8220;{}&#8220; sticky_enabled=&#8220;0&#8243;]<\/p>\n<h2>Kancel\u00e1ria<\/h2>\n<p>ALARM AUTOMATIKA s. r. o.<br \/>Studen\u00e1 5<br \/>821 04  Bratislava &#8211; mestsk\u00e1 \u010das\u0165 Ru\u017einov<\/p>\n<p>[\/et_pb_text][\/et_pb_column][et_pb_column type=&#8220;1_2&#8243; _builder_version=&#8220;4.16&#8243; _module_preset=&#8220;default&#8220; global_colors_info=&#8220;{}&#8220;][et_pb_text _builder_version=&#8220;4.16&#8243; _module_preset=&#8220;default&#8220; header_2_font_size=&#8220;20px&#8220; header_2_line_height=&#8220;1.3em&#8220; global_colors_info=&#8220;{}&#8220;]IBAN: SK89 1111 0000 0016 5953 3002<br \/>\nSWIFT: UNCRSKBX<\/p>\n<p>I\u010cO: 53626079<br \/>\nDI\u010c: 2121431059<br \/>\nI\u010c DPH: SK2121431059[\/et_pb_text][\/et_pb_column][\/et_pb_row][\/et_pb_section]<\/p>\n","protected":false},"excerpt":{"rendered":"<p>Centr\u00e1la Alarm automatika d.o.o.Dra\u017eice 123c (Zamet)51000 RijekaChorv\u00e1tskoKancel\u00e1ria ALARM AUTOMATIKA s. r. o.Studen\u00e1 5821 04 Bratislava &#8211; mestsk\u00e1 \u010das\u0165 Ru\u017einovIBAN: SK89 1111 0000 0016 5953 3002 SWIFT: UNCRSKBX I\u010cO: 53626079 DI\u010c: 2121431059 I\u010c DPH: SK2121431059<\/p>\n","protected":false},"author":9,"featured_media":0,"parent":0,"menu_order":0,"comment_status":"closed","ping_status":"closed","template":"","meta":{"_et_pb_use_builder":"on","_et_pb_old_content":"","_et_gb_content_width":"","footnotes":""},"class_list":["post-20337","page","type-page","status-publish","hentry"],"_links":{"self":[{"href":"https:\/\/www.dvc.video\/sk\/wp-json\/wp\/v2\/pages\/20337","targetHints":{"allow":["GET"]}}],"collection":[{"href":"https:\/\/www.dvc.video\/sk\/wp-json\/wp\/v2\/pages"}],"about":[{"href":"https:\/\/www.dvc.video\/sk\/wp-json\/wp\/v2\/types\/page"}],"author":[{"embeddable":true,"href":"https:\/\/www.dvc.video\/sk\/wp-json\/wp\/v2\/users\/9"}],"replies":[{"embeddable":true,"href":"https:\/\/www.dvc.video\/sk\/wp-json\/wp\/v2\/comments?post=20337"}],"version-history":[{"count":2,"href":"https:\/\/www.dvc.video\/sk\/wp-json\/wp\/v2\/pages\/20337\/revisions"}],"predecessor-version":[{"id":33557,"href":"https:\/\/www.dvc.video\/sk\/wp-json\/wp\/v2\/pages\/20337\/revisions\/33557"}],"wp:attachment":[{"href":"https:\/\/www.dvc.video\/sk\/wp-json\/wp\/v2\/media?parent=20337"}],"curies":[{"name":"wp","href":"https:\/\/api.w.org\/{rel}","templated":true}]}}