{"id":20331,"date":"2021-03-09T12:14:03","date_gmt":"2021-03-09T11:14:03","guid":{"rendered":"https:\/\/www.dvc.video\/blog\/"},"modified":"2023-11-08T10:05:58","modified_gmt":"2023-11-08T09:05:58","slug":"spravy","status":"publish","type":"page","link":"https:\/\/www.dvc.video\/sk\/spravy\/","title":{"rendered":"Spr\u00e1vy"},"content":{"rendered":"<p>[et_pb_section fb_built=&#8220;1&#8243; _builder_version=&#8220;4.9.2&#8243; _module_preset=&#8220;default&#8220; background_enable_color=&#8220;off&#8220; background_image=&#8220;https:\/\/www.dvc.video\/wp-content\/uploads\/2021\/03\/bcg-red-triangle.jpg&#8220; height_last_edited=&#8220;off|desktop&#8220; global_module=&#8220;793&#8243; global_colors_info=&#8220;{}&#8220;][et_pb_row _builder_version=&#8220;4.16&#8243; _module_preset=&#8220;default&#8220; global_colors_info=&#8220;{}&#8220;][et_pb_column type=&#8220;4_4&#8243; _builder_version=&#8220;4.16&#8243; _module_preset=&#8220;default&#8220; global_colors_info=&#8220;{}&#8220;][et_pb_text _builder_version=&#8220;4.16&#8243; _dynamic_attributes=&#8220;content&#8220; _module_preset=&#8220;default&#8220; header_text_color=&#8220;#FFFFFF&#8220; header_line_height=&#8220;1.3em&#8220; header_font_size_tablet=&#8220;&#8220; header_font_size_phone=&#8220;&#8220; header_font_size_last_edited=&#8220;on|desktop&#8220; global_colors_info=&#8220;{}&#8220;]@ET-DC@eyJkeW5hbWljIjp0cnVlLCJjb250ZW50IjoicG9zdF90aXRsZSIsInNldHRpbmdzIjp7ImJlZm9yZSI6IjxoMT4iLCJhZnRlciI6IjxcL2gxPiJ9fQ==@[\/et_pb_text][\/et_pb_column][\/et_pb_row][\/et_pb_section][et_pb_section fb_built=&#8220;1&#8243; _builder_version=&#8220;4.16&#8243; _module_preset=&#8220;default&#8220; background_color=&#8220;#F9F9F9&#8243; global_colors_info=&#8220;{}&#8220;][et_pb_row _builder_version=&#8220;4.16&#8243; _module_preset=&#8220;default&#8220; global_colors_info=&#8220;{}&#8220;][et_pb_column type=&#8220;4_4&#8243; _builder_version=&#8220;4.16&#8243; _module_preset=&#8220;default&#8220; global_colors_info=&#8220;{}&#8220;][et_pb_blog fullwidth=&#8220;off&#8220; posts_number=&#8220;9&#8243; include_categories=&#8220;all&#8220; meta_date=&#8220;d.m.Y.&#8220; use_manual_excerpt=&#8220;off&#8220; show_author=&#8220;off&#8220; show_categories=&#8220;off&#8220; show_excerpt=&#8220;off&#8220; module_class=&#8220;blog-image-16-9&#8243; _builder_version=&#8220;4.17.4&#8243; _module_preset=&#8220;default&#8220; header_line_height=&#8220;1.3em&#8220; meta_text_color=&#8220;#ED1C24&#8243; meta_font_size=&#8220;12px&#8220; hover_enabled=&#8220;0&#8243; border_style_all=&#8220;none&#8220; global_colors_info=&#8220;{}&#8220; sticky_enabled=&#8220;0&#8243;][\/et_pb_blog][\/et_pb_column][\/et_pb_row][\/et_pb_section][et_pb_section fb_built=&#8220;1&#8243; fullwidth=&#8220;on&#8220; _builder_version=&#8220;4.10.8&#8243; _module_preset=&#8220;default&#8220; global_module=&#8220;722&#8243; saved_tabs=&#8220;all&#8220; global_colors_info=&#8220;{}&#8220;][et_pb_fullwidth_header title=&#8220;Chcete sa sta\u0165 partnerom DVC?&#8220; subhead=&#8220;Sta\u0148te sa s\u00fa\u010das\u0165ou region\u00e1lnej komunity in\u0161talat\u00e9rov a distrib\u00fatorov DVC video monitorovac\u00edch a video interkom rie\u0161en\u00ed!&#8220; button_one_text=&#8220;Kontaktuj n\u00e1s&#8220; button_one_url=&#8220;@ET-DC@eyJkeW5hbWljIjp0cnVlLCJjb250ZW50IjoicG9zdF9saW5rX3VybF9wYWdlIiwic2V0dGluZ3MiOnsicG9zdF9pZCI6IjMwIn19@&#8220; button_two_text=&#8220;Kde k\u00fapi\u0165?&#8220; button_two_url=&#8220;@ET-DC@eyJkeW5hbWljIjp0cnVlLCJjb250ZW50IjoicG9zdF9saW5rX3VybF9wYWdlIiwic2V0dGluZ3MiOnsicG9zdF9pZCI6IjIzNiJ9fQ==@&#8220; header_image_url=&#8220;https:\/\/www.dvc.video\/wp-content\/uploads\/2021\/04\/instalater.png&#8220; image_orientation=&#8220;bottom&#8220; _builder_version=&#8220;4.16&#8243; _dynamic_attributes=&#8220;button_one_url,button_two_url&#8220; _module_preset=&#8220;default&#8220; title_level=&#8220;h2&#8243; title_font_size=&#8220;42px&#8220; title_line_height=&#8220;1.3em&#8220; content_font_size=&#8220;15px&#8220; subhead_font=&#8220;|700|||||||&#8220; subhead_font_size=&#8220;17px&#8220; background_enable_color=&#8220;off&#8220; background_image=&#8220;https:\/\/www.dvc.video\/wp-content\/uploads\/2021\/03\/bcg-red-triangle.jpg&#8220; custom_button_one=&#8220;on&#8220; button_one_text_color=&#8220;#242424&#8243; button_one_bg_color=&#8220;#FFFFFF&#8220; button_one_font=&#8220;|600|||||||&#8220; button_one_use_icon=&#8220;off&#8220; button_one_custom_padding=&#8220;18px|48px|18px|48px|true|true&#8220; custom_button_two=&#8220;on&#8220; button_two_bg_color=&#8220;#FBB040&#8243; button_two_font=&#8220;|600|||||||&#8220; button_two_use_icon=&#8220;off&#8220; button_two_custom_padding=&#8220;18px|48px|18px|48px|true|true&#8220; custom_padding=&#8220;||0px||false|false&#8220; custom_css_logo=&#8220;width: 200px;||padding-bottom: 20px;&#8220; custom_css_title=&#8220;padding-bottom: 20px;&#8220; custom_css_subtitle=&#8220;padding-bottom: 15px;&#8220; global_colors_info=&#8220;{}&#8220; button_one_text_color__hover_enabled=&#8220;on|desktop&#8220; button_one_text_color__hover=&#8220;#FFFFFF&#8220; button_one_bg_color__hover_enabled=&#8220;on|desktop&#8220; button_one_bg_color__hover=&#8220;#9E0B0F&#8220; button_one_bg_enable_color__hover=&#8220;on&#8220; button_two_text_color__hover_enabled=&#8220;on|hover&#8220; button_two_bg_color__hover_enabled=&#8220;on|desktop&#8220; button_two_bg_color__hover=&#8220;#9E0B0F&#8220; button_two_bg_enable_color__hover=&#8220;on&#8220;]<\/p>\n<p>Produkty DVC s\u00fa zalo\u017een\u00e9 na najmodernej\u0161\u00edch technol\u00f3gi\u00e1ch, spo\u013eahliv\u00fdch komponentoch a umo\u017e\u0148uj\u00fa najvy\u0161\u0161\u00ed v\u00fdkon, vhodn\u00e9 pre pou\u017eitie v zariadeniach r\u00f4znych ve\u013ekost\u00ed a \u00fa\u010delov.<\/p>\n<p>[\/et_pb_fullwidth_header][\/et_pb_section]<\/p>\n","protected":false},"excerpt":{"rendered":"<p>Produkty DVC s\u00fa zalo\u017een\u00e9 na najmodernej\u0161\u00edch technol\u00f3gi\u00e1ch, spo\u013eahliv\u00fdch komponentoch a umo\u017e\u0148uj\u00fa najvy\u0161\u0161\u00ed v\u00fdkon, vhodn\u00e9 pre pou\u017eitie v zariadeniach r\u00f4znych ve\u013ekost\u00ed a \u00fa\u010delov.<\/p>\n","protected":false},"author":9,"featured_media":0,"parent":0,"menu_order":0,"comment_status":"closed","ping_status":"closed","template":"","meta":{"_et_pb_use_builder":"on","_et_pb_old_content":"","_et_gb_content_width":"","footnotes":""},"class_list":["post-20331","page","type-page","status-publish","hentry"],"_links":{"self":[{"href":"https:\/\/www.dvc.video\/sk\/wp-json\/wp\/v2\/pages\/20331","targetHints":{"allow":["GET"]}}],"collection":[{"href":"https:\/\/www.dvc.video\/sk\/wp-json\/wp\/v2\/pages"}],"about":[{"href":"https:\/\/www.dvc.video\/sk\/wp-json\/wp\/v2\/types\/page"}],"author":[{"embeddable":true,"href":"https:\/\/www.dvc.video\/sk\/wp-json\/wp\/v2\/users\/9"}],"replies":[{"embeddable":true,"href":"https:\/\/www.dvc.video\/sk\/wp-json\/wp\/v2\/comments?post=20331"}],"version-history":[{"count":2,"href":"https:\/\/www.dvc.video\/sk\/wp-json\/wp\/v2\/pages\/20331\/revisions"}],"predecessor-version":[{"id":24708,"href":"https:\/\/www.dvc.video\/sk\/wp-json\/wp\/v2\/pages\/20331\/revisions\/24708"}],"wp:attachment":[{"href":"https:\/\/www.dvc.video\/sk\/wp-json\/wp\/v2\/media?parent=20331"}],"curies":[{"name":"wp","href":"https:\/\/api.w.org\/{rel}","templated":true}]}}