{"id":20328,"date":"2021-03-09T11:23:32","date_gmt":"2021-03-09T10:23:32","guid":{"rendered":"https:\/\/www.dvc.video\/video-interkomy\/"},"modified":"2023-04-25T10:37:10","modified_gmt":"2023-04-25T08:37:10","slug":"video-interkomy","status":"publish","type":"page","link":"https:\/\/www.dvc.video\/sk\/video-interkomy\/","title":{"rendered":"Video interkomy"},"content":{"rendered":"<p>[et_pb_section fb_built=&#8220;1&#8243; _builder_version=&#8220;4.20.2&#8243; _module_preset=&#8220;default&#8220; background_enable_color=&#8220;off&#8220; background_image=&#8220;https:\/\/www.dvc.video\/wp-content\/uploads\/2021\/03\/bcg-red-triangle.jpg&#8220; height=&#8220;150px&#8220; height_last_edited=&#8220;off|desktop&#8220; custom_padding=&#8220;34px||34px||true|false&#8220; global_module=&#8220;793&#8243; saved_tabs=&#8220;all&#8220; global_colors_info=&#8220;{}&#8220;][et_pb_row _builder_version=&#8220;4.16&#8243; _module_preset=&#8220;default&#8220; global_colors_info=&#8220;{}&#8220;][et_pb_column type=&#8220;4_4&#8243; _builder_version=&#8220;4.16&#8243; _module_preset=&#8220;default&#8220; global_colors_info=&#8220;{}&#8220;][et_pb_text _builder_version=&#8220;4.20.0&#8243; _dynamic_attributes=&#8220;content&#8220; _module_preset=&#8220;default&#8220; header_text_color=&#8220;#FFFFFF&#8220; header_line_height=&#8220;1.3em&#8220; header_font_size_tablet=&#8220;&#8220; header_font_size_phone=&#8220;&#8220; header_font_size_last_edited=&#8220;on|desktop&#8220; global_colors_info=&#8220;{}&#8220;]@ET-DC@eyJkeW5hbWljIjp0cnVlLCJjb250ZW50IjoicG9zdF90aXRsZSIsInNldHRpbmdzIjp7ImJlZm9yZSI6IjxoMT4iLCJhZnRlciI6IjxcL2gxPiJ9fQ==@[\/et_pb_text][\/et_pb_column][\/et_pb_row][\/et_pb_section][et_pb_section fb_built=&#8220;1&#8243; _builder_version=&#8220;4.16&#8243; _module_preset=&#8220;default&#8220; global_colors_info=&#8220;{}&#8220;][et_pb_row _builder_version=&#8220;4.16&#8243; _module_preset=&#8220;default&#8220; global_colors_info=&#8220;{}&#8220;][et_pb_column type=&#8220;4_4&#8243; _builder_version=&#8220;4.16&#8243; _module_preset=&#8220;default&#8220; global_colors_info=&#8220;{}&#8220;][et_pb_text _builder_version=&#8220;4.20.2&#8243; _module_preset=&#8220;default&#8220; hover_enabled=&#8220;0&#8243; global_colors_info=&#8220;{}&#8220; sticky_enabled=&#8220;0&#8243;]<\/p>\n<p>Rada videovr\u00e1tnikov DVC pon\u00faka ucelen\u00fd rad produktov, ktor\u00e9 u\u017e\u00edvate\u013eovi poskytn\u00fa praktick\u00fa a jednoduch\u00fa obojsmern\u00fa audio a video komunik\u00e1ciu. Vyberte si z na\u0161ej produktovej rady vysokov\u00fdkonn\u00fdch IP alebo 2-vodi\u010dov\u00fdch videovr\u00e1tnikov, ktor\u00e9 sa prisp\u00f4sobia ka\u017edej aplik\u00e1cii. <\/p>\n<p>[\/et_pb_text][et_pb_text _builder_version=&#8220;4.20.2&#8243; _module_preset=&#8220;default&#8220; hover_enabled=&#8220;0&#8243; global_colors_info=&#8220;{}&#8220; sticky_enabled=&#8220;0&#8243;]<\/p>\n<h2>IP video interkomov\u00e9 syst\u00e9my<\/h2>\n<p>Syst\u00e9m DVC IP videovr\u00e1tnika je stabiln\u00fd, prisp\u00f4sobiv\u00fd, ekonomick\u00fd a \u013eahko sa in\u0161taluje a pou\u017e\u00edva.<\/p>\n<ul>\n<li>Wi-Fi pripojenie<\/li>\n<li>Preh\u013ead kamier IP<\/li>\n<li>Integr\u00e1cia s fotoapar\u00e1tmi takmer v\u0161etk\u00fdch v\u00fdrobcov<\/li>\n<li>\u0160tvorit\u00fd poh\u013ead a obraz v obraze<\/li>\n<li>Presmerujte hovor do aplik\u00e1cie<\/li>\n<\/ul>\n<p>IP videovr\u00e1tnik je vhodn\u00fd pre mal\u00e9, stredn\u00e9 a ve\u013ek\u00e9 in\u0161tal\u00e1cie, od rodinn\u00fdch domov a v\u00edl a\u017e po budovy s viacer\u00fdmi vchodmi alebo komplexn\u00e9 syst\u00e9my.<\/p>\n<p>[\/et_pb_text][et_pb_text _builder_version=&#8220;4.20.2&#8243; _module_preset=&#8220;default&#8220; hover_enabled=&#8220;0&#8243; global_colors_info=&#8220;{}&#8220; sticky_enabled=&#8220;0&#8243;]<\/p>\n<h2>2-vodi\u010dov\u00e9 syst\u00e9my videovr\u00e1tnikov<\/h2>\n<p>Jednoduchos\u0165 zapojenia a flexibilita robia z DVC 2-Wire videovr\u00e1tnika kvalitn\u00fa vo\u013ebu pre in\u0161talat\u00e9ra aj koncov\u00e9ho u\u017e\u00edvate\u013ea. Najv\u00e4\u010d\u0161ou v\u00fdhodou pre in\u0161talat\u00e9ra tohto syst\u00e9mu je mo\u017enos\u0165 pou\u017eitia existuj\u00facej, starej in\u0161tal\u00e1cie alebo jednoduchos\u0165 in\u0161tal\u00e1cie novej, \u010do znamen\u00e1 ni\u017e\u0161ie n\u00e1klady pre koncov\u00e9ho u\u017e\u00edvate\u013ea.<\/p>\n<ul>\n<li>Kapacita syst\u00e9mu a\u017e 256 bytov<\/li>\n<li>Jednoduch\u00e1 konfigur\u00e1cia a automatick\u00e1 detekcia prvkov v syst\u00e9me<\/li>\n<li>Pripojenie cez Wi-Fi<\/li>\n<li>\u0160tvorit\u00fd poh\u013ead a obraz v obraze<\/li>\n<li>Presmerujte hovor do aplik\u00e1cie<\/li>\n<\/ul>\n<p>[\/et_pb_text][et_pb_text _builder_version=&#8220;4.20.2&#8243; _module_preset=&#8220;default&#8220; hover_enabled=&#8220;0&#8243; global_colors_info=&#8220;{}&#8220; sticky_enabled=&#8220;0&#8243;]<\/p>\n<h2>Modularita syst\u00e9mu<\/h2>\n<p>Modularita videovr\u00e1tnikov DVC umo\u017e\u0148uje prisp\u00f4sobenie \u0161pecifick\u00fdm prianiam a finan\u010dn\u00fdm mo\u017enostiam u\u017e\u00edvate\u013ea, ako aj jednoduch\u0161ie roz\u0161\u00edrenia v pr\u00edpade potreby.[\/et_pb_text][et_pb_text _builder_version=&#8220;4.20.2&#8243; _module_preset=&#8220;default&#8220; hover_enabled=&#8220;0&#8243; global_colors_info=&#8220;{}&#8220; sticky_enabled=&#8220;0&#8243;]<\/p>\n<h2>Kamery typu FishEye<\/h2>\n<p>V\u00e4\u010d\u0161ina extern\u00fdch jednotiek DVC videodvierok je vybaven\u00e1 \u0161irokouhlou (FishEye) farebnou kamerou, ktor\u00e1 pokr\u00fdva uhol poh\u013eadu 170\u02da (horizont\u00e1lne) a 130\u02da (vertik\u00e1lne). Tieto funkcie uplej\u0161j\u00fajju \u00fatem identifik\u00e1cie os\u00f4b a mijro si v\u0161\u00edmaj\u00fa detaily.<\/p>\n<p>[\/et_pb_text][et_pb_text _builder_version=&#8220;4.20.2&#8243; _module_preset=&#8220;default&#8220; hover_enabled=&#8220;0&#8243; global_colors_info=&#8220;{}&#8220; sticky_enabled=&#8220;0&#8243;]<\/p>\n<h2>Aplik\u00e1cia VDP Connect <\/h2>\n<p>Aplik\u00e1cia VDP umo\u017en\u00ed pou\u017e\u00edvate\u013eovi jednoducho spravova\u0165 syst\u00e9m videovr\u00e1tnika DVC. Pomocou aplik\u00e1cie m\u00f4\u017ee pou\u017e\u00edvate\u013e prija\u0165 hovor z externej jednotky, rozpr\u00e1va\u0165 sa s n\u00e1v\u0161tevn\u00edkmi cez mobiln\u00e9 zariadenie a ovl\u00e1da\u0165 odomykanie.<\/p>\n<p>[\/et_pb_text][\/et_pb_column][\/et_pb_row][\/et_pb_section]<\/p>\n","protected":false},"excerpt":{"rendered":"<p>Rada videovr\u00e1tnikov DVC pon\u00faka ucelen\u00fd rad produktov, ktor\u00e9 u\u017e\u00edvate\u013eovi poskytn\u00fa praktick\u00fa a jednoduch\u00fa obojsmern\u00fa audio a video komunik\u00e1ciu. Vyberte si z na\u0161ej produktovej rady vysokov\u00fdkonn\u00fdch IP alebo 2-vodi\u010dov\u00fdch videovr\u00e1tnikov, ktor\u00e9 sa prisp\u00f4sobia ka\u017edej aplik\u00e1cii. IP video interkomov\u00e9 syst\u00e9my Syst\u00e9m DVC IP videovr\u00e1tnika je stabiln\u00fd, prisp\u00f4sobiv\u00fd, ekonomick\u00fd a \u013eahko sa in\u0161taluje a pou\u017e\u00edva. Wi-Fi pripojenie Preh\u013ead [&hellip;]<\/p>\n","protected":false},"author":9,"featured_media":0,"parent":0,"menu_order":0,"comment_status":"closed","ping_status":"closed","template":"","meta":{"_et_pb_use_builder":"on","_et_pb_old_content":"","_et_gb_content_width":"","footnotes":""},"class_list":["post-20328","page","type-page","status-publish","hentry"],"_links":{"self":[{"href":"https:\/\/www.dvc.video\/sk\/wp-json\/wp\/v2\/pages\/20328","targetHints":{"allow":["GET"]}}],"collection":[{"href":"https:\/\/www.dvc.video\/sk\/wp-json\/wp\/v2\/pages"}],"about":[{"href":"https:\/\/www.dvc.video\/sk\/wp-json\/wp\/v2\/types\/page"}],"author":[{"embeddable":true,"href":"https:\/\/www.dvc.video\/sk\/wp-json\/wp\/v2\/users\/9"}],"replies":[{"embeddable":true,"href":"https:\/\/www.dvc.video\/sk\/wp-json\/wp\/v2\/comments?post=20328"}],"version-history":[{"count":0,"href":"https:\/\/www.dvc.video\/sk\/wp-json\/wp\/v2\/pages\/20328\/revisions"}],"wp:attachment":[{"href":"https:\/\/www.dvc.video\/sk\/wp-json\/wp\/v2\/media?parent=20328"}],"curies":[{"name":"wp","href":"https:\/\/api.w.org\/{rel}","templated":true}]}}