{"id":20325,"date":"2021-03-09T11:24:25","date_gmt":"2021-03-09T10:24:25","guid":{"rendered":"https:\/\/www.dvc.video\/obvodova-ochrana\/"},"modified":"2023-03-28T13:22:42","modified_gmt":"2023-03-28T11:22:42","slug":"obvodova-ochrana","status":"publish","type":"page","link":"https:\/\/www.dvc.video\/sk\/obvodova-ochrana\/","title":{"rendered":"Obvodov\u00e1 ochrana"},"content":{"rendered":"<p>[et_pb_section fb_built=&#8220;1&#8243; _builder_version=&#8220;4.9.2&#8243; _module_preset=&#8220;default&#8220; background_enable_color=&#8220;off&#8220; background_image=&#8220;https:\/\/www.dvc.video\/wp-content\/uploads\/2021\/03\/bcg-red-triangle.jpg&#8220; height=&#8220;150px&#8220; height_last_edited=&#8220;off|desktop&#8220; custom_padding=&#8220;0px||0px||true|false&#8220; global_module=&#8220;793&#8243;][et_pb_row _builder_version=&#8220;4.9.2&#8243; _module_preset=&#8220;default&#8220;][et_pb_column type=&#8220;4_4&#8243; _builder_version=&#8220;4.9.2&#8243; _module_preset=&#8220;default&#8220;][et_pb_text _builder_version=&#8220;4.9.7&#8243; _dynamic_attributes=&#8220;content&#8220; _module_preset=&#8220;default&#8220; header_text_color=&#8220;#FFFFFF&#8220; header_line_height=&#8220;1.3em&#8220; header_font_size_tablet=&#8220;&#8220; header_font_size_phone=&#8220;&#8220; header_font_size_last_edited=&#8220;on|desktop&#8220;]@ET-DC@eyJkeW5hbWljIjp0cnVlLCJjb250ZW50IjoicG9zdF90aXRsZSIsInNldHRpbmdzIjp7ImJlZm9yZSI6IjxoMT4iLCJhZnRlciI6IjxcL2gxPiJ9fQ==@[\/et_pb_text][\/et_pb_column][\/et_pb_row][\/et_pb_section][et_pb_section fb_built=&#8220;1&#8243; _builder_version=&#8220;4.9.2&#8243; _module_preset=&#8220;default&#8220;][et_pb_row _builder_version=&#8220;4.9.2&#8243; _module_preset=&#8220;default&#8220;][et_pb_column type=&#8220;4_4&#8243; _builder_version=&#8220;4.9.2&#8243; _module_preset=&#8220;default&#8220;][et_pb_text _builder_version=&#8220;4.9.2&#8243; _module_preset=&#8220;default&#8220;]<\/p>\n<p>Kvalitn\u00e1 a spr\u00e1vne navrhnut\u00e1 obvodov\u00e1 ochrana tvor\u00ed nevidite\u013en\u00fd \u0161t\u00edt vonkaj\u0161ieho povrchu chr\u00e1nen\u00e9ho priestoru. Cie\u013eom perimetrickej ochrany je prvotne zabr\u00e1ni\u0165 ne\u017eelan\u00e9mu n\u00e1v\u0161tevn\u00edkovi e\u0161te predt\u00fdm, ne\u017e d\u00f4jde ku \u0161kodlivej udalosti.<\/p>\n<p>Kamery DVC IP Perimeter Protection s\u00fa s\u00fa\u010das\u0165ou rady Special IP ur\u010denej na ochranu dvora, z\u00e1hrady alebo terasy. S\u00fa tie\u017e spo\u013eahlivou vo\u013ebou na ochranu okolia priemyseln\u00e9ho alebo obchodn\u00e9ho komplexu, parkoviska, firmy alebo z\u00e1vodu.<\/p>\n<p>[\/et_pb_text][et_pb_video src=&#8220;https:\/\/youtu.be\/-GdVxgZMIdE&#8220; _builder_version=&#8220;4.9.4&#8243; _module_preset=&#8220;default&#8220; width=&#8220;50%&#8220; width_tablet=&#8220;100%&#8220; width_phone=&#8220;&#8220; width_last_edited=&#8220;on|tablet&#8220; module_alignment=&#8220;center&#8220; module_alignment_last_edited=&#8220;off|desktop&#8220;][\/et_pb_video][et_pb_text _builder_version=&#8220;4.9.2&#8243; _module_preset=&#8220;default&#8220;]<\/p>\n<h2>Technick\u00e9 vlastnosti<\/h2>\n<ul>\n<li>5 Mpx<\/li>\n<li>Motorizovan\u00fd objekt\u00edv<\/li>\n<li>slot na SD kartu<\/li>\n<li>Alarm LED sveteln\u00fd sign\u00e1l a zvukov\u00e9 upozornenie cez vstavan\u00fd reproduktor<\/li>\n<\/ul>\n<p>[\/et_pb_text][\/et_pb_column][\/et_pb_row][\/et_pb_section]<\/p>\n","protected":false},"excerpt":{"rendered":"<p>Kvalitn\u00e1 a spr\u00e1vne navrhnut\u00e1 obvodov\u00e1 ochrana tvor\u00ed nevidite\u013en\u00fd \u0161t\u00edt vonkaj\u0161ieho povrchu chr\u00e1nen\u00e9ho priestoru. Cie\u013eom perimetrickej ochrany je prvotne zabr\u00e1ni\u0165 ne\u017eelan\u00e9mu n\u00e1v\u0161tevn\u00edkovi e\u0161te predt\u00fdm, ne\u017e d\u00f4jde ku \u0161kodlivej udalosti. Kamery DVC IP Perimeter Protection s\u00fa s\u00fa\u010das\u0165ou rady Special IP ur\u010denej na ochranu dvora, z\u00e1hrady alebo terasy. S\u00fa tie\u017e spo\u013eahlivou vo\u013ebou na ochranu okolia priemyseln\u00e9ho alebo obchodn\u00e9ho [&hellip;]<\/p>\n","protected":false},"author":9,"featured_media":0,"parent":0,"menu_order":0,"comment_status":"closed","ping_status":"closed","template":"","meta":{"_et_pb_use_builder":"on","_et_pb_old_content":"","_et_gb_content_width":"","footnotes":""},"class_list":["post-20325","page","type-page","status-publish","hentry"],"_links":{"self":[{"href":"https:\/\/www.dvc.video\/sk\/wp-json\/wp\/v2\/pages\/20325","targetHints":{"allow":["GET"]}}],"collection":[{"href":"https:\/\/www.dvc.video\/sk\/wp-json\/wp\/v2\/pages"}],"about":[{"href":"https:\/\/www.dvc.video\/sk\/wp-json\/wp\/v2\/types\/page"}],"author":[{"embeddable":true,"href":"https:\/\/www.dvc.video\/sk\/wp-json\/wp\/v2\/users\/9"}],"replies":[{"embeddable":true,"href":"https:\/\/www.dvc.video\/sk\/wp-json\/wp\/v2\/comments?post=20325"}],"version-history":[{"count":0,"href":"https:\/\/www.dvc.video\/sk\/wp-json\/wp\/v2\/pages\/20325\/revisions"}],"wp:attachment":[{"href":"https:\/\/www.dvc.video\/sk\/wp-json\/wp\/v2\/media?parent=20325"}],"curies":[{"name":"wp","href":"https:\/\/api.w.org\/{rel}","templated":true}]}}