{"id":20319,"date":"2021-03-04T14:02:51","date_gmt":"2021-03-04T13:02:51","guid":{"rendered":"https:\/\/www.dvc.video\/zasady-ochrany-osobnych-udajov\/"},"modified":"2023-03-28T13:06:53","modified_gmt":"2023-03-28T11:06:53","slug":"zasady-ochrany-osobnych-udajov","status":"publish","type":"page","link":"https:\/\/www.dvc.video\/sk\/zasady-ochrany-osobnych-udajov\/","title":{"rendered":"Z\u00e1sady ochrany osobn\u00fdch \u00fadajov"},"content":{"rendered":"<p>[et_pb_section fb_built=&#8220;1&#8243; _builder_version=&#8220;4.9.2&#8243; _module_preset=&#8220;default&#8220; background_enable_color=&#8220;off&#8220; background_image=&#8220;https:\/\/www.dvc.video\/wp-content\/uploads\/2021\/03\/bcg-red-triangle.jpg&#8220; height=&#8220;150px&#8220; height_last_edited=&#8220;off|desktop&#8220; custom_padding=&#8220;0px||0px||true|false&#8220; global_module=&#8220;793&#8243;][et_pb_row _builder_version=&#8220;4.9.2&#8243; _module_preset=&#8220;default&#8220;][et_pb_column type=&#8220;4_4&#8243; _builder_version=&#8220;4.9.2&#8243; _module_preset=&#8220;default&#8220;][et_pb_text _builder_version=&#8220;4.9.7&#8243; _dynamic_attributes=&#8220;content&#8220; _module_preset=&#8220;default&#8220; header_text_color=&#8220;#FFFFFF&#8220; header_line_height=&#8220;1.3em&#8220; header_font_size_tablet=&#8220;&#8220; header_font_size_phone=&#8220;&#8220; header_font_size_last_edited=&#8220;on|desktop&#8220;]@ET-DC@eyJkeW5hbWljIjp0cnVlLCJjb250ZW50IjoicG9zdF90aXRsZSIsInNldHRpbmdzIjp7ImJlZm9yZSI6IjxoMT4iLCJhZnRlciI6IjxcL2gxPiJ9fQ==@[\/et_pb_text][\/et_pb_column][\/et_pb_row][\/et_pb_section][et_pb_section fb_built=&#8220;1&#8243; _builder_version=&#8220;4.9.4&#8243; _module_preset=&#8220;default&#8220;][et_pb_row _builder_version=&#8220;4.9.4&#8243; _module_preset=&#8220;default&#8220;][et_pb_column type=&#8220;4_4&#8243; _builder_version=&#8220;4.9.4&#8243; _module_preset=&#8220;default&#8220;][et_pb_text _builder_version=&#8220;4.9.4&#8243; _module_preset=&#8220;default&#8220; header_2_font_size=&#8220;30px&#8220; header_2_line_height=&#8220;1.3em&#8220;]<\/p>\n<h2>Povinnos\u0165 zachov\u00e1va\u0165 d\u00f4vernos\u0165 \u00fadajov<\/h2>\n<p>Pre spolo\u010dnos\u0165 Alarm Automatika je ochrana bezpe\u010dnosti a s\u00fakromia osobn\u00fdch \u00fadajov d\u00f4le\u017eit\u00e1; preto s nimi naklad\u00e1 v s\u00falade s platn\u00fdmi z\u00e1konmi o ochrane a bezpe\u010dnosti \u00fadajov.<\/p>\n<p>Ni\u017e\u0161ie uv\u00e1dzame, ktor\u00e9 \u00fadaje m\u00f4\u017ee Alarm automatika zhroma\u017e\u010fova\u0165, ako tieto \u00fadaje pou\u017e\u00edva a uchov\u00e1va a komu ich mo\u017eno odovzda\u0165.<\/p>\n<h2>Osobn\u00e9 \u00fadaje<\/h2>\n<p>Alarm automatika nebude zhroma\u017e\u010fova\u0165 \u017eiadne osobn\u00e9 \u00fadaje prostredn\u00edctvom na\u0161ich webov\u00fdch str\u00e1nok (ako je va\u0161e meno, adresa, telef\u00f3nne \u010d\u00edslo alebo e-mailov\u00e1 adresa), pokia\u013e ich neposkytnete dobrovo\u013ene (napr\u00edklad prostredn\u00edctvom prihl\u00e1senia alebo vyplnenia ankety); ak d\u00e1te svoj s\u00fahlas alebo ak tak\u00e9to konanie povo\u013euj\u00fa platn\u00e9 z\u00e1kony a predpisy na ochranu osobn\u00fdch \u00fadajov.<\/p>\n<h2>\u00da\u010del<\/h2>\n<p>Odoslan\u00edm va\u0161ich osobn\u00fdch \u00fadajov s\u00fahlas\u00edte s t\u00fdm, \u017ee ich m\u00f4\u017eeme pou\u017ei\u0165 na zodpovedanie va\u0161ej ot\u00e1zky, spracovanie va\u0161ej objedn\u00e1vky alebo poskytnutie pr\u00edstupu ku konkr\u00e9tnym inform\u00e1ci\u00e1m alebo ponuk\u00e1m. Okrem toho, ak chceme nadviaza\u0165 vz\u0165ah s vami ako pr\u00edjemcom:<\/p>\n<ul>\n<li>m\u00f4\u017eeme uchov\u00e1va\u0165 a spracov\u00e1va\u0165 va\u0161e osobn\u00e9 \u00fadaje, aby sme lep\u0161ie porozumeli va\u0161im obchodn\u00fdm potreb\u00e1m a na\u0161li sp\u00f4soby, ako zlep\u0161i\u0165 na\u0161e produkty a slu\u017eby;<\/li>\n<li>osobn\u00e9 \u00fadaje m\u00f4\u017eeme pou\u017ei\u0165 na to, aby sme v\u00e1s kontaktovali v s\u00favislosti s ponukami spolo\u010dnosti Alarm Automatika, na podporu va\u0161ich obchodn\u00fdch potrieb alebo<\/li>\n<li>vykon\u00e1va\u0165 online prieskumy, ktor\u00e9 by n\u00e1m pomohli lep\u0161ie pochopi\u0165 potreby z\u00e1kazn\u00edkov.<\/li>\n<\/ul>\n<p>Ak si ne\u017eel\u00e1te, aby boli va\u0161e osobn\u00e9 \u00fadaje pou\u017eit\u00e9 na podporu procesov vz\u0165ahov so z\u00e1kazn\u00edkmi (najm\u00e4 na priamy marketing alebo prieskum trhu), budeme re\u0161pektova\u0165 va\u0161u vo\u013ebu. Va\u0161e osobn\u00e9 \u00fadaje nepred\u00e1vame ani neposielame tret\u00edm stran\u00e1m.<\/p>\n<h2>Obmedzenie \u00fa\u010delu<\/h2>\n<p>Alarm automatika bude zhroma\u017e\u010fova\u0165, pou\u017e\u00edva\u0165 alebo zverej\u0148ova\u0165 osobn\u00e9 \u00fadaje, ktor\u00e9 ste poskytli, iba na \u00fa\u010dely, ktor\u00e9 pozn\u00e1te, pokia\u013e tak\u00e9to zverejnenie nebude:<\/p>\n<ul>\n<li>na pou\u017eitie osobn\u00fdch \u00fadajov na in\u00e9 \u00fa\u010dely, ktor\u00e9 priamo s\u00favisia s p\u00f4vodn\u00fdm \u00fa\u010delom, na ktor\u00fd boli osobn\u00e9 \u00fadaje zhroma\u017eden\u00e9,<\/li>\n<li>potrebn\u00e9 na pr\u00edpravu, rokovanie a plnenie zmluvy s vami,<\/li>\n<li>vy\u017eaduje to z\u00e1kon alebo to vy\u017eaduj\u00fa pr\u00edslu\u0161n\u00e9 \u0161t\u00e1tne alebo s\u00fadne org\u00e1ny,<\/li>\n<li>potrebn\u00e9 na vedenie s\u00fadneho alebo in\u00e9ho konania<\/li>\n<li>nevyhnutn\u00e9 na zabr\u00e1nenie podvodom alebo in\u00fdm nez\u00e1konn\u00fdm \u010dinnostiam v syst\u00e9moch informa\u010dn\u00fdch technol\u00f3gi\u00ed (IT) spolo\u010dnosti Alarm automatika<\/li>\n<\/ul>\n<h2>\u00dadaje o komunik\u00e1cii alebo pou\u017e\u00edvan\u00ed<\/h2>\n<p>Pou\u017e\u00edvan\u00edm telekomunika\u010dn\u00fdch slu\u017eieb na pr\u00edstup k str\u00e1nkam na\u0161ej siete sa va\u0161e komunika\u010dn\u00e9 \u00fadaje (napr. IP adresa) alebo \u00fadaje o pou\u017e\u00edvan\u00ed (napr. inform\u00e1cie o za\u010diatku, konci a rozsahu ka\u017ed\u00e9ho pr\u00edstupu alebo inform\u00e1cie o telekomunika\u010dnej slu\u017ebe, ku ktor\u00fdm ste pristupovali) technicky generuj\u00fa a potenci\u00e1lne m\u00f4\u017eu odkazova\u0165 na osobn\u00e9 \u00fadaje. V pr\u00edpade nevyhnutnej potreby bud\u00fa va\u0161e komunika\u010dn\u00e9 \u00fadaje alebo \u00fadaje o pou\u017e\u00edvan\u00ed zhroma\u017e\u010fovan\u00e9, spracov\u00e1van\u00e9 a pou\u017e\u00edvan\u00e9 v s\u00falade s platn\u00fdm pr\u00e1vnym r\u00e1mcom pre ochranu a bezpe\u010dnos\u0165 \u00fadajov.<\/p>\n<h2>Neosobn\u00e9 \u00fadaje zbieran\u00e9 automaticky<\/h2>\n<p>Ke\u010f pristupujete na na\u0161e webov\u00e9 str\u00e1nky, m\u00f4\u017eeme automaticky (tj nie prihl\u00e1sen\u00edm) zhroma\u017e\u010fova\u0165 neosobn\u00e9 \u00fadaje (ako je typ internetov\u00e9ho prehliada\u010da a opera\u010dn\u00e9ho syst\u00e9mu, ktor\u00fd pou\u017e\u00edvate, n\u00e1zov dom\u00e9ny siete, z ktorej ste pristupovali, po\u010det n\u00e1v\u0161tev, priemern\u00fd \u010das str\u00e1ven\u00fd na str\u00e1nkach, zoznam zobrazen\u00fdch str\u00e1nok at\u010f.). Tieto \u00fadaje m\u00f4\u017eu by\u0165 pou\u017eit\u00e9 a vymie\u0148an\u00e9 na sledovanie n\u00e1v\u0161tevnosti na\u0161ich webov\u00fdch str\u00e1nok a zlep\u0161enie ich pr\u00e1ce alebo obsahu.<\/p>\n<h2>Cookies \u2013 inform\u00e1cie, ktor\u00e9 sa automaticky ukladaj\u00fa do v\u00e1\u0161ho po\u010d\u00edta\u010da<\/h2>\n<p>Ke\u010f si prezer\u00e1te na\u0161e webov\u00e9 str\u00e1nky, m\u00f4\u017eeme vo va\u0161om po\u010d\u00edta\u010di ulo\u017ei\u0165 niektor\u00e9 \u00fadaje vo forme s\u00faboru cookie, aby sme automaticky identifikovali v\u00e1\u0161 po\u010d\u00edta\u010d pri \u010fal\u0161ej n\u00e1v\u0161teve. S\u00fabory cookie n\u00e1m m\u00f4\u017eu pom\u00f4c\u0165 r\u00f4znymi sp\u00f4sobmi, napr\u00edklad lep\u0161ie prisp\u00f4sobi\u0165 na\u0161e webov\u00e9 str\u00e1nky va\u0161im z\u00e1ujmom alebo ulo\u017ei\u0165 va\u0161e heslo tak, ako by sa nemuselo zaka\u017ed\u00fdm zad\u00e1va\u0165. Ak nechcete dost\u00e1va\u0165 s\u00fabory cookie, mus\u00edte v nastaveniach prehliada\u010da vymaza\u0165 s\u00fabory cookie z pevn\u00e9ho disku po\u010d\u00edta\u010da, zablokova\u0165 v\u0161etky s\u00fabory cookie alebo si nastavi\u0165 upozornenie pred ulo\u017een\u00edm s\u00faboru cookie.<\/p>\n<h2>Bezpe\u010dnos\u0165 osobn\u00fdch \u00fadajov<\/h2>\n<p>Na ochranu osobn\u00fdch \u00fadajov pred n\u00e1hodn\u00fdm alebo nez\u00e1konn\u00fdm zni\u010den\u00edm, stratou alebo zmenou a pred neopr\u00e1vnen\u00fdm zverejnen\u00edm alebo pr\u00edstupom Alarm automatika prij\u00edma technick\u00e9 a organiza\u010dn\u00e9 bezpe\u010dnostn\u00e9 opatrenia.<\/p>\n<h2>Odkazy na in\u00e9 webov\u00e9 str\u00e1nky<\/h2>\n<p>Str\u00e1nky siete Alarm automatika obsahuj\u00fa odkazy na in\u00e9 webov\u00e9 str\u00e1nky a nezodpoved\u00e1me za s\u00fakromie alebo obsah in\u00fdch webov\u00fdch str\u00e1nok.<\/p>\n<h2>Ot\u00e1zky a koment\u00e1re<\/h2>\n<p>Alarm automatika odpovie na od\u00f4vodnen\u00e9 \u017eiadosti na kontrolu osobn\u00fdch \u00fadajov a opravu, doplnenie alebo vymazanie nepresn\u00fdch \u00fadajov. Pravidelne kontrolujte t\u00fato str\u00e1nku, aby ste z\u00edskali v\u0161etky aktu\u00e1lne inform\u00e1cie.<\/p>\n<h2>Registr\u00e1cia pou\u017e\u00edvate\u013ea<\/h2>\n<p>Registr\u00e1ciou d\u00e1va u\u017e\u00edvate\u013e osobn\u00fd s\u00fahlas na zhroma\u017e\u010fovanie, pou\u017e\u00edvanie, spracovanie a prenos svojich osobn\u00fdch \u00fadajov. Registrova\u0165 sa m\u00f4\u017ee iba dospel\u00e1 osoba.<\/p>\n<h2>S\u00fahlas<\/h2>\n<p>Pou\u017e\u00edvate\u013e v\u00fdberom mo\u017enosti \u201eS\u00fahlas\u00edm s podmienkami pou\u017e\u00edvania\u201c pri registr\u00e1cii d\u00e1va osobn\u00fd s\u00fahlas so zhroma\u017e\u010fovan\u00edm, pou\u017e\u00edvan\u00edm, spracovan\u00edm a prenosom osobn\u00fdch \u00fadajov potrebn\u00fdch na pou\u017e\u00edvanie na\u0161ej webovej str\u00e1nky, vr\u00e1tane (ale nie v\u00fdlu\u010dne) :<\/p>\n<ul>\n<li>s\u00fahlas s t\u00fdm, \u017ee pred\u00e1vaj\u00faci m\u00f4\u017ee v s\u00falade s ustanoveniami z\u00e1kona o ochrane osobn\u00fdch \u00fadajov sprac\u00fava\u0165 osobn\u00e9 \u00fadaje na \u00fa\u010dely vytv\u00e1rania vlastnej evidencie a \u0161tatistick\u00fdch \u00fadajov, potreby vytv\u00e1rania datab\u00e1z z\u00e1kazn\u00edkov, inform\u00e1ci\u00ed o produktoch a slu\u017eb\u00e1ch, inform\u00e1ci\u00ed o doru\u010den\u00ed, pre \u00fa\u010dely doru\u010dovania propaga\u010dn\u00fdch materi\u00e1lov, zlep\u0161enie vz\u0165ahov so z\u00e1kazn\u00edkmi a zlep\u0161enie slu\u017eieb. Tieto \u00fadaje m\u00f4\u017ee pred\u00e1vaj\u00faci poskytn\u00fa\u0165 tret\u00edm osob\u00e1m za \u00fa\u010delom poskytovania slu\u017eieb, ochrany z\u00e1ujmov u\u017e\u00edvate\u013ea aj pred\u00e1vaj\u00faceho a predch\u00e1dzania mo\u017en\u00e9mu zneu\u017eitiu;<\/li>\n<li>potreba lep\u0161ieho preh\u013eadu a pochopenia individu\u00e1lnych potrieb a po\u017eiadaviek u\u017e\u00edvate\u013eov ako aj rozvoj \u010do najlep\u0161ej kvality v\u0161etk\u00fdch slu\u017eieb pred\u00e1vaj\u00faceho, \u010do m\u00e1 za n\u00e1sledok zv\u00fd\u0161enie spokojnosti z\u00e1kazn\u00edka;<\/li>\n<li>s\u00fahlas, ktor\u00fdm m\u00f4\u017ee by\u0165 pred\u00e1vaj\u00facim kontaktovan\u00fd p\u00edsomne, telefonicky, SMS a\/alebo elektronickou po\u0161tou a doru\u010di\u0165 mu na adresu bydliska materi\u00e1ly s inform\u00e1ciami o nov\u00fdch ponuk\u00e1ch a v\u00fdhod\u00e1ch; poskytovanie \u00fadajov tret\u00edm stran\u00e1m potrebn\u00fdm na splnenie vy\u0161\u0161ie uveden\u00fdch \u00fa\u010delov.<\/li>\n<\/ul>\n<p>Vlastn\u00edkom zberu va\u0161ich osobn\u00fdch \u00fadajov je spolo\u010dnos\u0165 Alarm automatika, Dra\u017eice 123c ( Zamet ), Rijeka.<\/p>\n<p>Pod\u013ea \u00a7 7 z\u00e1kona o ochrane osobn\u00fdch \u00fadajov m\u00e1 dotknut\u00e1 osoba pr\u00e1vo svoj s\u00fahlas kedyko\u013evek odvola\u0165. Odvolanie s\u00fahlasu nem\u00e1 vplyv na z\u00e1konnos\u0165 sprac\u00favania zalo\u017een\u00e9ho na s\u00fahlase pred jeho odvolan\u00edm. Pred udelen\u00edm s\u00fahlasu mus\u00ed by\u0165 dotknut\u00e1 osoba informovan\u00e1. Odvola\u0165 s\u00fahlas mus\u00ed by\u0165 rovnako jednoduch\u00e9 ako udelenie s\u00fahlasu.<\/p>\n<p>O zru\u0161enie m\u00f4\u017eete po\u017eiada\u0165 osobne v kancel\u00e1ri\u00e1ch Alarm automatika, po\u0161tou na vy\u0161\u0161ie uvedenej adrese alebo e-mailom na <a href=\"mailto:gdpr@alarmautomatika.com\">gdpr@alarmautomatika.com<\/a> .<\/p>\n<p>Po d\u00f4kladnom pre\u010d\u00edtan\u00ed a porozumen\u00ed inform\u00e1ci\u00e1m v tomto Vyhl\u00e1sen\u00ed t\u00fdmto povo\u013eujete, aby Alarm Automatika ako hlavn\u00fd zberate\u013e a pou\u017e\u00edvate\u013e osobn\u00fdch \u00fadajov spracov\u00e1val a pou\u017e\u00edval va\u0161e osobn\u00e9 \u00fadaje zhroma\u017eden\u00e9 na t\u00fdchto webov\u00fdch str\u00e1nkach na u\u013eah\u010denie pr\u00edstupu a iniciat\u00edv pon\u00fakan\u00fdch ich prostredn\u00edctvom na prieskum trhu, zasielanie inform\u00e1ci\u00ed, pon\u00fak a reklamn\u00fdch materi\u00e1lov o nov\u00fdch slu\u017eb\u00e1ch a\/alebo produktoch dostupn\u00fdch v portf\u00f3liu Alarm automatika.<\/p>\n<p>T\u00fdmto v\u00fdslovne prehlasujete, \u017ee m\u00e1te viac ako 18 rokov a svoj s\u00fahlas m\u00f4\u017eete z\u00e1konne udeli\u0165, \u010d\u00edm z\u00e1rove\u0148 potvrdzujete, \u017ee akceptujete Z\u00e1konn\u00e9 podmienky pou\u017e\u00edvania obsahu webovej str\u00e1nky Alarm automatika a Vyhl\u00e1senie o ochrane osobn\u00fdch \u00fadajov na Alarm Automatika, s obsahom ktor\u00e9ho ste sa obozn\u00e1mili.<\/p>\n<p>[\/et_pb_text][\/et_pb_column][\/et_pb_row][\/et_pb_section]<\/p>\n","protected":false},"excerpt":{"rendered":"<p>Povinnos\u0165 zachov\u00e1va\u0165 d\u00f4vernos\u0165 \u00fadajov Pre spolo\u010dnos\u0165 Alarm Automatika je ochrana bezpe\u010dnosti a s\u00fakromia osobn\u00fdch \u00fadajov d\u00f4le\u017eit\u00e1; preto s nimi naklad\u00e1 v s\u00falade s platn\u00fdmi z\u00e1konmi o ochrane a bezpe\u010dnosti \u00fadajov. Ni\u017e\u0161ie uv\u00e1dzame, ktor\u00e9 \u00fadaje m\u00f4\u017ee Alarm automatika zhroma\u017e\u010fova\u0165, ako tieto \u00fadaje pou\u017e\u00edva a uchov\u00e1va a komu ich mo\u017eno odovzda\u0165. Osobn\u00e9 \u00fadaje Alarm automatika nebude zhroma\u017e\u010fova\u0165 [&hellip;]<\/p>\n","protected":false},"author":9,"featured_media":0,"parent":0,"menu_order":0,"comment_status":"closed","ping_status":"closed","template":"","meta":{"_et_pb_use_builder":"on","_et_pb_old_content":"","_et_gb_content_width":"","footnotes":""},"class_list":["post-20319","page","type-page","status-publish","hentry"],"_links":{"self":[{"href":"https:\/\/www.dvc.video\/sk\/wp-json\/wp\/v2\/pages\/20319","targetHints":{"allow":["GET"]}}],"collection":[{"href":"https:\/\/www.dvc.video\/sk\/wp-json\/wp\/v2\/pages"}],"about":[{"href":"https:\/\/www.dvc.video\/sk\/wp-json\/wp\/v2\/types\/page"}],"author":[{"embeddable":true,"href":"https:\/\/www.dvc.video\/sk\/wp-json\/wp\/v2\/users\/9"}],"replies":[{"embeddable":true,"href":"https:\/\/www.dvc.video\/sk\/wp-json\/wp\/v2\/comments?post=20319"}],"version-history":[{"count":0,"href":"https:\/\/www.dvc.video\/sk\/wp-json\/wp\/v2\/pages\/20319\/revisions"}],"wp:attachment":[{"href":"https:\/\/www.dvc.video\/sk\/wp-json\/wp\/v2\/media?parent=20319"}],"curies":[{"name":"wp","href":"https:\/\/api.w.org\/{rel}","templated":true}]}}